{"id":9886,"date":"2022-02-28T10:16:15","date_gmt":"2022-02-28T06:16:15","guid":{"rendered":"https:\/\/tibaba-lareunion.com\/?post_type=product&#038;p=9886"},"modified":"2022-03-05T10:47:42","modified_gmt":"2022-03-05T06:47:42","slug":"polo-sailor-classique-ml","status":"publish","type":"product","link":"https:\/\/tibaba-lareunion.com\/?product=polo-sailor-classique-ml","title":{"rendered":"Polo Classique ML"},"content":{"rendered":"<p>Mati\u00e8re : COTON JERSEY<\/p>\n<p>Couleur : Marini\u00e8re<\/p>\n<p>Le polo marini\u00e8re manche longue: La marini\u00e8re l\u2019intemporelle en version longue manche, de la collection Sacr\u00e9 C\u0153ur agr\u00e9ment\u00e9e de ce col Classique bleu marine, ferm\u00e9 \u00e0 l\u2019avant par trois petits bouton nacr\u00e9. Sur la poitrine avant gauche sera plac\u00e9e fi\u00e8rement le logo de l\u2019\u00e9cole selon la classe de votre enfant !<\/p>\n<p>Petit baba tips : oh\u00e9 matelot ! la marini\u00e8re, se porte pr\u00eat du corps plut\u00f4t ajust\u00e9e pour un effet classique et moderne.<\/p>\n<p>Composition : 100% Coton tisser D\u00e9sign\u00e9 \u00e0 la R\u00e9union par Mme Servan la Directrice et M. Sgro le Papa d\u2019Ang\u00e9lina. Fabriqu\u00e9 \u00e0 L\u2019\u00eele Maurice Lavage machine \u00e0 40 degr\u00e9 et \u00e0 l\u2019envers.<\/p>\n<p>Livraison : Votre commande pourra \u00eatre livr\u00e9e directement chez vous via La Poste en 2-3 jours ouvr\u00e9s. Vous pouvez \u00e9galement retirer votre commande \u00e0 la Boutique Ti Baba au 50 rue Jules Auber \u00e0 St Denis (un e-mail vous sera envoy\u00e9 lorsqu\u2019elle sera disponible en boutique).<\/p>\n","protected":false},"excerpt":{"rendered":"<p>Mati\u00e8re : COTON JERSEY<\/p>\n<p>Couleur : Marini\u00e8re<\/p>\n","protected":false},"featured_media":9948,"template":"","meta":{"_et_pb_use_builder":"","_et_pb_old_content":"","_et_gb_content_width":"","_monsterinsights_skip_tracking":false,"_monsterinsights_sitenote_active":false,"_monsterinsights_sitenote_note":"","_monsterinsights_sitenote_category":0,"jetpack_post_was_ever_published":false,"jetpack_publicize_message":"","jetpack_publicize_feature_enabled":true,"jetpack_social_post_already_shared":false,"jetpack_social_options":{"image_generator_settings":{"template":"highway","default_image_id":0,"font":"","enabled":false},"version":2}},"product_brand":[],"product_cat":[106],"product_tag":[],"class_list":{"0":"post-9886","1":"product","2":"type-product","3":"status-publish","4":"has-post-thumbnail","6":"product_cat-ecole","8":"first","9":"instock","10":"taxable","11":"shipping-taxable","12":"purchasable","13":"product-type-variable"},"yoast_head":"<!-- This site is optimized with the Yoast SEO plugin v27.1.1 - https:\/\/yoast.com\/product\/yoast-seo-wordpress\/ -->\n<title>Polo Classique ML - Ti Baba La R\u00e9union<\/title>\n<meta name=\"robots\" content=\"index, follow, max-snippet:-1, max-image-preview:large, max-video-preview:-1\" \/>\n<link rel=\"canonical\" href=\"https:\/\/tibaba-lareunion.com\/?product=polo-sailor-classique-ml\" \/>\n<meta property=\"og:locale\" content=\"fr_FR\" \/>\n<meta property=\"og:type\" content=\"article\" \/>\n<meta property=\"og:title\" content=\"Polo Classique ML - Ti Baba La R\u00e9union\" \/>\n<meta property=\"og:description\" content=\"Mati\u00e8re : COTON JERSEY  Couleur : Marini\u00e8re\" \/>\n<meta property=\"og:url\" content=\"https:\/\/tibaba-lareunion.com\/?product=polo-sailor-classique-ml\" \/>\n<meta property=\"og:site_name\" content=\"Ti Baba La R\u00e9union\" \/>\n<meta property=\"article:publisher\" content=\"https:\/\/www.facebook.com\/tibabalareunion\/?modal=admin_todo_tour\" \/>\n<meta property=\"article:modified_time\" content=\"2022-03-05T06:47:42+00:00\" \/>\n<meta property=\"og:image\" content=\"https:\/\/i0.wp.com\/tibaba-lareunion.com\/wp-content\/uploads\/2022\/02\/DSC_4418-1.jpg?fit=600%2C600&ssl=1\" \/>\n\t<meta property=\"og:image:width\" content=\"600\" \/>\n\t<meta property=\"og:image:height\" content=\"600\" \/>\n\t<meta property=\"og:image:type\" content=\"image\/jpeg\" \/>\n<meta name=\"twitter:card\" content=\"summary_large_image\" \/>\n<meta name=\"twitter:label1\" content=\"Dur\u00e9e de lecture estim\u00e9e\" \/>\n\t<meta name=\"twitter:data1\" content=\"1 minute\" \/>\n<script type=\"application\/ld+json\" class=\"yoast-schema-graph\">{\"@context\":\"https:\/\/schema.org\",\"@graph\":[{\"@type\":\"WebPage\",\"@id\":\"https:\/\/tibaba-lareunion.com\/?product=polo-sailor-classique-ml\",\"url\":\"https:\/\/tibaba-lareunion.com\/?product=polo-sailor-classique-ml\",\"name\":\"Polo Classique ML - Ti Baba La R\u00e9union\",\"isPartOf\":{\"@id\":\"https:\/\/tibaba-lareunion.com\/#website\"},\"primaryImageOfPage\":{\"@id\":\"https:\/\/tibaba-lareunion.com\/?product=polo-sailor-classique-ml#primaryimage\"},\"image\":{\"@id\":\"https:\/\/tibaba-lareunion.com\/?product=polo-sailor-classique-ml#primaryimage\"},\"thumbnailUrl\":\"https:\/\/i0.wp.com\/tibaba-lareunion.com\/wp-content\/uploads\/2022\/02\/DSC_4418-1.jpg?fit=600%2C600&ssl=1\",\"datePublished\":\"2022-02-28T06:16:15+00:00\",\"dateModified\":\"2022-03-05T06:47:42+00:00\",\"breadcrumb\":{\"@id\":\"https:\/\/tibaba-lareunion.com\/?product=polo-sailor-classique-ml#breadcrumb\"},\"inLanguage\":\"fr-FR\",\"potentialAction\":[{\"@type\":\"ReadAction\",\"target\":[\"https:\/\/tibaba-lareunion.com\/?product=polo-sailor-classique-ml\"]}]},{\"@type\":\"ImageObject\",\"inLanguage\":\"fr-FR\",\"@id\":\"https:\/\/tibaba-lareunion.com\/?product=polo-sailor-classique-ml#primaryimage\",\"url\":\"https:\/\/i0.wp.com\/tibaba-lareunion.com\/wp-content\/uploads\/2022\/02\/DSC_4418-1.jpg?fit=600%2C600&ssl=1\",\"contentUrl\":\"https:\/\/i0.wp.com\/tibaba-lareunion.com\/wp-content\/uploads\/2022\/02\/DSC_4418-1.jpg?fit=600%2C600&ssl=1\",\"width\":600,\"height\":600},{\"@type\":\"BreadcrumbList\",\"@id\":\"https:\/\/tibaba-lareunion.com\/?product=polo-sailor-classique-ml#breadcrumb\",\"itemListElement\":[{\"@type\":\"ListItem\",\"position\":1,\"name\":\"Accueil\",\"item\":\"https:\/\/tibaba-lareunion.com\/\"},{\"@type\":\"ListItem\",\"position\":2,\"name\":\"Boutique\",\"item\":\"https:\/\/tibaba-lareunion.com\/?page_id=943\"},{\"@type\":\"ListItem\",\"position\":3,\"name\":\"Polo Classique ML\"}]},{\"@type\":\"WebSite\",\"@id\":\"https:\/\/tibaba-lareunion.com\/#website\",\"url\":\"https:\/\/tibaba-lareunion.com\/\",\"name\":\"Ti Baba La R\u00e9union\",\"description\":\"Allons bouger !\",\"potentialAction\":[{\"@type\":\"SearchAction\",\"target\":{\"@type\":\"EntryPoint\",\"urlTemplate\":\"https:\/\/tibaba-lareunion.com\/?s={search_term_string}\"},\"query-input\":{\"@type\":\"PropertyValueSpecification\",\"valueRequired\":true,\"valueName\":\"search_term_string\"}}],\"inLanguage\":\"fr-FR\"}]}<\/script>\n<!-- \/ Yoast SEO plugin. -->","yoast_head_json":{"title":"Polo Classique ML - Ti Baba La R\u00e9union","robots":{"index":"index","follow":"follow","max-snippet":"max-snippet:-1","max-image-preview":"max-image-preview:large","max-video-preview":"max-video-preview:-1"},"canonical":"https:\/\/tibaba-lareunion.com\/?product=polo-sailor-classique-ml","og_locale":"fr_FR","og_type":"article","og_title":"Polo Classique ML - Ti Baba La R\u00e9union","og_description":"Mati\u00e8re : COTON JERSEY  Couleur : Marini\u00e8re","og_url":"https:\/\/tibaba-lareunion.com\/?product=polo-sailor-classique-ml","og_site_name":"Ti Baba La R\u00e9union","article_publisher":"https:\/\/www.facebook.com\/tibabalareunion\/?modal=admin_todo_tour","article_modified_time":"2022-03-05T06:47:42+00:00","og_image":[{"url":"https:\/\/i0.wp.com\/tibaba-lareunion.com\/wp-content\/uploads\/2022\/02\/DSC_4418-1.jpg?fit=600%2C600&ssl=1","width":600,"height":600,"type":"image\/jpeg"}],"twitter_card":"summary_large_image","twitter_misc":{"Dur\u00e9e de lecture estim\u00e9e":"1 minute"},"schema":{"@context":"https:\/\/schema.org","@graph":[{"@type":"WebPage","@id":"https:\/\/tibaba-lareunion.com\/?product=polo-sailor-classique-ml","url":"https:\/\/tibaba-lareunion.com\/?product=polo-sailor-classique-ml","name":"Polo Classique ML - Ti Baba La R\u00e9union","isPartOf":{"@id":"https:\/\/tibaba-lareunion.com\/#website"},"primaryImageOfPage":{"@id":"https:\/\/tibaba-lareunion.com\/?product=polo-sailor-classique-ml#primaryimage"},"image":{"@id":"https:\/\/tibaba-lareunion.com\/?product=polo-sailor-classique-ml#primaryimage"},"thumbnailUrl":"https:\/\/i0.wp.com\/tibaba-lareunion.com\/wp-content\/uploads\/2022\/02\/DSC_4418-1.jpg?fit=600%2C600&ssl=1","datePublished":"2022-02-28T06:16:15+00:00","dateModified":"2022-03-05T06:47:42+00:00","breadcrumb":{"@id":"https:\/\/tibaba-lareunion.com\/?product=polo-sailor-classique-ml#breadcrumb"},"inLanguage":"fr-FR","potentialAction":[{"@type":"ReadAction","target":["https:\/\/tibaba-lareunion.com\/?product=polo-sailor-classique-ml"]}]},{"@type":"ImageObject","inLanguage":"fr-FR","@id":"https:\/\/tibaba-lareunion.com\/?product=polo-sailor-classique-ml#primaryimage","url":"https:\/\/i0.wp.com\/tibaba-lareunion.com\/wp-content\/uploads\/2022\/02\/DSC_4418-1.jpg?fit=600%2C600&ssl=1","contentUrl":"https:\/\/i0.wp.com\/tibaba-lareunion.com\/wp-content\/uploads\/2022\/02\/DSC_4418-1.jpg?fit=600%2C600&ssl=1","width":600,"height":600},{"@type":"BreadcrumbList","@id":"https:\/\/tibaba-lareunion.com\/?product=polo-sailor-classique-ml#breadcrumb","itemListElement":[{"@type":"ListItem","position":1,"name":"Accueil","item":"https:\/\/tibaba-lareunion.com\/"},{"@type":"ListItem","position":2,"name":"Boutique","item":"https:\/\/tibaba-lareunion.com\/?page_id=943"},{"@type":"ListItem","position":3,"name":"Polo Classique ML"}]},{"@type":"WebSite","@id":"https:\/\/tibaba-lareunion.com\/#website","url":"https:\/\/tibaba-lareunion.com\/","name":"Ti Baba La R\u00e9union","description":"Allons bouger !","potentialAction":[{"@type":"SearchAction","target":{"@type":"EntryPoint","urlTemplate":"https:\/\/tibaba-lareunion.com\/?s={search_term_string}"},"query-input":{"@type":"PropertyValueSpecification","valueRequired":true,"valueName":"search_term_string"}}],"inLanguage":"fr-FR"}]}},"jetpack_publicize_connections":[],"jetpack_sharing_enabled":true,"_links":{"self":[{"href":"https:\/\/tibaba-lareunion.com\/index.php?rest_route=\/wp\/v2\/product\/9886","targetHints":{"allow":["GET"]}}],"collection":[{"href":"https:\/\/tibaba-lareunion.com\/index.php?rest_route=\/wp\/v2\/product"}],"about":[{"href":"https:\/\/tibaba-lareunion.com\/index.php?rest_route=\/wp\/v2\/types\/product"}],"wp:featuredmedia":[{"embeddable":true,"href":"https:\/\/tibaba-lareunion.com\/index.php?rest_route=\/wp\/v2\/media\/9948"}],"wp:attachment":[{"href":"https:\/\/tibaba-lareunion.com\/index.php?rest_route=%2Fwp%2Fv2%2Fmedia&parent=9886"}],"wp:term":[{"taxonomy":"product_brand","embeddable":true,"href":"https:\/\/tibaba-lareunion.com\/index.php?rest_route=%2Fwp%2Fv2%2Fproduct_brand&post=9886"},{"taxonomy":"product_cat","embeddable":true,"href":"https:\/\/tibaba-lareunion.com\/index.php?rest_route=%2Fwp%2Fv2%2Fproduct_cat&post=9886"},{"taxonomy":"product_tag","embeddable":true,"href":"https:\/\/tibaba-lareunion.com\/index.php?rest_route=%2Fwp%2Fv2%2Fproduct_tag&post=9886"}],"curies":[{"name":"wp","href":"https:\/\/api.w.org\/{rel}","templated":true}]}}