{"id":9883,"date":"2022-02-28T10:05:02","date_gmt":"2022-02-28T06:05:02","guid":{"rendered":"https:\/\/tibaba-lareunion.com\/?post_type=product&#038;p=9883"},"modified":"2023-01-31T15:38:56","modified_gmt":"2023-01-31T11:38:56","slug":"legging","status":"publish","type":"product","link":"https:\/\/tibaba-lareunion.com\/?product=legging","title":{"rendered":"Legging"},"content":{"rendered":"<p>Mati\u00e8re : 100 % Coton Jersey<br \/>\nCouleur : Bleu marine<\/p>\n<p>\u2022 Elastique<\/p>\n<p>Laver une premi\u00e8re fois avant utilisation, en s\u00e9parant les autres couleurs (bleu clair, blanc) du bleu marine.<br \/>\nLavage en machine \u00e0 40\u00b0<\/p>\n","protected":false},"excerpt":{"rendered":"<p>&nbsp;<\/p>\n<p>Mati\u00e8re : 100 % Coton Jersey<br \/>\nCouleur : Bleu Clair Col bleu marine<\/p>\n<p>\u2022 Elastique<\/p>\n<p>(Les v\u00eatements seront \u00e9changeable, lors de la r\u00e9cup\u00e9ration de l&rsquo;uniforme si la taille ne convient pas)<\/p>\n","protected":false},"featured_media":0,"template":"","meta":{"_et_pb_use_builder":"","_et_pb_old_content":"","_et_gb_content_width":"","_monsterinsights_skip_tracking":false,"_monsterinsights_sitenote_active":false,"_monsterinsights_sitenote_note":"","_monsterinsights_sitenote_category":0,"jetpack_post_was_ever_published":false,"jetpack_publicize_message":"","jetpack_publicize_feature_enabled":true,"jetpack_social_post_already_shared":false,"jetpack_social_options":{"image_generator_settings":{"template":"highway","default_image_id":0,"font":"","enabled":false},"version":2}},"product_brand":[],"product_cat":[106],"product_tag":[],"class_list":{"0":"post-9883","1":"product","2":"type-product","3":"status-publish","5":"product_cat-ecole","7":"first","8":"instock","9":"taxable","10":"shipping-taxable","11":"purchasable","12":"product-type-variable"},"yoast_head":"<!-- This site is optimized with the Yoast SEO plugin v27.1.1 - https:\/\/yoast.com\/product\/yoast-seo-wordpress\/ -->\n<title>Legging - Ti Baba La R\u00e9union<\/title>\n<meta name=\"robots\" content=\"index, follow, max-snippet:-1, max-image-preview:large, max-video-preview:-1\" \/>\n<link rel=\"canonical\" href=\"https:\/\/tibaba-lareunion.com\/?product=legging\" \/>\n<meta property=\"og:locale\" content=\"fr_FR\" \/>\n<meta property=\"og:type\" content=\"article\" \/>\n<meta property=\"og:title\" content=\"Legging - Ti Baba La R\u00e9union\" \/>\n<meta property=\"og:description\" content=\"&nbsp;  Mati\u00e8re : 100 % Coton Jersey Couleur : Bleu Clair Col bleu marine  \u2022 Elastique  (Les v\u00eatements seront \u00e9changeable, lors de la r\u00e9cup\u00e9ration de l&#039;uniforme si la taille ne convient pas)\" \/>\n<meta property=\"og:url\" content=\"https:\/\/tibaba-lareunion.com\/?product=legging\" \/>\n<meta property=\"og:site_name\" content=\"Ti Baba La R\u00e9union\" \/>\n<meta property=\"article:publisher\" content=\"https:\/\/www.facebook.com\/tibabalareunion\/?modal=admin_todo_tour\" \/>\n<meta property=\"article:modified_time\" content=\"2023-01-31T11:38:56+00:00\" \/>\n<meta name=\"twitter:card\" content=\"summary_large_image\" \/>\n<meta name=\"twitter:label1\" content=\"Dur\u00e9e de lecture estim\u00e9e\" \/>\n\t<meta name=\"twitter:data1\" content=\"1 minute\" \/>\n<script type=\"application\/ld+json\" class=\"yoast-schema-graph\">{\"@context\":\"https:\/\/schema.org\",\"@graph\":[{\"@type\":\"WebPage\",\"@id\":\"https:\/\/tibaba-lareunion.com\/?product=legging\",\"url\":\"https:\/\/tibaba-lareunion.com\/?product=legging\",\"name\":\"Legging - Ti Baba La R\u00e9union\",\"isPartOf\":{\"@id\":\"https:\/\/tibaba-lareunion.com\/#website\"},\"datePublished\":\"2022-02-28T06:05:02+00:00\",\"dateModified\":\"2023-01-31T11:38:56+00:00\",\"breadcrumb\":{\"@id\":\"https:\/\/tibaba-lareunion.com\/?product=legging#breadcrumb\"},\"inLanguage\":\"fr-FR\",\"potentialAction\":[{\"@type\":\"ReadAction\",\"target\":[\"https:\/\/tibaba-lareunion.com\/?product=legging\"]}]},{\"@type\":\"BreadcrumbList\",\"@id\":\"https:\/\/tibaba-lareunion.com\/?product=legging#breadcrumb\",\"itemListElement\":[{\"@type\":\"ListItem\",\"position\":1,\"name\":\"Accueil\",\"item\":\"https:\/\/tibaba-lareunion.com\/\"},{\"@type\":\"ListItem\",\"position\":2,\"name\":\"Boutique\",\"item\":\"https:\/\/tibaba-lareunion.com\/?page_id=943\"},{\"@type\":\"ListItem\",\"position\":3,\"name\":\"Legging\"}]},{\"@type\":\"WebSite\",\"@id\":\"https:\/\/tibaba-lareunion.com\/#website\",\"url\":\"https:\/\/tibaba-lareunion.com\/\",\"name\":\"Ti Baba La R\u00e9union\",\"description\":\"Allons bouger !\",\"potentialAction\":[{\"@type\":\"SearchAction\",\"target\":{\"@type\":\"EntryPoint\",\"urlTemplate\":\"https:\/\/tibaba-lareunion.com\/?s={search_term_string}\"},\"query-input\":{\"@type\":\"PropertyValueSpecification\",\"valueRequired\":true,\"valueName\":\"search_term_string\"}}],\"inLanguage\":\"fr-FR\"}]}<\/script>\n<!-- \/ Yoast SEO plugin. -->","yoast_head_json":{"title":"Legging - Ti Baba La R\u00e9union","robots":{"index":"index","follow":"follow","max-snippet":"max-snippet:-1","max-image-preview":"max-image-preview:large","max-video-preview":"max-video-preview:-1"},"canonical":"https:\/\/tibaba-lareunion.com\/?product=legging","og_locale":"fr_FR","og_type":"article","og_title":"Legging - Ti Baba La R\u00e9union","og_description":"&nbsp;  Mati\u00e8re : 100 % Coton Jersey Couleur : Bleu Clair Col bleu marine  \u2022 Elastique  (Les v\u00eatements seront \u00e9changeable, lors de la r\u00e9cup\u00e9ration de l'uniforme si la taille ne convient pas)","og_url":"https:\/\/tibaba-lareunion.com\/?product=legging","og_site_name":"Ti Baba La R\u00e9union","article_publisher":"https:\/\/www.facebook.com\/tibabalareunion\/?modal=admin_todo_tour","article_modified_time":"2023-01-31T11:38:56+00:00","twitter_card":"summary_large_image","twitter_misc":{"Dur\u00e9e de lecture estim\u00e9e":"1 minute"},"schema":{"@context":"https:\/\/schema.org","@graph":[{"@type":"WebPage","@id":"https:\/\/tibaba-lareunion.com\/?product=legging","url":"https:\/\/tibaba-lareunion.com\/?product=legging","name":"Legging - Ti Baba La R\u00e9union","isPartOf":{"@id":"https:\/\/tibaba-lareunion.com\/#website"},"datePublished":"2022-02-28T06:05:02+00:00","dateModified":"2023-01-31T11:38:56+00:00","breadcrumb":{"@id":"https:\/\/tibaba-lareunion.com\/?product=legging#breadcrumb"},"inLanguage":"fr-FR","potentialAction":[{"@type":"ReadAction","target":["https:\/\/tibaba-lareunion.com\/?product=legging"]}]},{"@type":"BreadcrumbList","@id":"https:\/\/tibaba-lareunion.com\/?product=legging#breadcrumb","itemListElement":[{"@type":"ListItem","position":1,"name":"Accueil","item":"https:\/\/tibaba-lareunion.com\/"},{"@type":"ListItem","position":2,"name":"Boutique","item":"https:\/\/tibaba-lareunion.com\/?page_id=943"},{"@type":"ListItem","position":3,"name":"Legging"}]},{"@type":"WebSite","@id":"https:\/\/tibaba-lareunion.com\/#website","url":"https:\/\/tibaba-lareunion.com\/","name":"Ti Baba La R\u00e9union","description":"Allons bouger !","potentialAction":[{"@type":"SearchAction","target":{"@type":"EntryPoint","urlTemplate":"https:\/\/tibaba-lareunion.com\/?s={search_term_string}"},"query-input":{"@type":"PropertyValueSpecification","valueRequired":true,"valueName":"search_term_string"}}],"inLanguage":"fr-FR"}]}},"jetpack_publicize_connections":[],"jetpack_sharing_enabled":true,"_links":{"self":[{"href":"https:\/\/tibaba-lareunion.com\/index.php?rest_route=\/wp\/v2\/product\/9883","targetHints":{"allow":["GET"]}}],"collection":[{"href":"https:\/\/tibaba-lareunion.com\/index.php?rest_route=\/wp\/v2\/product"}],"about":[{"href":"https:\/\/tibaba-lareunion.com\/index.php?rest_route=\/wp\/v2\/types\/product"}],"wp:attachment":[{"href":"https:\/\/tibaba-lareunion.com\/index.php?rest_route=%2Fwp%2Fv2%2Fmedia&parent=9883"}],"wp:term":[{"taxonomy":"product_brand","embeddable":true,"href":"https:\/\/tibaba-lareunion.com\/index.php?rest_route=%2Fwp%2Fv2%2Fproduct_brand&post=9883"},{"taxonomy":"product_cat","embeddable":true,"href":"https:\/\/tibaba-lareunion.com\/index.php?rest_route=%2Fwp%2Fv2%2Fproduct_cat&post=9883"},{"taxonomy":"product_tag","embeddable":true,"href":"https:\/\/tibaba-lareunion.com\/index.php?rest_route=%2Fwp%2Fv2%2Fproduct_tag&post=9883"}],"curies":[{"name":"wp","href":"https:\/\/api.w.org\/{rel}","templated":true}]}}