{"id":9882,"date":"2022-02-28T10:04:05","date_gmt":"2022-02-28T06:04:05","guid":{"rendered":"https:\/\/tibaba-lareunion.com\/?post_type=product&#038;p=9882"},"modified":"2022-03-05T15:30:05","modified_gmt":"2022-03-05T11:30:05","slug":"t-shirt-casual","status":"publish","type":"product","link":"https:\/\/tibaba-lareunion.com\/?product=t-shirt-casual","title":{"rendered":"T-Shirt Casual (de sport)"},"content":{"rendered":"<p>Mati\u00e8re : COTON JERSEY<\/p>\n<p>Couleur : Marini\u00e8re<\/p>\n<p>Tee-shirt : Basique, et indispensable notre tee shirt blanc en col rond est 100% coton. Sur la poitrine avant gauche sera plac\u00e9e fi\u00e8rement le logo de l\u2019\u00e9cole selon la classe de votre enfant !<\/p>\n<p>Baba tips : le tee shirt blanc est le basic de la Collection Sacr\u00e9 coeur, il s\u2019accompagne g\u00e9n\u00e9ralement du short de sport, mais tr\u00e8s bien \u00eatre port\u00e9 en tout autre occasion.<\/p>\n<p>Composition : 100% Jersey coton Mati\u00e8re Hypoallerg\u00e9nique D\u00e9sign\u00e9 \u00e0 la R\u00e9union par Mme Servan la directrice et M. Sgro le papa d\u2019Ang\u00e9lina. Fabriqu\u00e9 \u00e0 L\u2019\u00eele Maurice Lavage machine \u00e0 30 degr\u00e9 et \u00e0 l\u2019envers.<\/p>\n<p>Livraison : Votre commande pourra \u00eatre livr\u00e9e directement chez vous via La Poste en 2-3 jours ouvr\u00e9s. Vous pouvez \u00e9galement retirer votre commande \u00e0 la Boutique Ti Baba au 50 rue Jules Auber \u00e0 St Denis (un e-mail vous sera envoy\u00e9 lorsqu\u2019elle sera disponible en boutique).<\/p>\n<p>Retours : Vous pourrez retourner votre article (non port\u00e9, non lav\u00e9) s\u2019il ne vous conviennent pas (trop grand, trop petit, d\u00e9faut), \u00e0 partir du 15 Juillet jusqu\u2019\u00e0 la rentr\u00e9e. Nous pourrons \u00e0 ce moment l\u2019\u00e9changer, ou l\u2019ajuster (gr\u00e2ce \u00e0 notre f\u00e9e couturi\u00e8re Ti Baba).<\/p>\n","protected":false},"excerpt":{"rendered":"<p>Mati\u00e8re : COTON JERSEY<\/p>\n<p>Couleur : Marini\u00e8re<\/p>\n","protected":false},"featured_media":10068,"template":"","meta":{"_et_pb_use_builder":"","_et_pb_old_content":"","_et_gb_content_width":"","_monsterinsights_skip_tracking":false,"_monsterinsights_sitenote_active":false,"_monsterinsights_sitenote_note":"","_monsterinsights_sitenote_category":0,"jetpack_post_was_ever_published":false,"jetpack_publicize_message":"","jetpack_publicize_feature_enabled":true,"jetpack_social_post_already_shared":false,"jetpack_social_options":{"image_generator_settings":{"template":"highway","default_image_id":0,"font":"","enabled":false},"version":2}},"product_brand":[],"product_cat":[106],"product_tag":[],"class_list":{"0":"post-9882","1":"product","2":"type-product","3":"status-publish","4":"has-post-thumbnail","6":"product_cat-ecole","8":"first","9":"instock","10":"taxable","11":"shipping-taxable","12":"purchasable","13":"product-type-variable"},"yoast_head":"<!-- This site is optimized with the Yoast SEO plugin v27.1.1 - https:\/\/yoast.com\/product\/yoast-seo-wordpress\/ -->\n<title>T-Shirt Casual (de sport) - Ti Baba La R\u00e9union<\/title>\n<meta name=\"robots\" content=\"index, follow, max-snippet:-1, max-image-preview:large, max-video-preview:-1\" \/>\n<link rel=\"canonical\" href=\"https:\/\/tibaba-lareunion.com\/?product=t-shirt-casual\" \/>\n<meta property=\"og:locale\" content=\"fr_FR\" \/>\n<meta property=\"og:type\" content=\"article\" \/>\n<meta property=\"og:title\" content=\"T-Shirt Casual (de sport) - Ti Baba La R\u00e9union\" \/>\n<meta property=\"og:description\" content=\"Mati\u00e8re : COTON JERSEY  Couleur : Marini\u00e8re\" \/>\n<meta property=\"og:url\" content=\"https:\/\/tibaba-lareunion.com\/?product=t-shirt-casual\" \/>\n<meta property=\"og:site_name\" content=\"Ti Baba La R\u00e9union\" \/>\n<meta property=\"article:publisher\" content=\"https:\/\/www.facebook.com\/tibabalareunion\/?modal=admin_todo_tour\" \/>\n<meta property=\"article:modified_time\" content=\"2022-03-05T11:30:05+00:00\" \/>\n<meta property=\"og:image\" content=\"https:\/\/i0.wp.com\/tibaba-lareunion.com\/wp-content\/uploads\/2022\/02\/DSC_4009.jpg?fit=512%2C768&ssl=1\" \/>\n\t<meta property=\"og:image:width\" content=\"512\" \/>\n\t<meta property=\"og:image:height\" content=\"768\" \/>\n\t<meta property=\"og:image:type\" content=\"image\/jpeg\" \/>\n<meta name=\"twitter:card\" content=\"summary_large_image\" \/>\n<meta name=\"twitter:label1\" content=\"Dur\u00e9e de lecture estim\u00e9e\" \/>\n\t<meta name=\"twitter:data1\" content=\"1 minute\" \/>\n<script type=\"application\/ld+json\" class=\"yoast-schema-graph\">{\"@context\":\"https:\/\/schema.org\",\"@graph\":[{\"@type\":\"WebPage\",\"@id\":\"https:\/\/tibaba-lareunion.com\/?product=t-shirt-casual\",\"url\":\"https:\/\/tibaba-lareunion.com\/?product=t-shirt-casual\",\"name\":\"T-Shirt Casual (de sport) - Ti Baba La R\u00e9union\",\"isPartOf\":{\"@id\":\"https:\/\/tibaba-lareunion.com\/#website\"},\"primaryImageOfPage\":{\"@id\":\"https:\/\/tibaba-lareunion.com\/?product=t-shirt-casual#primaryimage\"},\"image\":{\"@id\":\"https:\/\/tibaba-lareunion.com\/?product=t-shirt-casual#primaryimage\"},\"thumbnailUrl\":\"https:\/\/i0.wp.com\/tibaba-lareunion.com\/wp-content\/uploads\/2022\/02\/DSC_4009.jpg?fit=512%2C768&ssl=1\",\"datePublished\":\"2022-02-28T06:04:05+00:00\",\"dateModified\":\"2022-03-05T11:30:05+00:00\",\"breadcrumb\":{\"@id\":\"https:\/\/tibaba-lareunion.com\/?product=t-shirt-casual#breadcrumb\"},\"inLanguage\":\"fr-FR\",\"potentialAction\":[{\"@type\":\"ReadAction\",\"target\":[\"https:\/\/tibaba-lareunion.com\/?product=t-shirt-casual\"]}]},{\"@type\":\"ImageObject\",\"inLanguage\":\"fr-FR\",\"@id\":\"https:\/\/tibaba-lareunion.com\/?product=t-shirt-casual#primaryimage\",\"url\":\"https:\/\/i0.wp.com\/tibaba-lareunion.com\/wp-content\/uploads\/2022\/02\/DSC_4009.jpg?fit=512%2C768&ssl=1\",\"contentUrl\":\"https:\/\/i0.wp.com\/tibaba-lareunion.com\/wp-content\/uploads\/2022\/02\/DSC_4009.jpg?fit=512%2C768&ssl=1\",\"width\":512,\"height\":768},{\"@type\":\"BreadcrumbList\",\"@id\":\"https:\/\/tibaba-lareunion.com\/?product=t-shirt-casual#breadcrumb\",\"itemListElement\":[{\"@type\":\"ListItem\",\"position\":1,\"name\":\"Accueil\",\"item\":\"https:\/\/tibaba-lareunion.com\/\"},{\"@type\":\"ListItem\",\"position\":2,\"name\":\"Boutique\",\"item\":\"https:\/\/tibaba-lareunion.com\/?page_id=943\"},{\"@type\":\"ListItem\",\"position\":3,\"name\":\"T-Shirt Casual (de sport)\"}]},{\"@type\":\"WebSite\",\"@id\":\"https:\/\/tibaba-lareunion.com\/#website\",\"url\":\"https:\/\/tibaba-lareunion.com\/\",\"name\":\"Ti Baba La R\u00e9union\",\"description\":\"Allons bouger !\",\"potentialAction\":[{\"@type\":\"SearchAction\",\"target\":{\"@type\":\"EntryPoint\",\"urlTemplate\":\"https:\/\/tibaba-lareunion.com\/?s={search_term_string}\"},\"query-input\":{\"@type\":\"PropertyValueSpecification\",\"valueRequired\":true,\"valueName\":\"search_term_string\"}}],\"inLanguage\":\"fr-FR\"}]}<\/script>\n<!-- \/ Yoast SEO plugin. -->","yoast_head_json":{"title":"T-Shirt Casual (de sport) - Ti Baba La R\u00e9union","robots":{"index":"index","follow":"follow","max-snippet":"max-snippet:-1","max-image-preview":"max-image-preview:large","max-video-preview":"max-video-preview:-1"},"canonical":"https:\/\/tibaba-lareunion.com\/?product=t-shirt-casual","og_locale":"fr_FR","og_type":"article","og_title":"T-Shirt Casual (de sport) - Ti Baba La R\u00e9union","og_description":"Mati\u00e8re : COTON JERSEY  Couleur : Marini\u00e8re","og_url":"https:\/\/tibaba-lareunion.com\/?product=t-shirt-casual","og_site_name":"Ti Baba La R\u00e9union","article_publisher":"https:\/\/www.facebook.com\/tibabalareunion\/?modal=admin_todo_tour","article_modified_time":"2022-03-05T11:30:05+00:00","og_image":[{"width":512,"height":768,"url":"https:\/\/i0.wp.com\/tibaba-lareunion.com\/wp-content\/uploads\/2022\/02\/DSC_4009.jpg?fit=512%2C768&ssl=1","type":"image\/jpeg"}],"twitter_card":"summary_large_image","twitter_misc":{"Dur\u00e9e de lecture estim\u00e9e":"1 minute"},"schema":{"@context":"https:\/\/schema.org","@graph":[{"@type":"WebPage","@id":"https:\/\/tibaba-lareunion.com\/?product=t-shirt-casual","url":"https:\/\/tibaba-lareunion.com\/?product=t-shirt-casual","name":"T-Shirt Casual (de sport) - Ti Baba La R\u00e9union","isPartOf":{"@id":"https:\/\/tibaba-lareunion.com\/#website"},"primaryImageOfPage":{"@id":"https:\/\/tibaba-lareunion.com\/?product=t-shirt-casual#primaryimage"},"image":{"@id":"https:\/\/tibaba-lareunion.com\/?product=t-shirt-casual#primaryimage"},"thumbnailUrl":"https:\/\/i0.wp.com\/tibaba-lareunion.com\/wp-content\/uploads\/2022\/02\/DSC_4009.jpg?fit=512%2C768&ssl=1","datePublished":"2022-02-28T06:04:05+00:00","dateModified":"2022-03-05T11:30:05+00:00","breadcrumb":{"@id":"https:\/\/tibaba-lareunion.com\/?product=t-shirt-casual#breadcrumb"},"inLanguage":"fr-FR","potentialAction":[{"@type":"ReadAction","target":["https:\/\/tibaba-lareunion.com\/?product=t-shirt-casual"]}]},{"@type":"ImageObject","inLanguage":"fr-FR","@id":"https:\/\/tibaba-lareunion.com\/?product=t-shirt-casual#primaryimage","url":"https:\/\/i0.wp.com\/tibaba-lareunion.com\/wp-content\/uploads\/2022\/02\/DSC_4009.jpg?fit=512%2C768&ssl=1","contentUrl":"https:\/\/i0.wp.com\/tibaba-lareunion.com\/wp-content\/uploads\/2022\/02\/DSC_4009.jpg?fit=512%2C768&ssl=1","width":512,"height":768},{"@type":"BreadcrumbList","@id":"https:\/\/tibaba-lareunion.com\/?product=t-shirt-casual#breadcrumb","itemListElement":[{"@type":"ListItem","position":1,"name":"Accueil","item":"https:\/\/tibaba-lareunion.com\/"},{"@type":"ListItem","position":2,"name":"Boutique","item":"https:\/\/tibaba-lareunion.com\/?page_id=943"},{"@type":"ListItem","position":3,"name":"T-Shirt Casual (de sport)"}]},{"@type":"WebSite","@id":"https:\/\/tibaba-lareunion.com\/#website","url":"https:\/\/tibaba-lareunion.com\/","name":"Ti Baba La R\u00e9union","description":"Allons bouger !","potentialAction":[{"@type":"SearchAction","target":{"@type":"EntryPoint","urlTemplate":"https:\/\/tibaba-lareunion.com\/?s={search_term_string}"},"query-input":{"@type":"PropertyValueSpecification","valueRequired":true,"valueName":"search_term_string"}}],"inLanguage":"fr-FR"}]}},"jetpack_publicize_connections":[],"jetpack_sharing_enabled":true,"_links":{"self":[{"href":"https:\/\/tibaba-lareunion.com\/index.php?rest_route=\/wp\/v2\/product\/9882","targetHints":{"allow":["GET"]}}],"collection":[{"href":"https:\/\/tibaba-lareunion.com\/index.php?rest_route=\/wp\/v2\/product"}],"about":[{"href":"https:\/\/tibaba-lareunion.com\/index.php?rest_route=\/wp\/v2\/types\/product"}],"wp:featuredmedia":[{"embeddable":true,"href":"https:\/\/tibaba-lareunion.com\/index.php?rest_route=\/wp\/v2\/media\/10068"}],"wp:attachment":[{"href":"https:\/\/tibaba-lareunion.com\/index.php?rest_route=%2Fwp%2Fv2%2Fmedia&parent=9882"}],"wp:term":[{"taxonomy":"product_brand","embeddable":true,"href":"https:\/\/tibaba-lareunion.com\/index.php?rest_route=%2Fwp%2Fv2%2Fproduct_brand&post=9882"},{"taxonomy":"product_cat","embeddable":true,"href":"https:\/\/tibaba-lareunion.com\/index.php?rest_route=%2Fwp%2Fv2%2Fproduct_cat&post=9882"},{"taxonomy":"product_tag","embeddable":true,"href":"https:\/\/tibaba-lareunion.com\/index.php?rest_route=%2Fwp%2Fv2%2Fproduct_tag&post=9882"}],"curies":[{"name":"wp","href":"https:\/\/api.w.org\/{rel}","templated":true}]}}