{"id":9880,"date":"2022-02-28T09:55:22","date_gmt":"2022-02-28T05:55:22","guid":{"rendered":"https:\/\/tibaba-lareunion.com\/?post_type=product&#038;p=9880"},"modified":"2022-03-04T10:45:24","modified_gmt":"2022-03-04T06:45:24","slug":"bob","status":"publish","type":"product","link":"https:\/\/tibaba-lareunion.com\/?product=bob","title":{"rendered":"Bob"},"content":{"rendered":"<p>Mati\u00e8re : COTON POPELINE<\/p>\n<p>Couleur : Bleu Marine<\/p>\n<p>Le bob : taille unique le bob bleu marine est \u00e9quip\u00e9 d\u2019un petit \u00e9lastique qui pourra s\u2019ajuster \u00e0 la taille de votre enfant.<\/p>\n<p>Baba tips : Qu\u2019il vente, pleuve ou fasse soleil le Bob est la pi\u00e8ce tendance de la collection Sacr\u00e9 C\u0153ur. Nos petites t\u00eates seront bien prot\u00e9g\u00e9es du soleil.<\/p>\n<p>Composition : 100% Popeline de coton ext\u00e9rieur Jersey coton int\u00e9rieur Mati\u00e8re Hypoallerg\u00e9nique D\u00e9sign\u00e9 \u00e0 la R\u00e9union par Mme Servan la directrice et M. Sgro le papa d\u2019Ang\u00e9lina. Fabriqu\u00e9 \u00e0 L\u2019\u00eele Maurice Lavage machine \u00e0 30 degr\u00e9 et \u00e0 l\u2019envers.<\/p>\n<p>Livraison : Votre commande pourra \u00eatre livr\u00e9e directement chez vous via La Poste en 2-3 jours ouvr\u00e9s. Vous pouvez \u00e9galement retirer votre commande \u00e0 la Boutique Ti Baba au 50 rue Jules Auber \u00e0 St Denis (un e-mail vous sera envoy\u00e9 lorsqu\u2019elle sera disponible en boutique). Retours : Vous pourrez retourner votre article (non port\u00e9, non lav\u00e9) s\u2019il ne vous conviennent pas (trop grand, trop petit, d\u00e9faut), \u00e0 partir du 15 Juillet jusqu\u2019\u00e0 la rentr\u00e9e. Nous pourrons \u00e0 ce moment l\u2019\u00e9changer, ou l\u2019ajuster (gr\u00e2ce \u00e0 notre f\u00e9e couturi\u00e8re Ti Baba).<\/p>\n","protected":false},"excerpt":{"rendered":"<p>Mati\u00e8re : COTON POPELINE<\/p>\n<p>Couleur : Bleu Marine<\/p>\n","protected":false},"featured_media":9906,"template":"","meta":{"_et_pb_use_builder":"","_et_pb_old_content":"","_et_gb_content_width":"","_monsterinsights_skip_tracking":false,"_monsterinsights_sitenote_active":false,"_monsterinsights_sitenote_note":"","_monsterinsights_sitenote_category":0,"jetpack_post_was_ever_published":false,"jetpack_publicize_message":"","jetpack_publicize_feature_enabled":true,"jetpack_social_post_already_shared":false,"jetpack_social_options":{"image_generator_settings":{"template":"highway","default_image_id":0,"font":"","enabled":false},"version":2}},"product_brand":[],"product_cat":[106],"product_tag":[],"class_list":{"0":"post-9880","1":"product","2":"type-product","3":"status-publish","4":"has-post-thumbnail","6":"product_cat-ecole","8":"first","9":"instock","10":"taxable","11":"shipping-taxable","12":"purchasable","13":"product-type-simple"},"yoast_head":"<!-- This site is optimized with the Yoast SEO plugin v27.1.1 - https:\/\/yoast.com\/product\/yoast-seo-wordpress\/ -->\n<title>Bob - Ti Baba La R\u00e9union<\/title>\n<meta name=\"robots\" content=\"index, follow, max-snippet:-1, max-image-preview:large, max-video-preview:-1\" \/>\n<link rel=\"canonical\" href=\"https:\/\/tibaba-lareunion.com\/?product=bob\" \/>\n<meta property=\"og:locale\" content=\"fr_FR\" \/>\n<meta property=\"og:type\" content=\"article\" \/>\n<meta property=\"og:title\" content=\"Bob - Ti Baba La R\u00e9union\" \/>\n<meta property=\"og:description\" content=\"Mati\u00e8re : COTON POPELINE  Couleur : Bleu Marine\" \/>\n<meta property=\"og:url\" content=\"https:\/\/tibaba-lareunion.com\/?product=bob\" \/>\n<meta property=\"og:site_name\" content=\"Ti Baba La R\u00e9union\" \/>\n<meta property=\"article:publisher\" content=\"https:\/\/www.facebook.com\/tibabalareunion\/?modal=admin_todo_tour\" \/>\n<meta property=\"article:modified_time\" content=\"2022-03-04T06:45:24+00:00\" \/>\n<meta property=\"og:image\" content=\"https:\/\/i0.wp.com\/tibaba-lareunion.com\/wp-content\/uploads\/2022\/02\/Sans-titre-31.jpg?fit=600%2C600&ssl=1\" \/>\n\t<meta property=\"og:image:width\" content=\"600\" \/>\n\t<meta property=\"og:image:height\" content=\"600\" \/>\n\t<meta property=\"og:image:type\" content=\"image\/jpeg\" \/>\n<meta name=\"twitter:card\" content=\"summary_large_image\" \/>\n<meta name=\"twitter:label1\" content=\"Dur\u00e9e de lecture estim\u00e9e\" \/>\n\t<meta name=\"twitter:data1\" content=\"1 minute\" \/>\n<script type=\"application\/ld+json\" class=\"yoast-schema-graph\">{\"@context\":\"https:\/\/schema.org\",\"@graph\":[{\"@type\":\"WebPage\",\"@id\":\"https:\/\/tibaba-lareunion.com\/?product=bob\",\"url\":\"https:\/\/tibaba-lareunion.com\/?product=bob\",\"name\":\"Bob - Ti Baba La R\u00e9union\",\"isPartOf\":{\"@id\":\"https:\/\/tibaba-lareunion.com\/#website\"},\"primaryImageOfPage\":{\"@id\":\"https:\/\/tibaba-lareunion.com\/?product=bob#primaryimage\"},\"image\":{\"@id\":\"https:\/\/tibaba-lareunion.com\/?product=bob#primaryimage\"},\"thumbnailUrl\":\"https:\/\/i0.wp.com\/tibaba-lareunion.com\/wp-content\/uploads\/2022\/02\/Sans-titre-31.jpg?fit=600%2C600&ssl=1\",\"datePublished\":\"2022-02-28T05:55:22+00:00\",\"dateModified\":\"2022-03-04T06:45:24+00:00\",\"breadcrumb\":{\"@id\":\"https:\/\/tibaba-lareunion.com\/?product=bob#breadcrumb\"},\"inLanguage\":\"fr-FR\",\"potentialAction\":[{\"@type\":\"ReadAction\",\"target\":[\"https:\/\/tibaba-lareunion.com\/?product=bob\"]}]},{\"@type\":\"ImageObject\",\"inLanguage\":\"fr-FR\",\"@id\":\"https:\/\/tibaba-lareunion.com\/?product=bob#primaryimage\",\"url\":\"https:\/\/i0.wp.com\/tibaba-lareunion.com\/wp-content\/uploads\/2022\/02\/Sans-titre-31.jpg?fit=600%2C600&ssl=1\",\"contentUrl\":\"https:\/\/i0.wp.com\/tibaba-lareunion.com\/wp-content\/uploads\/2022\/02\/Sans-titre-31.jpg?fit=600%2C600&ssl=1\",\"width\":600,\"height\":600},{\"@type\":\"BreadcrumbList\",\"@id\":\"https:\/\/tibaba-lareunion.com\/?product=bob#breadcrumb\",\"itemListElement\":[{\"@type\":\"ListItem\",\"position\":1,\"name\":\"Accueil\",\"item\":\"https:\/\/tibaba-lareunion.com\/\"},{\"@type\":\"ListItem\",\"position\":2,\"name\":\"Boutique\",\"item\":\"https:\/\/tibaba-lareunion.com\/?page_id=943\"},{\"@type\":\"ListItem\",\"position\":3,\"name\":\"Bob\"}]},{\"@type\":\"WebSite\",\"@id\":\"https:\/\/tibaba-lareunion.com\/#website\",\"url\":\"https:\/\/tibaba-lareunion.com\/\",\"name\":\"Ti Baba La R\u00e9union\",\"description\":\"Allons bouger !\",\"potentialAction\":[{\"@type\":\"SearchAction\",\"target\":{\"@type\":\"EntryPoint\",\"urlTemplate\":\"https:\/\/tibaba-lareunion.com\/?s={search_term_string}\"},\"query-input\":{\"@type\":\"PropertyValueSpecification\",\"valueRequired\":true,\"valueName\":\"search_term_string\"}}],\"inLanguage\":\"fr-FR\"}]}<\/script>\n<!-- \/ Yoast SEO plugin. -->","yoast_head_json":{"title":"Bob - Ti Baba La R\u00e9union","robots":{"index":"index","follow":"follow","max-snippet":"max-snippet:-1","max-image-preview":"max-image-preview:large","max-video-preview":"max-video-preview:-1"},"canonical":"https:\/\/tibaba-lareunion.com\/?product=bob","og_locale":"fr_FR","og_type":"article","og_title":"Bob - Ti Baba La R\u00e9union","og_description":"Mati\u00e8re : COTON POPELINE  Couleur : Bleu Marine","og_url":"https:\/\/tibaba-lareunion.com\/?product=bob","og_site_name":"Ti Baba La R\u00e9union","article_publisher":"https:\/\/www.facebook.com\/tibabalareunion\/?modal=admin_todo_tour","article_modified_time":"2022-03-04T06:45:24+00:00","og_image":[{"width":600,"height":600,"url":"https:\/\/i0.wp.com\/tibaba-lareunion.com\/wp-content\/uploads\/2022\/02\/Sans-titre-31.jpg?fit=600%2C600&ssl=1","type":"image\/jpeg"}],"twitter_card":"summary_large_image","twitter_misc":{"Dur\u00e9e de lecture estim\u00e9e":"1 minute"},"schema":{"@context":"https:\/\/schema.org","@graph":[{"@type":"WebPage","@id":"https:\/\/tibaba-lareunion.com\/?product=bob","url":"https:\/\/tibaba-lareunion.com\/?product=bob","name":"Bob - Ti Baba La R\u00e9union","isPartOf":{"@id":"https:\/\/tibaba-lareunion.com\/#website"},"primaryImageOfPage":{"@id":"https:\/\/tibaba-lareunion.com\/?product=bob#primaryimage"},"image":{"@id":"https:\/\/tibaba-lareunion.com\/?product=bob#primaryimage"},"thumbnailUrl":"https:\/\/i0.wp.com\/tibaba-lareunion.com\/wp-content\/uploads\/2022\/02\/Sans-titre-31.jpg?fit=600%2C600&ssl=1","datePublished":"2022-02-28T05:55:22+00:00","dateModified":"2022-03-04T06:45:24+00:00","breadcrumb":{"@id":"https:\/\/tibaba-lareunion.com\/?product=bob#breadcrumb"},"inLanguage":"fr-FR","potentialAction":[{"@type":"ReadAction","target":["https:\/\/tibaba-lareunion.com\/?product=bob"]}]},{"@type":"ImageObject","inLanguage":"fr-FR","@id":"https:\/\/tibaba-lareunion.com\/?product=bob#primaryimage","url":"https:\/\/i0.wp.com\/tibaba-lareunion.com\/wp-content\/uploads\/2022\/02\/Sans-titre-31.jpg?fit=600%2C600&ssl=1","contentUrl":"https:\/\/i0.wp.com\/tibaba-lareunion.com\/wp-content\/uploads\/2022\/02\/Sans-titre-31.jpg?fit=600%2C600&ssl=1","width":600,"height":600},{"@type":"BreadcrumbList","@id":"https:\/\/tibaba-lareunion.com\/?product=bob#breadcrumb","itemListElement":[{"@type":"ListItem","position":1,"name":"Accueil","item":"https:\/\/tibaba-lareunion.com\/"},{"@type":"ListItem","position":2,"name":"Boutique","item":"https:\/\/tibaba-lareunion.com\/?page_id=943"},{"@type":"ListItem","position":3,"name":"Bob"}]},{"@type":"WebSite","@id":"https:\/\/tibaba-lareunion.com\/#website","url":"https:\/\/tibaba-lareunion.com\/","name":"Ti Baba La R\u00e9union","description":"Allons bouger !","potentialAction":[{"@type":"SearchAction","target":{"@type":"EntryPoint","urlTemplate":"https:\/\/tibaba-lareunion.com\/?s={search_term_string}"},"query-input":{"@type":"PropertyValueSpecification","valueRequired":true,"valueName":"search_term_string"}}],"inLanguage":"fr-FR"}]}},"jetpack_publicize_connections":[],"jetpack_sharing_enabled":true,"_links":{"self":[{"href":"https:\/\/tibaba-lareunion.com\/index.php?rest_route=\/wp\/v2\/product\/9880","targetHints":{"allow":["GET"]}}],"collection":[{"href":"https:\/\/tibaba-lareunion.com\/index.php?rest_route=\/wp\/v2\/product"}],"about":[{"href":"https:\/\/tibaba-lareunion.com\/index.php?rest_route=\/wp\/v2\/types\/product"}],"wp:featuredmedia":[{"embeddable":true,"href":"https:\/\/tibaba-lareunion.com\/index.php?rest_route=\/wp\/v2\/media\/9906"}],"wp:attachment":[{"href":"https:\/\/tibaba-lareunion.com\/index.php?rest_route=%2Fwp%2Fv2%2Fmedia&parent=9880"}],"wp:term":[{"taxonomy":"product_brand","embeddable":true,"href":"https:\/\/tibaba-lareunion.com\/index.php?rest_route=%2Fwp%2Fv2%2Fproduct_brand&post=9880"},{"taxonomy":"product_cat","embeddable":true,"href":"https:\/\/tibaba-lareunion.com\/index.php?rest_route=%2Fwp%2Fv2%2Fproduct_cat&post=9880"},{"taxonomy":"product_tag","embeddable":true,"href":"https:\/\/tibaba-lareunion.com\/index.php?rest_route=%2Fwp%2Fv2%2Fproduct_tag&post=9880"}],"curies":[{"name":"wp","href":"https:\/\/api.w.org\/{rel}","templated":true}]}}