{"id":7928,"date":"2020-12-07T18:38:52","date_gmt":"2020-12-07T14:38:52","guid":{"rendered":"https:\/\/tibaba-lareunion.com\/?post_type=product&#038;p=7928"},"modified":"2023-11-30T10:37:20","modified_gmt":"2023-11-30T06:37:20","slug":"robe-mere-a-fleur","status":"publish","type":"product","link":"https:\/\/tibaba-lareunion.com\/?product=robe-mere-a-fleur","title":{"rendered":"Robe M\u00e8re \u00e0 Fleur"},"content":{"rendered":"<p><div class='et-slide'>\n\t\t\t\t\t\n\t\t\t\t<\/div><strong>INFORMATION SUR L&rsquo;ARTICLE :<\/strong><\/p>\n<h5>Robe M\u00e8re \u00e0 Fleur de la collection m\u00e8re-fille<\/h5>\n<ul>\n<li>\n<h5>100% Coton<\/h5>\n<\/li>\n<li>\n<h5>Epaisseur : 160g\/m\u00b2<\/h5>\n<\/li>\n<li>\n<h5>Ouverture facile pour b\u00e9b\u00e9 et fillette<\/h5>\n<\/li>\n<li>\n<h5>Cache coeur pour les femme, afin de facilit\u00e9 l&rsquo;allaitement<\/h5>\n<\/li>\n<\/ul>\n<p><strong>ENTRETIEN :<\/strong><\/p>\n<ul>\n<li>\n<h5>Lavage en machine<\/h5>\n<\/li>\n<\/ul>\n<p><em>\u00a0 \u00a0 \u00a0 \u00a0<a href=\"https:\/\/tibaba-lareunion.com\/guide-des-tailles\/\">&lt;&lt; Guide des tailles<\/a><\/em><\/p>\n","protected":false},"excerpt":{"rendered":"<p>Les mannequins de la 1\u00e8re photo portent du M et du 18-24 mois<\/p>\n<h5><em><a href=\"https:\/\/tibaba-lareunion.com\/guide-des-tailles\/\">&lt;&lt; Guide des tailles<\/a><\/em><\/h5>\n","protected":false},"featured_media":7921,"template":"","meta":{"_et_pb_use_builder":"","_et_pb_old_content":"","_et_gb_content_width":"","_monsterinsights_skip_tracking":false,"_monsterinsights_sitenote_active":false,"_monsterinsights_sitenote_note":"","_monsterinsights_sitenote_category":0,"jetpack_post_was_ever_published":false,"jetpack_publicize_message":"","jetpack_publicize_feature_enabled":true,"jetpack_social_post_already_shared":true,"jetpack_social_options":{"image_generator_settings":{"template":"highway","default_image_id":0,"font":"","enabled":false},"version":2}},"product_brand":[],"product_cat":[91],"product_tag":[],"class_list":{"0":"post-7928","1":"product","2":"type-product","3":"status-publish","4":"has-post-thumbnail","6":"product_cat-baba-fille","8":"first","9":"instock","10":"taxable","11":"shipping-taxable","12":"purchasable","13":"product-type-variable"},"yoast_head":"<!-- This site is optimized with the Yoast SEO plugin v27.1.1 - https:\/\/yoast.com\/product\/yoast-seo-wordpress\/ -->\n<title>Robe M\u00e8re \u00e0 Fleur - Ti Baba La R\u00e9union<\/title>\n<meta name=\"robots\" content=\"index, follow, max-snippet:-1, max-image-preview:large, max-video-preview:-1\" \/>\n<link rel=\"canonical\" href=\"https:\/\/tibaba-lareunion.com\/?product=robe-mere-a-fleur\" \/>\n<meta property=\"og:locale\" content=\"fr_FR\" \/>\n<meta property=\"og:type\" content=\"article\" \/>\n<meta property=\"og:title\" content=\"Robe M\u00e8re \u00e0 Fleur - Ti Baba La R\u00e9union\" \/>\n<meta property=\"og:description\" content=\"Les mannequins de la 1\u00e8re photo portent du M et du 18-24 mois &lt;&lt; Guide des tailles\" \/>\n<meta property=\"og:url\" content=\"https:\/\/tibaba-lareunion.com\/?product=robe-mere-a-fleur\" \/>\n<meta property=\"og:site_name\" content=\"Ti Baba La R\u00e9union\" \/>\n<meta property=\"article:publisher\" content=\"https:\/\/www.facebook.com\/tibabalareunion\/?modal=admin_todo_tour\" \/>\n<meta property=\"article:modified_time\" content=\"2023-11-30T06:37:20+00:00\" \/>\n<meta property=\"og:image\" content=\"https:\/\/i0.wp.com\/tibaba-lareunion.com\/wp-content\/uploads\/2020\/12\/MERE-FILLE2-scaled.jpg?fit=2560%2C2560&ssl=1\" \/>\n\t<meta property=\"og:image:width\" content=\"2560\" \/>\n\t<meta property=\"og:image:height\" content=\"2560\" \/>\n\t<meta property=\"og:image:type\" content=\"image\/jpeg\" \/>\n<meta name=\"twitter:card\" content=\"summary_large_image\" \/>\n<script type=\"application\/ld+json\" class=\"yoast-schema-graph\">{\"@context\":\"https:\/\/schema.org\",\"@graph\":[{\"@type\":\"WebPage\",\"@id\":\"https:\/\/tibaba-lareunion.com\/?product=robe-mere-a-fleur\",\"url\":\"https:\/\/tibaba-lareunion.com\/?product=robe-mere-a-fleur\",\"name\":\"Robe M\u00e8re \u00e0 Fleur - Ti Baba La R\u00e9union\",\"isPartOf\":{\"@id\":\"https:\/\/tibaba-lareunion.com\/#website\"},\"primaryImageOfPage\":{\"@id\":\"https:\/\/tibaba-lareunion.com\/?product=robe-mere-a-fleur#primaryimage\"},\"image\":{\"@id\":\"https:\/\/tibaba-lareunion.com\/?product=robe-mere-a-fleur#primaryimage\"},\"thumbnailUrl\":\"https:\/\/i0.wp.com\/tibaba-lareunion.com\/wp-content\/uploads\/2020\/12\/MERE-FILLE2-scaled.jpg?fit=2560%2C2560&ssl=1\",\"datePublished\":\"2020-12-07T14:38:52+00:00\",\"dateModified\":\"2023-11-30T06:37:20+00:00\",\"breadcrumb\":{\"@id\":\"https:\/\/tibaba-lareunion.com\/?product=robe-mere-a-fleur#breadcrumb\"},\"inLanguage\":\"fr-FR\",\"potentialAction\":[{\"@type\":\"ReadAction\",\"target\":[\"https:\/\/tibaba-lareunion.com\/?product=robe-mere-a-fleur\"]}]},{\"@type\":\"ImageObject\",\"inLanguage\":\"fr-FR\",\"@id\":\"https:\/\/tibaba-lareunion.com\/?product=robe-mere-a-fleur#primaryimage\",\"url\":\"https:\/\/i0.wp.com\/tibaba-lareunion.com\/wp-content\/uploads\/2020\/12\/MERE-FILLE2-scaled.jpg?fit=2560%2C2560&ssl=1\",\"contentUrl\":\"https:\/\/i0.wp.com\/tibaba-lareunion.com\/wp-content\/uploads\/2020\/12\/MERE-FILLE2-scaled.jpg?fit=2560%2C2560&ssl=1\",\"width\":2560,\"height\":2560},{\"@type\":\"BreadcrumbList\",\"@id\":\"https:\/\/tibaba-lareunion.com\/?product=robe-mere-a-fleur#breadcrumb\",\"itemListElement\":[{\"@type\":\"ListItem\",\"position\":1,\"name\":\"Accueil\",\"item\":\"https:\/\/tibaba-lareunion.com\/\"},{\"@type\":\"ListItem\",\"position\":2,\"name\":\"Boutique\",\"item\":\"https:\/\/tibaba-lareunion.com\/?page_id=943\"},{\"@type\":\"ListItem\",\"position\":3,\"name\":\"Robe M\u00e8re \u00e0 Fleur\"}]},{\"@type\":\"WebSite\",\"@id\":\"https:\/\/tibaba-lareunion.com\/#website\",\"url\":\"https:\/\/tibaba-lareunion.com\/\",\"name\":\"Ti Baba La R\u00e9union\",\"description\":\"Allons bouger !\",\"potentialAction\":[{\"@type\":\"SearchAction\",\"target\":{\"@type\":\"EntryPoint\",\"urlTemplate\":\"https:\/\/tibaba-lareunion.com\/?s={search_term_string}\"},\"query-input\":{\"@type\":\"PropertyValueSpecification\",\"valueRequired\":true,\"valueName\":\"search_term_string\"}}],\"inLanguage\":\"fr-FR\"}]}<\/script>\n<!-- \/ Yoast SEO plugin. -->","yoast_head_json":{"title":"Robe M\u00e8re \u00e0 Fleur - Ti Baba La R\u00e9union","robots":{"index":"index","follow":"follow","max-snippet":"max-snippet:-1","max-image-preview":"max-image-preview:large","max-video-preview":"max-video-preview:-1"},"canonical":"https:\/\/tibaba-lareunion.com\/?product=robe-mere-a-fleur","og_locale":"fr_FR","og_type":"article","og_title":"Robe M\u00e8re \u00e0 Fleur - Ti Baba La R\u00e9union","og_description":"Les mannequins de la 1\u00e8re photo portent du M et du 18-24 mois &lt;&lt; Guide des tailles","og_url":"https:\/\/tibaba-lareunion.com\/?product=robe-mere-a-fleur","og_site_name":"Ti Baba La R\u00e9union","article_publisher":"https:\/\/www.facebook.com\/tibabalareunion\/?modal=admin_todo_tour","article_modified_time":"2023-11-30T06:37:20+00:00","og_image":[{"width":2560,"height":2560,"url":"https:\/\/i0.wp.com\/tibaba-lareunion.com\/wp-content\/uploads\/2020\/12\/MERE-FILLE2-scaled.jpg?fit=2560%2C2560&ssl=1","type":"image\/jpeg"}],"twitter_card":"summary_large_image","schema":{"@context":"https:\/\/schema.org","@graph":[{"@type":"WebPage","@id":"https:\/\/tibaba-lareunion.com\/?product=robe-mere-a-fleur","url":"https:\/\/tibaba-lareunion.com\/?product=robe-mere-a-fleur","name":"Robe M\u00e8re \u00e0 Fleur - Ti Baba La R\u00e9union","isPartOf":{"@id":"https:\/\/tibaba-lareunion.com\/#website"},"primaryImageOfPage":{"@id":"https:\/\/tibaba-lareunion.com\/?product=robe-mere-a-fleur#primaryimage"},"image":{"@id":"https:\/\/tibaba-lareunion.com\/?product=robe-mere-a-fleur#primaryimage"},"thumbnailUrl":"https:\/\/i0.wp.com\/tibaba-lareunion.com\/wp-content\/uploads\/2020\/12\/MERE-FILLE2-scaled.jpg?fit=2560%2C2560&ssl=1","datePublished":"2020-12-07T14:38:52+00:00","dateModified":"2023-11-30T06:37:20+00:00","breadcrumb":{"@id":"https:\/\/tibaba-lareunion.com\/?product=robe-mere-a-fleur#breadcrumb"},"inLanguage":"fr-FR","potentialAction":[{"@type":"ReadAction","target":["https:\/\/tibaba-lareunion.com\/?product=robe-mere-a-fleur"]}]},{"@type":"ImageObject","inLanguage":"fr-FR","@id":"https:\/\/tibaba-lareunion.com\/?product=robe-mere-a-fleur#primaryimage","url":"https:\/\/i0.wp.com\/tibaba-lareunion.com\/wp-content\/uploads\/2020\/12\/MERE-FILLE2-scaled.jpg?fit=2560%2C2560&ssl=1","contentUrl":"https:\/\/i0.wp.com\/tibaba-lareunion.com\/wp-content\/uploads\/2020\/12\/MERE-FILLE2-scaled.jpg?fit=2560%2C2560&ssl=1","width":2560,"height":2560},{"@type":"BreadcrumbList","@id":"https:\/\/tibaba-lareunion.com\/?product=robe-mere-a-fleur#breadcrumb","itemListElement":[{"@type":"ListItem","position":1,"name":"Accueil","item":"https:\/\/tibaba-lareunion.com\/"},{"@type":"ListItem","position":2,"name":"Boutique","item":"https:\/\/tibaba-lareunion.com\/?page_id=943"},{"@type":"ListItem","position":3,"name":"Robe M\u00e8re \u00e0 Fleur"}]},{"@type":"WebSite","@id":"https:\/\/tibaba-lareunion.com\/#website","url":"https:\/\/tibaba-lareunion.com\/","name":"Ti Baba La R\u00e9union","description":"Allons bouger !","potentialAction":[{"@type":"SearchAction","target":{"@type":"EntryPoint","urlTemplate":"https:\/\/tibaba-lareunion.com\/?s={search_term_string}"},"query-input":{"@type":"PropertyValueSpecification","valueRequired":true,"valueName":"search_term_string"}}],"inLanguage":"fr-FR"}]}},"jetpack_publicize_connections":[],"jetpack_sharing_enabled":true,"_links":{"self":[{"href":"https:\/\/tibaba-lareunion.com\/index.php?rest_route=\/wp\/v2\/product\/7928","targetHints":{"allow":["GET"]}}],"collection":[{"href":"https:\/\/tibaba-lareunion.com\/index.php?rest_route=\/wp\/v2\/product"}],"about":[{"href":"https:\/\/tibaba-lareunion.com\/index.php?rest_route=\/wp\/v2\/types\/product"}],"wp:featuredmedia":[{"embeddable":true,"href":"https:\/\/tibaba-lareunion.com\/index.php?rest_route=\/wp\/v2\/media\/7921"}],"wp:attachment":[{"href":"https:\/\/tibaba-lareunion.com\/index.php?rest_route=%2Fwp%2Fv2%2Fmedia&parent=7928"}],"wp:term":[{"taxonomy":"product_brand","embeddable":true,"href":"https:\/\/tibaba-lareunion.com\/index.php?rest_route=%2Fwp%2Fv2%2Fproduct_brand&post=7928"},{"taxonomy":"product_cat","embeddable":true,"href":"https:\/\/tibaba-lareunion.com\/index.php?rest_route=%2Fwp%2Fv2%2Fproduct_cat&post=7928"},{"taxonomy":"product_tag","embeddable":true,"href":"https:\/\/tibaba-lareunion.com\/index.php?rest_route=%2Fwp%2Fv2%2Fproduct_tag&post=7928"}],"curies":[{"name":"wp","href":"https:\/\/api.w.org\/{rel}","templated":true}]}}