{"id":13786,"date":"2026-02-25T17:00:27","date_gmt":"2026-02-25T13:00:27","guid":{"rendered":"https:\/\/tibaba-lareunion.com\/?post_type=product&#038;p=13786"},"modified":"2026-02-25T17:20:12","modified_gmt":"2026-02-25T13:20:12","slug":"short-de-sport-2","status":"publish","type":"product","link":"https:\/\/tibaba-lareunion.com\/?product=short-de-sport-2","title":{"rendered":"Short de sport"},"content":{"rendered":"<p>Mati\u00e8re : COTON JERSEY<\/p>\n<p>Couleur : Bleu Marine<\/p>\n<p data-start=\"0\" data-end=\"122\">Notre short de sport en jersey est con\u00e7u pour accompagner les enfants dans toutes leurs activit\u00e9s avec confort et libert\u00e9.<\/p>\n<p data-start=\"124\" data-end=\"334\">R\u00e9alis\u00e9 dans un jersey de coton souple et respirant, il est doux sur la peau et agr\u00e9able \u00e0 porter m\u00eame sous la chaleur. Sa mati\u00e8re extensible permet de bouger librement, courir, sauter et jouer sans contrainte.<\/p>\n<p data-start=\"336\" data-end=\"440\">\u2728 Sa coupe sportive et sa taille \u00e9lastiqu\u00e9e assurent un maintien confortable tout au long de la journ\u00e9e.<\/p>\n<p data-start=\"442\" data-end=\"460\">Caract\u00e9ristiques :<\/p>\n<p data-start=\"462\" data-end=\"706\">Jersey de coton doux et respirant<br data-start=\"495\" data-end=\"498\" \/>Mati\u00e8re souple et l\u00e9g\u00e8rement extensible<br data-start=\"537\" data-end=\"540\" \/>Taille \u00e9lastiqu\u00e9e confortable<br data-start=\"569\" data-end=\"572\" \/>Coupe sportive et pratique<br data-start=\"598\" data-end=\"601\" data-is-only-node=\"\" \/>L\u00e9ger et agr\u00e9able \u00e0 porter<br data-start=\"627\" data-end=\"630\" \/>R\u00e9sistant aux lavages fr\u00e9quents<br data-start=\"661\" data-end=\"664\" \/>Facile \u00e0 associer avec t-shirts ou polos<\/p>\n<p data-start=\"708\" data-end=\"793\" data-is-last-node=\"\" data-is-only-node=\"\">\ud83c\udf92 Le short id\u00e9al pour le sport \u00e0 l\u2019\u00e9cole comme pour les moments actifs du quotidien.<\/p>\n","protected":false},"excerpt":{"rendered":"<p>Mati\u00e8re : COTON JERSEY<\/p>\n<p>Couleur : BLEU MARINE<\/p>\n<p>&nbsp;<\/p>\n","protected":false},"featured_media":9938,"template":"","meta":{"_et_pb_use_builder":"","_et_pb_old_content":"","_et_gb_content_width":"","_monsterinsights_skip_tracking":false,"_monsterinsights_sitenote_active":false,"_monsterinsights_sitenote_note":"","_monsterinsights_sitenote_category":0,"jetpack_post_was_ever_published":false,"jetpack_publicize_message":"","jetpack_publicize_feature_enabled":true,"jetpack_social_post_already_shared":true,"jetpack_social_options":{"image_generator_settings":{"template":"highway","default_image_id":0,"font":"","enabled":false},"version":2}},"product_brand":[],"product_cat":[117],"product_tag":[],"class_list":{"0":"post-13786","1":"product","2":"type-product","3":"status-publish","4":"has-post-thumbnail","6":"product_cat-ecole-sainte-marguerite","8":"first","9":"instock","10":"taxable","11":"shipping-taxable","12":"purchasable","13":"product-type-variable"},"yoast_head":"<!-- This site is optimized with the Yoast SEO plugin v27.1.1 - https:\/\/yoast.com\/product\/yoast-seo-wordpress\/ -->\n<title>Short de sport - Ti Baba La R\u00e9union<\/title>\n<meta name=\"robots\" content=\"index, follow, max-snippet:-1, max-image-preview:large, max-video-preview:-1\" \/>\n<link rel=\"canonical\" href=\"https:\/\/tibaba-lareunion.com\/?product=short-de-sport-2\" \/>\n<meta property=\"og:locale\" content=\"fr_FR\" \/>\n<meta property=\"og:type\" content=\"article\" \/>\n<meta property=\"og:title\" content=\"Short de sport - Ti Baba La R\u00e9union\" \/>\n<meta property=\"og:description\" content=\"Mati\u00e8re : COTON JERSEY  Couleur : BLEU MARINE  &nbsp;\" \/>\n<meta property=\"og:url\" content=\"https:\/\/tibaba-lareunion.com\/?product=short-de-sport-2\" \/>\n<meta property=\"og:site_name\" content=\"Ti Baba La R\u00e9union\" \/>\n<meta property=\"article:publisher\" content=\"https:\/\/www.facebook.com\/tibabalareunion\/?modal=admin_todo_tour\" \/>\n<meta property=\"article:modified_time\" content=\"2026-02-25T13:20:12+00:00\" \/>\n<meta property=\"og:image\" content=\"https:\/\/i0.wp.com\/tibaba-lareunion.com\/wp-content\/uploads\/2022\/02\/DSC_8299.jpg?fit=600%2C600&ssl=1\" \/>\n\t<meta property=\"og:image:width\" content=\"600\" \/>\n\t<meta property=\"og:image:height\" content=\"600\" \/>\n\t<meta property=\"og:image:type\" content=\"image\/jpeg\" \/>\n<meta name=\"twitter:card\" content=\"summary_large_image\" \/>\n<meta name=\"twitter:label1\" content=\"Dur\u00e9e de lecture estim\u00e9e\" \/>\n\t<meta name=\"twitter:data1\" content=\"1 minute\" \/>\n<script type=\"application\/ld+json\" class=\"yoast-schema-graph\">{\"@context\":\"https:\/\/schema.org\",\"@graph\":[{\"@type\":\"WebPage\",\"@id\":\"https:\/\/tibaba-lareunion.com\/?product=short-de-sport-2\",\"url\":\"https:\/\/tibaba-lareunion.com\/?product=short-de-sport-2\",\"name\":\"Short de sport - Ti Baba La R\u00e9union\",\"isPartOf\":{\"@id\":\"https:\/\/tibaba-lareunion.com\/#website\"},\"primaryImageOfPage\":{\"@id\":\"https:\/\/tibaba-lareunion.com\/?product=short-de-sport-2#primaryimage\"},\"image\":{\"@id\":\"https:\/\/tibaba-lareunion.com\/?product=short-de-sport-2#primaryimage\"},\"thumbnailUrl\":\"https:\/\/i0.wp.com\/tibaba-lareunion.com\/wp-content\/uploads\/2022\/02\/DSC_8299.jpg?fit=600%2C600&ssl=1\",\"datePublished\":\"2026-02-25T13:00:27+00:00\",\"dateModified\":\"2026-02-25T13:20:12+00:00\",\"breadcrumb\":{\"@id\":\"https:\/\/tibaba-lareunion.com\/?product=short-de-sport-2#breadcrumb\"},\"inLanguage\":\"fr-FR\",\"potentialAction\":[{\"@type\":\"ReadAction\",\"target\":[\"https:\/\/tibaba-lareunion.com\/?product=short-de-sport-2\"]}]},{\"@type\":\"ImageObject\",\"inLanguage\":\"fr-FR\",\"@id\":\"https:\/\/tibaba-lareunion.com\/?product=short-de-sport-2#primaryimage\",\"url\":\"https:\/\/i0.wp.com\/tibaba-lareunion.com\/wp-content\/uploads\/2022\/02\/DSC_8299.jpg?fit=600%2C600&ssl=1\",\"contentUrl\":\"https:\/\/i0.wp.com\/tibaba-lareunion.com\/wp-content\/uploads\/2022\/02\/DSC_8299.jpg?fit=600%2C600&ssl=1\",\"width\":600,\"height\":600},{\"@type\":\"BreadcrumbList\",\"@id\":\"https:\/\/tibaba-lareunion.com\/?product=short-de-sport-2#breadcrumb\",\"itemListElement\":[{\"@type\":\"ListItem\",\"position\":1,\"name\":\"Accueil\",\"item\":\"https:\/\/tibaba-lareunion.com\/\"},{\"@type\":\"ListItem\",\"position\":2,\"name\":\"Boutique\",\"item\":\"https:\/\/tibaba-lareunion.com\/?page_id=943\"},{\"@type\":\"ListItem\",\"position\":3,\"name\":\"Short de sport\"}]},{\"@type\":\"WebSite\",\"@id\":\"https:\/\/tibaba-lareunion.com\/#website\",\"url\":\"https:\/\/tibaba-lareunion.com\/\",\"name\":\"Ti Baba La R\u00e9union\",\"description\":\"Allons bouger !\",\"potentialAction\":[{\"@type\":\"SearchAction\",\"target\":{\"@type\":\"EntryPoint\",\"urlTemplate\":\"https:\/\/tibaba-lareunion.com\/?s={search_term_string}\"},\"query-input\":{\"@type\":\"PropertyValueSpecification\",\"valueRequired\":true,\"valueName\":\"search_term_string\"}}],\"inLanguage\":\"fr-FR\"}]}<\/script>\n<!-- \/ Yoast SEO plugin. -->","yoast_head_json":{"title":"Short de sport - Ti Baba La R\u00e9union","robots":{"index":"index","follow":"follow","max-snippet":"max-snippet:-1","max-image-preview":"max-image-preview:large","max-video-preview":"max-video-preview:-1"},"canonical":"https:\/\/tibaba-lareunion.com\/?product=short-de-sport-2","og_locale":"fr_FR","og_type":"article","og_title":"Short de sport - Ti Baba La R\u00e9union","og_description":"Mati\u00e8re : COTON JERSEY  Couleur : BLEU MARINE  &nbsp;","og_url":"https:\/\/tibaba-lareunion.com\/?product=short-de-sport-2","og_site_name":"Ti Baba La R\u00e9union","article_publisher":"https:\/\/www.facebook.com\/tibabalareunion\/?modal=admin_todo_tour","article_modified_time":"2026-02-25T13:20:12+00:00","og_image":[{"url":"https:\/\/i0.wp.com\/tibaba-lareunion.com\/wp-content\/uploads\/2022\/02\/DSC_8299.jpg?fit=600%2C600&ssl=1","width":600,"height":600,"type":"image\/jpeg"}],"twitter_card":"summary_large_image","twitter_misc":{"Dur\u00e9e de lecture estim\u00e9e":"1 minute"},"schema":{"@context":"https:\/\/schema.org","@graph":[{"@type":"WebPage","@id":"https:\/\/tibaba-lareunion.com\/?product=short-de-sport-2","url":"https:\/\/tibaba-lareunion.com\/?product=short-de-sport-2","name":"Short de sport - Ti Baba La R\u00e9union","isPartOf":{"@id":"https:\/\/tibaba-lareunion.com\/#website"},"primaryImageOfPage":{"@id":"https:\/\/tibaba-lareunion.com\/?product=short-de-sport-2#primaryimage"},"image":{"@id":"https:\/\/tibaba-lareunion.com\/?product=short-de-sport-2#primaryimage"},"thumbnailUrl":"https:\/\/i0.wp.com\/tibaba-lareunion.com\/wp-content\/uploads\/2022\/02\/DSC_8299.jpg?fit=600%2C600&ssl=1","datePublished":"2026-02-25T13:00:27+00:00","dateModified":"2026-02-25T13:20:12+00:00","breadcrumb":{"@id":"https:\/\/tibaba-lareunion.com\/?product=short-de-sport-2#breadcrumb"},"inLanguage":"fr-FR","potentialAction":[{"@type":"ReadAction","target":["https:\/\/tibaba-lareunion.com\/?product=short-de-sport-2"]}]},{"@type":"ImageObject","inLanguage":"fr-FR","@id":"https:\/\/tibaba-lareunion.com\/?product=short-de-sport-2#primaryimage","url":"https:\/\/i0.wp.com\/tibaba-lareunion.com\/wp-content\/uploads\/2022\/02\/DSC_8299.jpg?fit=600%2C600&ssl=1","contentUrl":"https:\/\/i0.wp.com\/tibaba-lareunion.com\/wp-content\/uploads\/2022\/02\/DSC_8299.jpg?fit=600%2C600&ssl=1","width":600,"height":600},{"@type":"BreadcrumbList","@id":"https:\/\/tibaba-lareunion.com\/?product=short-de-sport-2#breadcrumb","itemListElement":[{"@type":"ListItem","position":1,"name":"Accueil","item":"https:\/\/tibaba-lareunion.com\/"},{"@type":"ListItem","position":2,"name":"Boutique","item":"https:\/\/tibaba-lareunion.com\/?page_id=943"},{"@type":"ListItem","position":3,"name":"Short de sport"}]},{"@type":"WebSite","@id":"https:\/\/tibaba-lareunion.com\/#website","url":"https:\/\/tibaba-lareunion.com\/","name":"Ti Baba La R\u00e9union","description":"Allons bouger !","potentialAction":[{"@type":"SearchAction","target":{"@type":"EntryPoint","urlTemplate":"https:\/\/tibaba-lareunion.com\/?s={search_term_string}"},"query-input":{"@type":"PropertyValueSpecification","valueRequired":true,"valueName":"search_term_string"}}],"inLanguage":"fr-FR"}]}},"jetpack_publicize_connections":[],"jetpack_sharing_enabled":true,"_links":{"self":[{"href":"https:\/\/tibaba-lareunion.com\/index.php?rest_route=\/wp\/v2\/product\/13786","targetHints":{"allow":["GET"]}}],"collection":[{"href":"https:\/\/tibaba-lareunion.com\/index.php?rest_route=\/wp\/v2\/product"}],"about":[{"href":"https:\/\/tibaba-lareunion.com\/index.php?rest_route=\/wp\/v2\/types\/product"}],"wp:featuredmedia":[{"embeddable":true,"href":"https:\/\/tibaba-lareunion.com\/index.php?rest_route=\/wp\/v2\/media\/9938"}],"wp:attachment":[{"href":"https:\/\/tibaba-lareunion.com\/index.php?rest_route=%2Fwp%2Fv2%2Fmedia&parent=13786"}],"wp:term":[{"taxonomy":"product_brand","embeddable":true,"href":"https:\/\/tibaba-lareunion.com\/index.php?rest_route=%2Fwp%2Fv2%2Fproduct_brand&post=13786"},{"taxonomy":"product_cat","embeddable":true,"href":"https:\/\/tibaba-lareunion.com\/index.php?rest_route=%2Fwp%2Fv2%2Fproduct_cat&post=13786"},{"taxonomy":"product_tag","embeddable":true,"href":"https:\/\/tibaba-lareunion.com\/index.php?rest_route=%2Fwp%2Fv2%2Fproduct_tag&post=13786"}],"curies":[{"name":"wp","href":"https:\/\/api.w.org\/{rel}","templated":true}]}}