{"id":13783,"date":"2026-02-25T16:17:27","date_gmt":"2026-02-25T12:17:27","guid":{"rendered":"https:\/\/tibaba-lareunion.com\/?post_type=product&#038;p=13783"},"modified":"2026-02-25T21:55:36","modified_gmt":"2026-02-25T17:55:36","slug":"debardeur-vert","status":"publish","type":"product","link":"https:\/\/tibaba-lareunion.com\/?product=debardeur-vert","title":{"rendered":"D\u00e9bardeur Vert"},"content":{"rendered":"<p>Mati\u00e8re : COTON JERSEY<\/p>\n<p>Couleur : VERT<\/p>\n<p data-start=\"75\" data-end=\"192\">Notre marcel vert est un indispensable du vestiaire scolaire, alliant l\u00e9g\u00e8ret\u00e9, confort et simplicit\u00e9 au quotidien.<\/p>\n<p data-start=\"194\" data-end=\"417\">Confectionn\u00e9 dans un coton doux et respirant, il est agr\u00e9able \u00e0 porter tout au long de la journ\u00e9e, particuli\u00e8rement sous le soleil. Sa mati\u00e8re l\u00e9g\u00e8re assure une belle tenue tout en laissant une vraie libert\u00e9 de mouvement.<\/p>\n<p data-start=\"419\" data-end=\"532\">\u2728 Son vert lumineux apporte une touche de fra\u00eecheur tout en restant facile \u00e0 associer avec l\u2019uniforme scolaire.<\/p>\n<p data-start=\"534\" data-end=\"558\"><strong data-start=\"534\" data-end=\"556\">Caract\u00e9ristiques :<\/strong><\/p>\n<p data-start=\"560\" data-end=\"775\">Coton doux et respirant<br data-start=\"583\" data-end=\"586\" \/>Coupe confortable et bien ajust\u00e9e<br data-start=\"619\" data-end=\"622\" \/>Emmanchures larges pour plus d\u2019aisance<br data-start=\"660\" data-end=\"663\" \/>Tissu r\u00e9sistant et durable<br data-start=\"689\" data-end=\"692\" \/>Supporte les lavages fr\u00e9quents<br data-start=\"722\" data-end=\"725\" \/>Facile \u00e0 associer avec shorts ou bermudas<\/p>\n<p data-start=\"777\" data-end=\"862\" data-is-last-node=\"\" data-is-only-node=\"\">\ud83c\udf92 Un essentiel l\u00e9ger et pratique, parfait pour l\u2019\u00e9cole et les journ\u00e9es ensoleill\u00e9es.<\/p>\n","protected":false},"excerpt":{"rendered":"<p>Mati\u00e8re : COTON JERSEY<\/p>\n<p>Couleur : VERT<\/p>\n<p>&nbsp;<\/p>\n","protected":false},"featured_media":13794,"template":"","meta":{"_et_pb_use_builder":"","_et_pb_old_content":"","_et_gb_content_width":"","_monsterinsights_skip_tracking":false,"_monsterinsights_sitenote_active":false,"_monsterinsights_sitenote_note":"","_monsterinsights_sitenote_category":0,"jetpack_post_was_ever_published":false,"jetpack_publicize_message":"","jetpack_publicize_feature_enabled":true,"jetpack_social_post_already_shared":true,"jetpack_social_options":{"image_generator_settings":{"template":"highway","default_image_id":0,"font":"","enabled":false},"version":2}},"product_brand":[],"product_cat":[117],"product_tag":[],"class_list":{"0":"post-13783","1":"product","2":"type-product","3":"status-publish","4":"has-post-thumbnail","6":"product_cat-ecole-sainte-marguerite","8":"first","9":"instock","10":"taxable","11":"shipping-taxable","12":"purchasable","13":"product-type-variable"},"yoast_head":"<!-- This site is optimized with the Yoast SEO plugin v27.1.1 - https:\/\/yoast.com\/product\/yoast-seo-wordpress\/ -->\n<title>D\u00e9bardeur Vert - Ti Baba La R\u00e9union<\/title>\n<meta name=\"robots\" content=\"index, follow, max-snippet:-1, max-image-preview:large, max-video-preview:-1\" \/>\n<link rel=\"canonical\" href=\"https:\/\/tibaba-lareunion.com\/?product=debardeur-vert\" \/>\n<meta property=\"og:locale\" content=\"fr_FR\" \/>\n<meta property=\"og:type\" content=\"article\" \/>\n<meta property=\"og:title\" content=\"D\u00e9bardeur Vert - Ti Baba La R\u00e9union\" \/>\n<meta property=\"og:description\" content=\"Mati\u00e8re : COTON JERSEY  Couleur : VERT  &nbsp;\" \/>\n<meta property=\"og:url\" content=\"https:\/\/tibaba-lareunion.com\/?product=debardeur-vert\" \/>\n<meta property=\"og:site_name\" content=\"Ti Baba La R\u00e9union\" \/>\n<meta property=\"article:publisher\" content=\"https:\/\/www.facebook.com\/tibabalareunion\/?modal=admin_todo_tour\" \/>\n<meta property=\"article:modified_time\" content=\"2026-02-25T17:55:36+00:00\" \/>\n<meta property=\"og:image\" content=\"https:\/\/i0.wp.com\/tibaba-lareunion.com\/wp-content\/uploads\/2026\/02\/Capture-decran-2026-02-25-a-16.30.07.png?fit=492%2C992&ssl=1\" \/>\n\t<meta property=\"og:image:width\" content=\"492\" \/>\n\t<meta property=\"og:image:height\" content=\"992\" \/>\n\t<meta property=\"og:image:type\" content=\"image\/png\" \/>\n<meta name=\"twitter:card\" content=\"summary_large_image\" \/>\n<meta name=\"twitter:label1\" content=\"Dur\u00e9e de lecture estim\u00e9e\" \/>\n\t<meta name=\"twitter:data1\" content=\"1 minute\" \/>\n<script type=\"application\/ld+json\" class=\"yoast-schema-graph\">{\"@context\":\"https:\/\/schema.org\",\"@graph\":[{\"@type\":\"WebPage\",\"@id\":\"https:\/\/tibaba-lareunion.com\/?product=debardeur-vert\",\"url\":\"https:\/\/tibaba-lareunion.com\/?product=debardeur-vert\",\"name\":\"D\u00e9bardeur Vert - Ti Baba La R\u00e9union\",\"isPartOf\":{\"@id\":\"https:\/\/tibaba-lareunion.com\/#website\"},\"primaryImageOfPage\":{\"@id\":\"https:\/\/tibaba-lareunion.com\/?product=debardeur-vert#primaryimage\"},\"image\":{\"@id\":\"https:\/\/tibaba-lareunion.com\/?product=debardeur-vert#primaryimage\"},\"thumbnailUrl\":\"https:\/\/i0.wp.com\/tibaba-lareunion.com\/wp-content\/uploads\/2026\/02\/Capture-decran-2026-02-25-a-16.30.07.png?fit=492%2C992&ssl=1\",\"datePublished\":\"2026-02-25T12:17:27+00:00\",\"dateModified\":\"2026-02-25T17:55:36+00:00\",\"breadcrumb\":{\"@id\":\"https:\/\/tibaba-lareunion.com\/?product=debardeur-vert#breadcrumb\"},\"inLanguage\":\"fr-FR\",\"potentialAction\":[{\"@type\":\"ReadAction\",\"target\":[\"https:\/\/tibaba-lareunion.com\/?product=debardeur-vert\"]}]},{\"@type\":\"ImageObject\",\"inLanguage\":\"fr-FR\",\"@id\":\"https:\/\/tibaba-lareunion.com\/?product=debardeur-vert#primaryimage\",\"url\":\"https:\/\/i0.wp.com\/tibaba-lareunion.com\/wp-content\/uploads\/2026\/02\/Capture-decran-2026-02-25-a-16.30.07.png?fit=492%2C992&ssl=1\",\"contentUrl\":\"https:\/\/i0.wp.com\/tibaba-lareunion.com\/wp-content\/uploads\/2026\/02\/Capture-decran-2026-02-25-a-16.30.07.png?fit=492%2C992&ssl=1\",\"width\":492,\"height\":992},{\"@type\":\"BreadcrumbList\",\"@id\":\"https:\/\/tibaba-lareunion.com\/?product=debardeur-vert#breadcrumb\",\"itemListElement\":[{\"@type\":\"ListItem\",\"position\":1,\"name\":\"Accueil\",\"item\":\"https:\/\/tibaba-lareunion.com\/\"},{\"@type\":\"ListItem\",\"position\":2,\"name\":\"Boutique\",\"item\":\"https:\/\/tibaba-lareunion.com\/?page_id=943\"},{\"@type\":\"ListItem\",\"position\":3,\"name\":\"D\u00e9bardeur Vert\"}]},{\"@type\":\"WebSite\",\"@id\":\"https:\/\/tibaba-lareunion.com\/#website\",\"url\":\"https:\/\/tibaba-lareunion.com\/\",\"name\":\"Ti Baba La R\u00e9union\",\"description\":\"Allons bouger !\",\"potentialAction\":[{\"@type\":\"SearchAction\",\"target\":{\"@type\":\"EntryPoint\",\"urlTemplate\":\"https:\/\/tibaba-lareunion.com\/?s={search_term_string}\"},\"query-input\":{\"@type\":\"PropertyValueSpecification\",\"valueRequired\":true,\"valueName\":\"search_term_string\"}}],\"inLanguage\":\"fr-FR\"}]}<\/script>\n<!-- \/ Yoast SEO plugin. -->","yoast_head_json":{"title":"D\u00e9bardeur Vert - Ti Baba La R\u00e9union","robots":{"index":"index","follow":"follow","max-snippet":"max-snippet:-1","max-image-preview":"max-image-preview:large","max-video-preview":"max-video-preview:-1"},"canonical":"https:\/\/tibaba-lareunion.com\/?product=debardeur-vert","og_locale":"fr_FR","og_type":"article","og_title":"D\u00e9bardeur Vert - Ti Baba La R\u00e9union","og_description":"Mati\u00e8re : COTON JERSEY  Couleur : VERT  &nbsp;","og_url":"https:\/\/tibaba-lareunion.com\/?product=debardeur-vert","og_site_name":"Ti Baba La R\u00e9union","article_publisher":"https:\/\/www.facebook.com\/tibabalareunion\/?modal=admin_todo_tour","article_modified_time":"2026-02-25T17:55:36+00:00","og_image":[{"width":492,"height":992,"url":"https:\/\/i0.wp.com\/tibaba-lareunion.com\/wp-content\/uploads\/2026\/02\/Capture-decran-2026-02-25-a-16.30.07.png?fit=492%2C992&ssl=1","type":"image\/png"}],"twitter_card":"summary_large_image","twitter_misc":{"Dur\u00e9e de lecture estim\u00e9e":"1 minute"},"schema":{"@context":"https:\/\/schema.org","@graph":[{"@type":"WebPage","@id":"https:\/\/tibaba-lareunion.com\/?product=debardeur-vert","url":"https:\/\/tibaba-lareunion.com\/?product=debardeur-vert","name":"D\u00e9bardeur Vert - Ti Baba La R\u00e9union","isPartOf":{"@id":"https:\/\/tibaba-lareunion.com\/#website"},"primaryImageOfPage":{"@id":"https:\/\/tibaba-lareunion.com\/?product=debardeur-vert#primaryimage"},"image":{"@id":"https:\/\/tibaba-lareunion.com\/?product=debardeur-vert#primaryimage"},"thumbnailUrl":"https:\/\/i0.wp.com\/tibaba-lareunion.com\/wp-content\/uploads\/2026\/02\/Capture-decran-2026-02-25-a-16.30.07.png?fit=492%2C992&ssl=1","datePublished":"2026-02-25T12:17:27+00:00","dateModified":"2026-02-25T17:55:36+00:00","breadcrumb":{"@id":"https:\/\/tibaba-lareunion.com\/?product=debardeur-vert#breadcrumb"},"inLanguage":"fr-FR","potentialAction":[{"@type":"ReadAction","target":["https:\/\/tibaba-lareunion.com\/?product=debardeur-vert"]}]},{"@type":"ImageObject","inLanguage":"fr-FR","@id":"https:\/\/tibaba-lareunion.com\/?product=debardeur-vert#primaryimage","url":"https:\/\/i0.wp.com\/tibaba-lareunion.com\/wp-content\/uploads\/2026\/02\/Capture-decran-2026-02-25-a-16.30.07.png?fit=492%2C992&ssl=1","contentUrl":"https:\/\/i0.wp.com\/tibaba-lareunion.com\/wp-content\/uploads\/2026\/02\/Capture-decran-2026-02-25-a-16.30.07.png?fit=492%2C992&ssl=1","width":492,"height":992},{"@type":"BreadcrumbList","@id":"https:\/\/tibaba-lareunion.com\/?product=debardeur-vert#breadcrumb","itemListElement":[{"@type":"ListItem","position":1,"name":"Accueil","item":"https:\/\/tibaba-lareunion.com\/"},{"@type":"ListItem","position":2,"name":"Boutique","item":"https:\/\/tibaba-lareunion.com\/?page_id=943"},{"@type":"ListItem","position":3,"name":"D\u00e9bardeur Vert"}]},{"@type":"WebSite","@id":"https:\/\/tibaba-lareunion.com\/#website","url":"https:\/\/tibaba-lareunion.com\/","name":"Ti Baba La R\u00e9union","description":"Allons bouger !","potentialAction":[{"@type":"SearchAction","target":{"@type":"EntryPoint","urlTemplate":"https:\/\/tibaba-lareunion.com\/?s={search_term_string}"},"query-input":{"@type":"PropertyValueSpecification","valueRequired":true,"valueName":"search_term_string"}}],"inLanguage":"fr-FR"}]}},"jetpack_publicize_connections":[],"jetpack_sharing_enabled":true,"_links":{"self":[{"href":"https:\/\/tibaba-lareunion.com\/index.php?rest_route=\/wp\/v2\/product\/13783","targetHints":{"allow":["GET"]}}],"collection":[{"href":"https:\/\/tibaba-lareunion.com\/index.php?rest_route=\/wp\/v2\/product"}],"about":[{"href":"https:\/\/tibaba-lareunion.com\/index.php?rest_route=\/wp\/v2\/types\/product"}],"wp:featuredmedia":[{"embeddable":true,"href":"https:\/\/tibaba-lareunion.com\/index.php?rest_route=\/wp\/v2\/media\/13794"}],"wp:attachment":[{"href":"https:\/\/tibaba-lareunion.com\/index.php?rest_route=%2Fwp%2Fv2%2Fmedia&parent=13783"}],"wp:term":[{"taxonomy":"product_brand","embeddable":true,"href":"https:\/\/tibaba-lareunion.com\/index.php?rest_route=%2Fwp%2Fv2%2Fproduct_brand&post=13783"},{"taxonomy":"product_cat","embeddable":true,"href":"https:\/\/tibaba-lareunion.com\/index.php?rest_route=%2Fwp%2Fv2%2Fproduct_cat&post=13783"},{"taxonomy":"product_tag","embeddable":true,"href":"https:\/\/tibaba-lareunion.com\/index.php?rest_route=%2Fwp%2Fv2%2Fproduct_tag&post=13783"}],"curies":[{"name":"wp","href":"https:\/\/api.w.org\/{rel}","templated":true}]}}