{"id":13778,"date":"2026-02-25T16:05:41","date_gmt":"2026-02-25T12:05:41","guid":{"rendered":"https:\/\/tibaba-lareunion.com\/?post_type=product&#038;p=13778"},"modified":"2026-02-25T19:45:21","modified_gmt":"2026-02-25T15:45:21","slug":"polo-classique-3","status":"publish","type":"product","link":"https:\/\/tibaba-lareunion.com\/?product=polo-classique-3","title":{"rendered":"Polo Classique"},"content":{"rendered":"<p>Mati\u00e8re : COTON PIQUE<\/p>\n<p>Couleur : BLANC<\/p>\n<p data-start=\"71\" data-end=\"212\">Notre polo classique blanc en coton piqu\u00e9 est un indispensable du vestiaire scolaire, alliant simplicit\u00e9, \u00e9l\u00e9gance et confort au quotidien.<\/p>\n<p data-start=\"214\" data-end=\"412\">Confectionn\u00e9 dans un coton piqu\u00e9 doux et respirant, il est agr\u00e9able \u00e0 porter tout au long de la journ\u00e9e. Sa mati\u00e8re textur\u00e9e assure une belle tenue tout en laissant une vraie libert\u00e9 de mouvement.<\/p>\n<p data-start=\"414\" data-end=\"542\">\u2728 Son blanc lumineux et son col structur\u00e9 apportent une finition nette et soign\u00e9e, id\u00e9ale pour une allure toujours impeccable.<\/p>\n<p data-start=\"544\" data-end=\"568\"><strong data-start=\"544\" data-end=\"566\">Caract\u00e9ristiques :<\/strong><\/p>\n<p data-start=\"570\" data-end=\"818\">Coton piqu\u00e9 doux et respirant<br data-start=\"599\" data-end=\"602\" \/>Col classique structur\u00e9<br data-start=\"625\" data-end=\"628\" \/>Patte de boutonnage pratique<br data-start=\"656\" data-end=\"659\" \/>Coupe confortable et bien ajust\u00e9e<br data-start=\"692\" data-end=\"695\" \/>Tissu r\u00e9sistant et durable<br data-start=\"721\" data-end=\"724\" \/>Supporte les lavages fr\u00e9quents<br data-start=\"754\" data-end=\"757\" \/>Facile \u00e0 associer avec pantalons, shorts, jupes ou bermudas<\/p>\n<p data-start=\"820\" data-end=\"914\" data-is-last-node=\"\" data-is-only-node=\"\">\ud83c\udf92 Un essentiel intemporel, pratique et \u00e9l\u00e9gant, parfait pour l\u2019\u00e9cole comme pour le quotidien.<\/p>\n","protected":false},"excerpt":{"rendered":"<p>Mati\u00e8re : COTON PIQUE<\/p>\n<p>Couleur : BLANC<\/p>\n<p>&nbsp;<\/p>\n","protected":false},"featured_media":13791,"template":"","meta":{"_et_pb_use_builder":"","_et_pb_old_content":"","_et_gb_content_width":"","_monsterinsights_skip_tracking":false,"_monsterinsights_sitenote_active":false,"_monsterinsights_sitenote_note":"","_monsterinsights_sitenote_category":0,"jetpack_post_was_ever_published":false,"jetpack_publicize_message":"","jetpack_publicize_feature_enabled":true,"jetpack_social_post_already_shared":true,"jetpack_social_options":{"image_generator_settings":{"template":"highway","default_image_id":0,"font":"","enabled":false},"version":2}},"product_brand":[],"product_cat":[117],"product_tag":[],"class_list":{"0":"post-13778","1":"product","2":"type-product","3":"status-publish","4":"has-post-thumbnail","6":"product_cat-ecole-sainte-marguerite","8":"first","9":"instock","10":"taxable","11":"shipping-taxable","12":"purchasable","13":"product-type-variable"},"yoast_head":"<!-- This site is optimized with the Yoast SEO plugin v27.1.1 - https:\/\/yoast.com\/product\/yoast-seo-wordpress\/ -->\n<title>Polo Classique - Ti Baba La R\u00e9union<\/title>\n<meta name=\"robots\" content=\"index, follow, max-snippet:-1, max-image-preview:large, max-video-preview:-1\" \/>\n<link rel=\"canonical\" href=\"https:\/\/tibaba-lareunion.com\/?product=polo-classique-3\" \/>\n<meta property=\"og:locale\" content=\"fr_FR\" \/>\n<meta property=\"og:type\" content=\"article\" \/>\n<meta property=\"og:title\" content=\"Polo Classique - Ti Baba La R\u00e9union\" \/>\n<meta property=\"og:description\" content=\"Mati\u00e8re : COTON PIQUE  Couleur : BLANC  &nbsp;\" \/>\n<meta property=\"og:url\" content=\"https:\/\/tibaba-lareunion.com\/?product=polo-classique-3\" \/>\n<meta property=\"og:site_name\" content=\"Ti Baba La R\u00e9union\" \/>\n<meta property=\"article:publisher\" content=\"https:\/\/www.facebook.com\/tibabalareunion\/?modal=admin_todo_tour\" \/>\n<meta property=\"article:modified_time\" content=\"2026-02-25T15:45:21+00:00\" \/>\n<meta property=\"og:image\" content=\"https:\/\/i0.wp.com\/tibaba-lareunion.com\/wp-content\/uploads\/2026\/02\/Capture-decran-2026-02-25-a-16.05.09.png?fit=1032%2C1032&ssl=1\" \/>\n\t<meta property=\"og:image:width\" content=\"1032\" \/>\n\t<meta property=\"og:image:height\" content=\"1032\" \/>\n\t<meta property=\"og:image:type\" content=\"image\/png\" \/>\n<meta name=\"twitter:card\" content=\"summary_large_image\" \/>\n<meta name=\"twitter:label1\" content=\"Dur\u00e9e de lecture estim\u00e9e\" \/>\n\t<meta name=\"twitter:data1\" content=\"1 minute\" \/>\n<script type=\"application\/ld+json\" class=\"yoast-schema-graph\">{\"@context\":\"https:\/\/schema.org\",\"@graph\":[{\"@type\":\"WebPage\",\"@id\":\"https:\/\/tibaba-lareunion.com\/?product=polo-classique-3\",\"url\":\"https:\/\/tibaba-lareunion.com\/?product=polo-classique-3\",\"name\":\"Polo Classique - Ti Baba La R\u00e9union\",\"isPartOf\":{\"@id\":\"https:\/\/tibaba-lareunion.com\/#website\"},\"primaryImageOfPage\":{\"@id\":\"https:\/\/tibaba-lareunion.com\/?product=polo-classique-3#primaryimage\"},\"image\":{\"@id\":\"https:\/\/tibaba-lareunion.com\/?product=polo-classique-3#primaryimage\"},\"thumbnailUrl\":\"https:\/\/i0.wp.com\/tibaba-lareunion.com\/wp-content\/uploads\/2026\/02\/Capture-decran-2026-02-25-a-16.05.09.png?fit=1032%2C1032&ssl=1\",\"datePublished\":\"2026-02-25T12:05:41+00:00\",\"dateModified\":\"2026-02-25T15:45:21+00:00\",\"breadcrumb\":{\"@id\":\"https:\/\/tibaba-lareunion.com\/?product=polo-classique-3#breadcrumb\"},\"inLanguage\":\"fr-FR\",\"potentialAction\":[{\"@type\":\"ReadAction\",\"target\":[\"https:\/\/tibaba-lareunion.com\/?product=polo-classique-3\"]}]},{\"@type\":\"ImageObject\",\"inLanguage\":\"fr-FR\",\"@id\":\"https:\/\/tibaba-lareunion.com\/?product=polo-classique-3#primaryimage\",\"url\":\"https:\/\/i0.wp.com\/tibaba-lareunion.com\/wp-content\/uploads\/2026\/02\/Capture-decran-2026-02-25-a-16.05.09.png?fit=1032%2C1032&ssl=1\",\"contentUrl\":\"https:\/\/i0.wp.com\/tibaba-lareunion.com\/wp-content\/uploads\/2026\/02\/Capture-decran-2026-02-25-a-16.05.09.png?fit=1032%2C1032&ssl=1\",\"width\":1032,\"height\":1032},{\"@type\":\"BreadcrumbList\",\"@id\":\"https:\/\/tibaba-lareunion.com\/?product=polo-classique-3#breadcrumb\",\"itemListElement\":[{\"@type\":\"ListItem\",\"position\":1,\"name\":\"Accueil\",\"item\":\"https:\/\/tibaba-lareunion.com\/\"},{\"@type\":\"ListItem\",\"position\":2,\"name\":\"Boutique\",\"item\":\"https:\/\/tibaba-lareunion.com\/?page_id=943\"},{\"@type\":\"ListItem\",\"position\":3,\"name\":\"Polo Classique\"}]},{\"@type\":\"WebSite\",\"@id\":\"https:\/\/tibaba-lareunion.com\/#website\",\"url\":\"https:\/\/tibaba-lareunion.com\/\",\"name\":\"Ti Baba La R\u00e9union\",\"description\":\"Allons bouger !\",\"potentialAction\":[{\"@type\":\"SearchAction\",\"target\":{\"@type\":\"EntryPoint\",\"urlTemplate\":\"https:\/\/tibaba-lareunion.com\/?s={search_term_string}\"},\"query-input\":{\"@type\":\"PropertyValueSpecification\",\"valueRequired\":true,\"valueName\":\"search_term_string\"}}],\"inLanguage\":\"fr-FR\"}]}<\/script>\n<!-- \/ Yoast SEO plugin. -->","yoast_head_json":{"title":"Polo Classique - Ti Baba La R\u00e9union","robots":{"index":"index","follow":"follow","max-snippet":"max-snippet:-1","max-image-preview":"max-image-preview:large","max-video-preview":"max-video-preview:-1"},"canonical":"https:\/\/tibaba-lareunion.com\/?product=polo-classique-3","og_locale":"fr_FR","og_type":"article","og_title":"Polo Classique - Ti Baba La R\u00e9union","og_description":"Mati\u00e8re : COTON PIQUE  Couleur : BLANC  &nbsp;","og_url":"https:\/\/tibaba-lareunion.com\/?product=polo-classique-3","og_site_name":"Ti Baba La R\u00e9union","article_publisher":"https:\/\/www.facebook.com\/tibabalareunion\/?modal=admin_todo_tour","article_modified_time":"2026-02-25T15:45:21+00:00","og_image":[{"width":1032,"height":1032,"url":"https:\/\/i0.wp.com\/tibaba-lareunion.com\/wp-content\/uploads\/2026\/02\/Capture-decran-2026-02-25-a-16.05.09.png?fit=1032%2C1032&ssl=1","type":"image\/png"}],"twitter_card":"summary_large_image","twitter_misc":{"Dur\u00e9e de lecture estim\u00e9e":"1 minute"},"schema":{"@context":"https:\/\/schema.org","@graph":[{"@type":"WebPage","@id":"https:\/\/tibaba-lareunion.com\/?product=polo-classique-3","url":"https:\/\/tibaba-lareunion.com\/?product=polo-classique-3","name":"Polo Classique - Ti Baba La R\u00e9union","isPartOf":{"@id":"https:\/\/tibaba-lareunion.com\/#website"},"primaryImageOfPage":{"@id":"https:\/\/tibaba-lareunion.com\/?product=polo-classique-3#primaryimage"},"image":{"@id":"https:\/\/tibaba-lareunion.com\/?product=polo-classique-3#primaryimage"},"thumbnailUrl":"https:\/\/i0.wp.com\/tibaba-lareunion.com\/wp-content\/uploads\/2026\/02\/Capture-decran-2026-02-25-a-16.05.09.png?fit=1032%2C1032&ssl=1","datePublished":"2026-02-25T12:05:41+00:00","dateModified":"2026-02-25T15:45:21+00:00","breadcrumb":{"@id":"https:\/\/tibaba-lareunion.com\/?product=polo-classique-3#breadcrumb"},"inLanguage":"fr-FR","potentialAction":[{"@type":"ReadAction","target":["https:\/\/tibaba-lareunion.com\/?product=polo-classique-3"]}]},{"@type":"ImageObject","inLanguage":"fr-FR","@id":"https:\/\/tibaba-lareunion.com\/?product=polo-classique-3#primaryimage","url":"https:\/\/i0.wp.com\/tibaba-lareunion.com\/wp-content\/uploads\/2026\/02\/Capture-decran-2026-02-25-a-16.05.09.png?fit=1032%2C1032&ssl=1","contentUrl":"https:\/\/i0.wp.com\/tibaba-lareunion.com\/wp-content\/uploads\/2026\/02\/Capture-decran-2026-02-25-a-16.05.09.png?fit=1032%2C1032&ssl=1","width":1032,"height":1032},{"@type":"BreadcrumbList","@id":"https:\/\/tibaba-lareunion.com\/?product=polo-classique-3#breadcrumb","itemListElement":[{"@type":"ListItem","position":1,"name":"Accueil","item":"https:\/\/tibaba-lareunion.com\/"},{"@type":"ListItem","position":2,"name":"Boutique","item":"https:\/\/tibaba-lareunion.com\/?page_id=943"},{"@type":"ListItem","position":3,"name":"Polo Classique"}]},{"@type":"WebSite","@id":"https:\/\/tibaba-lareunion.com\/#website","url":"https:\/\/tibaba-lareunion.com\/","name":"Ti Baba La R\u00e9union","description":"Allons bouger !","potentialAction":[{"@type":"SearchAction","target":{"@type":"EntryPoint","urlTemplate":"https:\/\/tibaba-lareunion.com\/?s={search_term_string}"},"query-input":{"@type":"PropertyValueSpecification","valueRequired":true,"valueName":"search_term_string"}}],"inLanguage":"fr-FR"}]}},"jetpack_publicize_connections":[],"jetpack_sharing_enabled":true,"_links":{"self":[{"href":"https:\/\/tibaba-lareunion.com\/index.php?rest_route=\/wp\/v2\/product\/13778","targetHints":{"allow":["GET"]}}],"collection":[{"href":"https:\/\/tibaba-lareunion.com\/index.php?rest_route=\/wp\/v2\/product"}],"about":[{"href":"https:\/\/tibaba-lareunion.com\/index.php?rest_route=\/wp\/v2\/types\/product"}],"wp:featuredmedia":[{"embeddable":true,"href":"https:\/\/tibaba-lareunion.com\/index.php?rest_route=\/wp\/v2\/media\/13791"}],"wp:attachment":[{"href":"https:\/\/tibaba-lareunion.com\/index.php?rest_route=%2Fwp%2Fv2%2Fmedia&parent=13778"}],"wp:term":[{"taxonomy":"product_brand","embeddable":true,"href":"https:\/\/tibaba-lareunion.com\/index.php?rest_route=%2Fwp%2Fv2%2Fproduct_brand&post=13778"},{"taxonomy":"product_cat","embeddable":true,"href":"https:\/\/tibaba-lareunion.com\/index.php?rest_route=%2Fwp%2Fv2%2Fproduct_cat&post=13778"},{"taxonomy":"product_tag","embeddable":true,"href":"https:\/\/tibaba-lareunion.com\/index.php?rest_route=%2Fwp%2Fv2%2Fproduct_tag&post=13778"}],"curies":[{"name":"wp","href":"https:\/\/api.w.org\/{rel}","templated":true}]}}