{"id":13767,"date":"2026-02-25T14:57:35","date_gmt":"2026-02-25T10:57:35","guid":{"rendered":"https:\/\/tibaba-lareunion.com\/?post_type=product&#038;p=13767"},"modified":"2026-02-25T16:46:05","modified_gmt":"2026-02-25T12:46:05","slug":"bermuda-2","status":"publish","type":"product","link":"https:\/\/tibaba-lareunion.com\/?product=bermuda-2","title":{"rendered":"Bermuda"},"content":{"rendered":"<p>Mati\u00e8re : COTON POPELINE<\/p>\n<p>Couleur : BLEU MARINE<\/p>\n<p data-start=\"187\" data-end=\"332\">Pens\u00e9 pour accompagner les enfants toute la journ\u00e9e \u00e0 l\u2019\u00e9cole, notre <strong data-start=\"256\" data-end=\"285\">bermuda en coton popeline<\/strong> allie confort, r\u00e9sistance et tenue impeccable.<\/p>\n<p data-start=\"334\" data-end=\"574\">Confectionn\u00e9 dans un tissu l\u00e9ger, doux et respirant, il est parfait pour le climat chaud tout en restant <strong data-start=\"439\" data-end=\"482\">solide pour un usage scolaire quotidien<\/strong>. Sa coupe soign\u00e9e assure une belle allure tout en laissant une grande libert\u00e9 de mouvement.<\/p>\n<p data-start=\"576\" data-end=\"689\">\u2728 Le coton popeline offre un toucher lisse et une excellente tenue dans le temps, m\u00eame apr\u00e8s de nombreux lavages.<\/p>\n<h4 data-start=\"691\" data-end=\"714\">Caract\u00e9ristiques :<\/h4>\n<ul data-start=\"715\" data-end=\"906\">\n<li data-start=\"715\" data-end=\"750\">\n<p data-start=\"717\" data-end=\"750\">100 % coton popeline de qualit\u00e9<\/p>\n<\/li>\n<li data-start=\"751\" data-end=\"792\">\n<p data-start=\"753\" data-end=\"792\">Tissu l\u00e9ger, respirant et confortable<\/p>\n<\/li>\n<li data-start=\"793\" data-end=\"836\">\n<p data-start=\"795\" data-end=\"836\">Coupe \u00e9l\u00e9gante et pratique pour l\u2019\u00e9cole<\/p>\n<\/li>\n<li data-start=\"837\" data-end=\"872\">\n<p data-start=\"839\" data-end=\"872\">R\u00e9sistant aux lavages fr\u00e9quents<\/p>\n<\/li>\n<li data-start=\"873\" data-end=\"906\">\n<p data-start=\"875\" data-end=\"906\">Id\u00e9al pour un usage quotidien<\/p>\n<\/li>\n<\/ul>\n<p data-start=\"908\" data-end=\"1003\">\ud83c\udf92 Un essentiel de l\u2019uniforme scolaire : confortable pour l\u2019enfant, rassurant pour les parents.<\/p>\n","protected":false},"excerpt":{"rendered":"<p>Mati\u00e8re : COTON POPELINE<\/p>\n<p>Couleur : BLEU MARINE<\/p>\n<p>&nbsp;<\/p>\n","protected":false},"featured_media":10639,"template":"","meta":{"_et_pb_use_builder":"","_et_pb_old_content":"","_et_gb_content_width":"","_monsterinsights_skip_tracking":false,"_monsterinsights_sitenote_active":false,"_monsterinsights_sitenote_note":"","_monsterinsights_sitenote_category":0,"jetpack_post_was_ever_published":false,"jetpack_publicize_message":"","jetpack_publicize_feature_enabled":true,"jetpack_social_post_already_shared":true,"jetpack_social_options":{"image_generator_settings":{"template":"highway","default_image_id":0,"font":"","enabled":false},"version":2}},"product_brand":[],"product_cat":[117],"product_tag":[],"class_list":{"0":"post-13767","1":"product","2":"type-product","3":"status-publish","4":"has-post-thumbnail","6":"product_cat-ecole-sainte-marguerite","8":"first","9":"instock","10":"taxable","11":"shipping-taxable","12":"purchasable","13":"product-type-variable"},"yoast_head":"<!-- This site is optimized with the Yoast SEO plugin v27.1.1 - https:\/\/yoast.com\/product\/yoast-seo-wordpress\/ -->\n<title>Bermuda - Ti Baba La R\u00e9union<\/title>\n<meta name=\"robots\" content=\"index, follow, max-snippet:-1, max-image-preview:large, max-video-preview:-1\" \/>\n<link rel=\"canonical\" href=\"https:\/\/tibaba-lareunion.com\/?product=bermuda-2\" \/>\n<meta property=\"og:locale\" content=\"fr_FR\" \/>\n<meta property=\"og:type\" content=\"article\" \/>\n<meta property=\"og:title\" content=\"Bermuda - Ti Baba La R\u00e9union\" \/>\n<meta property=\"og:description\" content=\"Mati\u00e8re : COTON POPELINE  Couleur : BLEU MARINE  &nbsp;\" \/>\n<meta property=\"og:url\" content=\"https:\/\/tibaba-lareunion.com\/?product=bermuda-2\" \/>\n<meta property=\"og:site_name\" content=\"Ti Baba La R\u00e9union\" \/>\n<meta property=\"article:publisher\" content=\"https:\/\/www.facebook.com\/tibabalareunion\/?modal=admin_todo_tour\" \/>\n<meta property=\"article:modified_time\" content=\"2026-02-25T12:46:05+00:00\" \/>\n<meta property=\"og:image\" content=\"https:\/\/i0.wp.com\/tibaba-lareunion.com\/wp-content\/uploads\/2023\/01\/DSC_6742-scaled.jpg?fit=1707%2C2560&ssl=1\" \/>\n\t<meta property=\"og:image:width\" content=\"1707\" \/>\n\t<meta property=\"og:image:height\" content=\"2560\" \/>\n\t<meta property=\"og:image:type\" content=\"image\/jpeg\" \/>\n<meta name=\"twitter:card\" content=\"summary_large_image\" \/>\n<meta name=\"twitter:label1\" content=\"Dur\u00e9e de lecture estim\u00e9e\" \/>\n\t<meta name=\"twitter:data1\" content=\"1 minute\" \/>\n<script type=\"application\/ld+json\" class=\"yoast-schema-graph\">{\"@context\":\"https:\/\/schema.org\",\"@graph\":[{\"@type\":\"WebPage\",\"@id\":\"https:\/\/tibaba-lareunion.com\/?product=bermuda-2\",\"url\":\"https:\/\/tibaba-lareunion.com\/?product=bermuda-2\",\"name\":\"Bermuda - Ti Baba La R\u00e9union\",\"isPartOf\":{\"@id\":\"https:\/\/tibaba-lareunion.com\/#website\"},\"primaryImageOfPage\":{\"@id\":\"https:\/\/tibaba-lareunion.com\/?product=bermuda-2#primaryimage\"},\"image\":{\"@id\":\"https:\/\/tibaba-lareunion.com\/?product=bermuda-2#primaryimage\"},\"thumbnailUrl\":\"https:\/\/i0.wp.com\/tibaba-lareunion.com\/wp-content\/uploads\/2023\/01\/DSC_6742-scaled.jpg?fit=1707%2C2560&ssl=1\",\"datePublished\":\"2026-02-25T10:57:35+00:00\",\"dateModified\":\"2026-02-25T12:46:05+00:00\",\"breadcrumb\":{\"@id\":\"https:\/\/tibaba-lareunion.com\/?product=bermuda-2#breadcrumb\"},\"inLanguage\":\"fr-FR\",\"potentialAction\":[{\"@type\":\"ReadAction\",\"target\":[\"https:\/\/tibaba-lareunion.com\/?product=bermuda-2\"]}]},{\"@type\":\"ImageObject\",\"inLanguage\":\"fr-FR\",\"@id\":\"https:\/\/tibaba-lareunion.com\/?product=bermuda-2#primaryimage\",\"url\":\"https:\/\/i0.wp.com\/tibaba-lareunion.com\/wp-content\/uploads\/2023\/01\/DSC_6742-scaled.jpg?fit=1707%2C2560&ssl=1\",\"contentUrl\":\"https:\/\/i0.wp.com\/tibaba-lareunion.com\/wp-content\/uploads\/2023\/01\/DSC_6742-scaled.jpg?fit=1707%2C2560&ssl=1\",\"width\":1707,\"height\":2560},{\"@type\":\"BreadcrumbList\",\"@id\":\"https:\/\/tibaba-lareunion.com\/?product=bermuda-2#breadcrumb\",\"itemListElement\":[{\"@type\":\"ListItem\",\"position\":1,\"name\":\"Accueil\",\"item\":\"https:\/\/tibaba-lareunion.com\/\"},{\"@type\":\"ListItem\",\"position\":2,\"name\":\"Boutique\",\"item\":\"https:\/\/tibaba-lareunion.com\/?page_id=943\"},{\"@type\":\"ListItem\",\"position\":3,\"name\":\"Bermuda\"}]},{\"@type\":\"WebSite\",\"@id\":\"https:\/\/tibaba-lareunion.com\/#website\",\"url\":\"https:\/\/tibaba-lareunion.com\/\",\"name\":\"Ti Baba La R\u00e9union\",\"description\":\"Allons bouger !\",\"potentialAction\":[{\"@type\":\"SearchAction\",\"target\":{\"@type\":\"EntryPoint\",\"urlTemplate\":\"https:\/\/tibaba-lareunion.com\/?s={search_term_string}\"},\"query-input\":{\"@type\":\"PropertyValueSpecification\",\"valueRequired\":true,\"valueName\":\"search_term_string\"}}],\"inLanguage\":\"fr-FR\"}]}<\/script>\n<!-- \/ Yoast SEO plugin. -->","yoast_head_json":{"title":"Bermuda - Ti Baba La R\u00e9union","robots":{"index":"index","follow":"follow","max-snippet":"max-snippet:-1","max-image-preview":"max-image-preview:large","max-video-preview":"max-video-preview:-1"},"canonical":"https:\/\/tibaba-lareunion.com\/?product=bermuda-2","og_locale":"fr_FR","og_type":"article","og_title":"Bermuda - Ti Baba La R\u00e9union","og_description":"Mati\u00e8re : COTON POPELINE  Couleur : BLEU MARINE  &nbsp;","og_url":"https:\/\/tibaba-lareunion.com\/?product=bermuda-2","og_site_name":"Ti Baba La R\u00e9union","article_publisher":"https:\/\/www.facebook.com\/tibabalareunion\/?modal=admin_todo_tour","article_modified_time":"2026-02-25T12:46:05+00:00","og_image":[{"width":1707,"height":2560,"url":"https:\/\/i0.wp.com\/tibaba-lareunion.com\/wp-content\/uploads\/2023\/01\/DSC_6742-scaled.jpg?fit=1707%2C2560&ssl=1","type":"image\/jpeg"}],"twitter_card":"summary_large_image","twitter_misc":{"Dur\u00e9e de lecture estim\u00e9e":"1 minute"},"schema":{"@context":"https:\/\/schema.org","@graph":[{"@type":"WebPage","@id":"https:\/\/tibaba-lareunion.com\/?product=bermuda-2","url":"https:\/\/tibaba-lareunion.com\/?product=bermuda-2","name":"Bermuda - Ti Baba La R\u00e9union","isPartOf":{"@id":"https:\/\/tibaba-lareunion.com\/#website"},"primaryImageOfPage":{"@id":"https:\/\/tibaba-lareunion.com\/?product=bermuda-2#primaryimage"},"image":{"@id":"https:\/\/tibaba-lareunion.com\/?product=bermuda-2#primaryimage"},"thumbnailUrl":"https:\/\/i0.wp.com\/tibaba-lareunion.com\/wp-content\/uploads\/2023\/01\/DSC_6742-scaled.jpg?fit=1707%2C2560&ssl=1","datePublished":"2026-02-25T10:57:35+00:00","dateModified":"2026-02-25T12:46:05+00:00","breadcrumb":{"@id":"https:\/\/tibaba-lareunion.com\/?product=bermuda-2#breadcrumb"},"inLanguage":"fr-FR","potentialAction":[{"@type":"ReadAction","target":["https:\/\/tibaba-lareunion.com\/?product=bermuda-2"]}]},{"@type":"ImageObject","inLanguage":"fr-FR","@id":"https:\/\/tibaba-lareunion.com\/?product=bermuda-2#primaryimage","url":"https:\/\/i0.wp.com\/tibaba-lareunion.com\/wp-content\/uploads\/2023\/01\/DSC_6742-scaled.jpg?fit=1707%2C2560&ssl=1","contentUrl":"https:\/\/i0.wp.com\/tibaba-lareunion.com\/wp-content\/uploads\/2023\/01\/DSC_6742-scaled.jpg?fit=1707%2C2560&ssl=1","width":1707,"height":2560},{"@type":"BreadcrumbList","@id":"https:\/\/tibaba-lareunion.com\/?product=bermuda-2#breadcrumb","itemListElement":[{"@type":"ListItem","position":1,"name":"Accueil","item":"https:\/\/tibaba-lareunion.com\/"},{"@type":"ListItem","position":2,"name":"Boutique","item":"https:\/\/tibaba-lareunion.com\/?page_id=943"},{"@type":"ListItem","position":3,"name":"Bermuda"}]},{"@type":"WebSite","@id":"https:\/\/tibaba-lareunion.com\/#website","url":"https:\/\/tibaba-lareunion.com\/","name":"Ti Baba La R\u00e9union","description":"Allons bouger !","potentialAction":[{"@type":"SearchAction","target":{"@type":"EntryPoint","urlTemplate":"https:\/\/tibaba-lareunion.com\/?s={search_term_string}"},"query-input":{"@type":"PropertyValueSpecification","valueRequired":true,"valueName":"search_term_string"}}],"inLanguage":"fr-FR"}]}},"jetpack_publicize_connections":[],"jetpack_sharing_enabled":true,"_links":{"self":[{"href":"https:\/\/tibaba-lareunion.com\/index.php?rest_route=\/wp\/v2\/product\/13767","targetHints":{"allow":["GET"]}}],"collection":[{"href":"https:\/\/tibaba-lareunion.com\/index.php?rest_route=\/wp\/v2\/product"}],"about":[{"href":"https:\/\/tibaba-lareunion.com\/index.php?rest_route=\/wp\/v2\/types\/product"}],"wp:featuredmedia":[{"embeddable":true,"href":"https:\/\/tibaba-lareunion.com\/index.php?rest_route=\/wp\/v2\/media\/10639"}],"wp:attachment":[{"href":"https:\/\/tibaba-lareunion.com\/index.php?rest_route=%2Fwp%2Fv2%2Fmedia&parent=13767"}],"wp:term":[{"taxonomy":"product_brand","embeddable":true,"href":"https:\/\/tibaba-lareunion.com\/index.php?rest_route=%2Fwp%2Fv2%2Fproduct_brand&post=13767"},{"taxonomy":"product_cat","embeddable":true,"href":"https:\/\/tibaba-lareunion.com\/index.php?rest_route=%2Fwp%2Fv2%2Fproduct_cat&post=13767"},{"taxonomy":"product_tag","embeddable":true,"href":"https:\/\/tibaba-lareunion.com\/index.php?rest_route=%2Fwp%2Fv2%2Fproduct_tag&post=13767"}],"curies":[{"name":"wp","href":"https:\/\/api.w.org\/{rel}","templated":true}]}}