{"id":13759,"date":"2026-02-25T12:30:55","date_gmt":"2026-02-25T08:30:55","guid":{"rendered":"https:\/\/tibaba-lareunion.com\/?post_type=product&#038;p=13759"},"modified":"2026-02-25T12:35:38","modified_gmt":"2026-02-25T08:35:38","slug":"legging-4","status":"publish","type":"product","link":"https:\/\/tibaba-lareunion.com\/?product=legging-4","title":{"rendered":"Legging"},"content":{"rendered":"<p>Mati\u00e8re : COTON JERSEY<\/p>\n<p>Couleur : BLEU MARINE<\/p>\n<p data-start=\"205\" data-end=\"376\">Notre <strong data-start=\"211\" data-end=\"235\">legging bleu marine<\/strong> est un indispensable de l\u2019uniforme scolaire et du vestiaire des enfants, pens\u00e9 pour offrir un maximum de confort tout au long de la journ\u00e9e.<\/p>\n<p data-start=\"378\" data-end=\"613\">Confectionn\u00e9 dans un tissu doux, extensible et respirant, il accompagne parfaitement les mouvements tout en restant bien en place. Sa coupe pr\u00e8s du corps assure une tenue soign\u00e9e, id\u00e9ale \u00e0 porter seul ou sous une robe.<\/p>\n<p data-start=\"615\" data-end=\"705\">\u2728 R\u00e9sistant et facile d\u2019entretien, il conserve sa forme et sa couleur lavage apr\u00e8s lavage.<\/p>\n<h4 data-start=\"707\" data-end=\"730\">Caract\u00e9ristiques :<\/h4>\n<ul data-start=\"731\" data-end=\"989\">\n<li data-start=\"731\" data-end=\"772\">\n<p data-start=\"733\" data-end=\"772\">Tissu confortable, doux et extensible<\/p>\n<\/li>\n<li data-start=\"773\" data-end=\"827\">\n<p data-start=\"775\" data-end=\"827\">Couleur bleu marine, adapt\u00e9e \u00e0 l\u2019uniforme scolaire<\/p>\n<\/li>\n<li data-start=\"828\" data-end=\"884\">\n<p data-start=\"830\" data-end=\"884\">Coupe ajust\u00e9e pour une libert\u00e9 de mouvement optimale<\/p>\n<\/li>\n<li data-start=\"885\" data-end=\"932\">\n<p data-start=\"887\" data-end=\"932\">Taille confortable (ne serre pas le ventre)<\/p>\n<\/li>\n<li data-start=\"933\" data-end=\"968\">\n<p data-start=\"935\" data-end=\"968\">R\u00e9sistant aux lavages fr\u00e9quents<\/p>\n<\/li>\n<li data-start=\"969\" data-end=\"989\">\n<p data-start=\"971\" data-end=\"989\">Facile \u00e0 enfiler<\/p>\n<\/li>\n<\/ul>\n<p data-start=\"991\" data-end=\"1075\">\ud83c\udf92 Un basique pratique, confortable et durable pour l\u2019\u00e9cole comme pour le quotidien.<\/p>\n","protected":false},"excerpt":{"rendered":"<p>&nbsp;<\/p>\n<p>Mati\u00e8re : COTON JERSEY<\/p>\n<p>Couleur : BLEU MARINE<\/p>\n<p>&nbsp;<\/p>\n","protected":false},"featured_media":13758,"template":"","meta":{"_et_pb_use_builder":"on","_et_pb_old_content":"Mati\u00e8re : COTON JERSEY\r\n\r\nCouleur : BLEU MARINE\r\n<p data-start=\"205\" data-end=\"376\">Notre <strong data-start=\"211\" data-end=\"235\">legging bleu marine<\/strong> est un indispensable de l\u2019uniforme scolaire et du vestiaire des enfants, pens\u00e9 pour offrir un maximum de confort tout au long de la journ\u00e9e.<\/p>\r\n<p data-start=\"378\" data-end=\"613\">Confectionn\u00e9 dans un tissu doux, extensible et respirant, il accompagne parfaitement les mouvements tout en restant bien en place. Sa coupe pr\u00e8s du corps assure une tenue soign\u00e9e, id\u00e9ale \u00e0 porter seul ou sous une robe.<\/p>\r\n<p data-start=\"615\" data-end=\"705\">\u2728 R\u00e9sistant et facile d\u2019entretien, il conserve sa forme et sa couleur lavage apr\u00e8s lavage.<\/p>\r\n\r\n<h4 data-start=\"707\" data-end=\"730\">Caract\u00e9ristiques :<\/h4>\r\n<ul data-start=\"731\" data-end=\"989\">\r\n \t<li data-start=\"731\" data-end=\"772\">\r\n<p data-start=\"733\" data-end=\"772\">Tissu confortable, doux et extensible<\/p>\r\n<\/li>\r\n \t<li data-start=\"773\" data-end=\"827\">\r\n<p data-start=\"775\" data-end=\"827\">Couleur bleu marine, adapt\u00e9e \u00e0 l\u2019uniforme scolaire<\/p>\r\n<\/li>\r\n \t<li data-start=\"828\" data-end=\"884\">\r\n<p data-start=\"830\" data-end=\"884\">Coupe ajust\u00e9e pour une libert\u00e9 de mouvement optimale<\/p>\r\n<\/li>\r\n \t<li data-start=\"885\" data-end=\"932\">\r\n<p data-start=\"887\" data-end=\"932\">Taille confortable (ne serre pas le ventre)<\/p>\r\n<\/li>\r\n \t<li data-start=\"933\" data-end=\"968\">\r\n<p data-start=\"935\" data-end=\"968\">R\u00e9sistant aux lavages fr\u00e9quents<\/p>\r\n<\/li>\r\n \t<li data-start=\"969\" data-end=\"989\">\r\n<p data-start=\"971\" data-end=\"989\">Facile \u00e0 enfiler<\/p>\r\n<\/li>\r\n<\/ul>\r\n<p data-start=\"991\" data-end=\"1075\">\ud83c\udf92 Un basique pratique, confortable et durable pour l\u2019\u00e9cole comme pour le quotidien.<\/p>","_et_gb_content_width":"","_monsterinsights_skip_tracking":false,"_monsterinsights_sitenote_active":false,"_monsterinsights_sitenote_note":"","_monsterinsights_sitenote_category":0,"jetpack_post_was_ever_published":false,"jetpack_publicize_message":"","jetpack_publicize_feature_enabled":true,"jetpack_social_post_already_shared":true,"jetpack_social_options":{"image_generator_settings":{"template":"highway","default_image_id":0,"font":"","enabled":false},"version":2}},"product_brand":[],"product_cat":[117],"product_tag":[],"class_list":{"0":"post-13759","1":"product","2":"type-product","3":"status-publish","4":"has-post-thumbnail","6":"product_cat-ecole-sainte-marguerite","8":"first","9":"instock","10":"taxable","11":"shipping-taxable","12":"purchasable","13":"product-type-variable"},"yoast_head":"<!-- This site is optimized with the Yoast SEO plugin v27.1.1 - https:\/\/yoast.com\/product\/yoast-seo-wordpress\/ -->\n<title>Legging - Ti Baba La R\u00e9union<\/title>\n<meta name=\"robots\" content=\"index, follow, max-snippet:-1, max-image-preview:large, max-video-preview:-1\" \/>\n<link rel=\"canonical\" href=\"https:\/\/tibaba-lareunion.com\/?product=legging-4\" \/>\n<meta property=\"og:locale\" content=\"fr_FR\" \/>\n<meta property=\"og:type\" content=\"article\" \/>\n<meta property=\"og:title\" content=\"Legging - Ti Baba La R\u00e9union\" \/>\n<meta property=\"og:description\" content=\"&nbsp;  Mati\u00e8re : COTON JERSEY  Couleur : BLEU MARINE  &nbsp;\" \/>\n<meta property=\"og:url\" content=\"https:\/\/tibaba-lareunion.com\/?product=legging-4\" \/>\n<meta property=\"og:site_name\" content=\"Ti Baba La R\u00e9union\" \/>\n<meta property=\"article:publisher\" content=\"https:\/\/www.facebook.com\/tibabalareunion\/?modal=admin_todo_tour\" \/>\n<meta property=\"article:modified_time\" content=\"2026-02-25T08:35:38+00:00\" \/>\n<meta property=\"og:image\" content=\"https:\/\/i0.wp.com\/tibaba-lareunion.com\/wp-content\/uploads\/2026\/02\/ChatGPT-Image-17-fevr.-2026-a-21_21_13-2.png?fit=1024%2C1024&ssl=1\" \/>\n\t<meta property=\"og:image:width\" content=\"1024\" \/>\n\t<meta property=\"og:image:height\" content=\"1024\" \/>\n\t<meta property=\"og:image:type\" content=\"image\/png\" \/>\n<meta name=\"twitter:card\" content=\"summary_large_image\" \/>\n<meta name=\"twitter:label1\" content=\"Dur\u00e9e de lecture estim\u00e9e\" \/>\n\t<meta name=\"twitter:data1\" content=\"1 minute\" \/>\n<script type=\"application\/ld+json\" class=\"yoast-schema-graph\">{\"@context\":\"https:\/\/schema.org\",\"@graph\":[{\"@type\":\"WebPage\",\"@id\":\"https:\/\/tibaba-lareunion.com\/?product=legging-4\",\"url\":\"https:\/\/tibaba-lareunion.com\/?product=legging-4\",\"name\":\"Legging - Ti Baba La R\u00e9union\",\"isPartOf\":{\"@id\":\"https:\/\/tibaba-lareunion.com\/#website\"},\"primaryImageOfPage\":{\"@id\":\"https:\/\/tibaba-lareunion.com\/?product=legging-4#primaryimage\"},\"image\":{\"@id\":\"https:\/\/tibaba-lareunion.com\/?product=legging-4#primaryimage\"},\"thumbnailUrl\":\"https:\/\/i0.wp.com\/tibaba-lareunion.com\/wp-content\/uploads\/2026\/02\/ChatGPT-Image-17-fevr.-2026-a-21_21_13-2.png?fit=1024%2C1024&ssl=1\",\"datePublished\":\"2026-02-25T08:30:55+00:00\",\"dateModified\":\"2026-02-25T08:35:38+00:00\",\"breadcrumb\":{\"@id\":\"https:\/\/tibaba-lareunion.com\/?product=legging-4#breadcrumb\"},\"inLanguage\":\"fr-FR\",\"potentialAction\":[{\"@type\":\"ReadAction\",\"target\":[\"https:\/\/tibaba-lareunion.com\/?product=legging-4\"]}]},{\"@type\":\"ImageObject\",\"inLanguage\":\"fr-FR\",\"@id\":\"https:\/\/tibaba-lareunion.com\/?product=legging-4#primaryimage\",\"url\":\"https:\/\/i0.wp.com\/tibaba-lareunion.com\/wp-content\/uploads\/2026\/02\/ChatGPT-Image-17-fevr.-2026-a-21_21_13-2.png?fit=1024%2C1024&ssl=1\",\"contentUrl\":\"https:\/\/i0.wp.com\/tibaba-lareunion.com\/wp-content\/uploads\/2026\/02\/ChatGPT-Image-17-fevr.-2026-a-21_21_13-2.png?fit=1024%2C1024&ssl=1\",\"width\":1024,\"height\":1024},{\"@type\":\"BreadcrumbList\",\"@id\":\"https:\/\/tibaba-lareunion.com\/?product=legging-4#breadcrumb\",\"itemListElement\":[{\"@type\":\"ListItem\",\"position\":1,\"name\":\"Accueil\",\"item\":\"https:\/\/tibaba-lareunion.com\/\"},{\"@type\":\"ListItem\",\"position\":2,\"name\":\"Boutique\",\"item\":\"https:\/\/tibaba-lareunion.com\/?page_id=943\"},{\"@type\":\"ListItem\",\"position\":3,\"name\":\"Legging\"}]},{\"@type\":\"WebSite\",\"@id\":\"https:\/\/tibaba-lareunion.com\/#website\",\"url\":\"https:\/\/tibaba-lareunion.com\/\",\"name\":\"Ti Baba La R\u00e9union\",\"description\":\"Allons bouger !\",\"potentialAction\":[{\"@type\":\"SearchAction\",\"target\":{\"@type\":\"EntryPoint\",\"urlTemplate\":\"https:\/\/tibaba-lareunion.com\/?s={search_term_string}\"},\"query-input\":{\"@type\":\"PropertyValueSpecification\",\"valueRequired\":true,\"valueName\":\"search_term_string\"}}],\"inLanguage\":\"fr-FR\"}]}<\/script>\n<!-- \/ Yoast SEO plugin. -->","yoast_head_json":{"title":"Legging - Ti Baba La R\u00e9union","robots":{"index":"index","follow":"follow","max-snippet":"max-snippet:-1","max-image-preview":"max-image-preview:large","max-video-preview":"max-video-preview:-1"},"canonical":"https:\/\/tibaba-lareunion.com\/?product=legging-4","og_locale":"fr_FR","og_type":"article","og_title":"Legging - Ti Baba La R\u00e9union","og_description":"&nbsp;  Mati\u00e8re : COTON JERSEY  Couleur : BLEU MARINE  &nbsp;","og_url":"https:\/\/tibaba-lareunion.com\/?product=legging-4","og_site_name":"Ti Baba La R\u00e9union","article_publisher":"https:\/\/www.facebook.com\/tibabalareunion\/?modal=admin_todo_tour","article_modified_time":"2026-02-25T08:35:38+00:00","og_image":[{"width":1024,"height":1024,"url":"https:\/\/i0.wp.com\/tibaba-lareunion.com\/wp-content\/uploads\/2026\/02\/ChatGPT-Image-17-fevr.-2026-a-21_21_13-2.png?fit=1024%2C1024&ssl=1","type":"image\/png"}],"twitter_card":"summary_large_image","twitter_misc":{"Dur\u00e9e de lecture estim\u00e9e":"1 minute"},"schema":{"@context":"https:\/\/schema.org","@graph":[{"@type":"WebPage","@id":"https:\/\/tibaba-lareunion.com\/?product=legging-4","url":"https:\/\/tibaba-lareunion.com\/?product=legging-4","name":"Legging - Ti Baba La R\u00e9union","isPartOf":{"@id":"https:\/\/tibaba-lareunion.com\/#website"},"primaryImageOfPage":{"@id":"https:\/\/tibaba-lareunion.com\/?product=legging-4#primaryimage"},"image":{"@id":"https:\/\/tibaba-lareunion.com\/?product=legging-4#primaryimage"},"thumbnailUrl":"https:\/\/i0.wp.com\/tibaba-lareunion.com\/wp-content\/uploads\/2026\/02\/ChatGPT-Image-17-fevr.-2026-a-21_21_13-2.png?fit=1024%2C1024&ssl=1","datePublished":"2026-02-25T08:30:55+00:00","dateModified":"2026-02-25T08:35:38+00:00","breadcrumb":{"@id":"https:\/\/tibaba-lareunion.com\/?product=legging-4#breadcrumb"},"inLanguage":"fr-FR","potentialAction":[{"@type":"ReadAction","target":["https:\/\/tibaba-lareunion.com\/?product=legging-4"]}]},{"@type":"ImageObject","inLanguage":"fr-FR","@id":"https:\/\/tibaba-lareunion.com\/?product=legging-4#primaryimage","url":"https:\/\/i0.wp.com\/tibaba-lareunion.com\/wp-content\/uploads\/2026\/02\/ChatGPT-Image-17-fevr.-2026-a-21_21_13-2.png?fit=1024%2C1024&ssl=1","contentUrl":"https:\/\/i0.wp.com\/tibaba-lareunion.com\/wp-content\/uploads\/2026\/02\/ChatGPT-Image-17-fevr.-2026-a-21_21_13-2.png?fit=1024%2C1024&ssl=1","width":1024,"height":1024},{"@type":"BreadcrumbList","@id":"https:\/\/tibaba-lareunion.com\/?product=legging-4#breadcrumb","itemListElement":[{"@type":"ListItem","position":1,"name":"Accueil","item":"https:\/\/tibaba-lareunion.com\/"},{"@type":"ListItem","position":2,"name":"Boutique","item":"https:\/\/tibaba-lareunion.com\/?page_id=943"},{"@type":"ListItem","position":3,"name":"Legging"}]},{"@type":"WebSite","@id":"https:\/\/tibaba-lareunion.com\/#website","url":"https:\/\/tibaba-lareunion.com\/","name":"Ti Baba La R\u00e9union","description":"Allons bouger !","potentialAction":[{"@type":"SearchAction","target":{"@type":"EntryPoint","urlTemplate":"https:\/\/tibaba-lareunion.com\/?s={search_term_string}"},"query-input":{"@type":"PropertyValueSpecification","valueRequired":true,"valueName":"search_term_string"}}],"inLanguage":"fr-FR"}]}},"jetpack_publicize_connections":[],"jetpack_sharing_enabled":true,"_links":{"self":[{"href":"https:\/\/tibaba-lareunion.com\/index.php?rest_route=\/wp\/v2\/product\/13759","targetHints":{"allow":["GET"]}}],"collection":[{"href":"https:\/\/tibaba-lareunion.com\/index.php?rest_route=\/wp\/v2\/product"}],"about":[{"href":"https:\/\/tibaba-lareunion.com\/index.php?rest_route=\/wp\/v2\/types\/product"}],"wp:featuredmedia":[{"embeddable":true,"href":"https:\/\/tibaba-lareunion.com\/index.php?rest_route=\/wp\/v2\/media\/13758"}],"wp:attachment":[{"href":"https:\/\/tibaba-lareunion.com\/index.php?rest_route=%2Fwp%2Fv2%2Fmedia&parent=13759"}],"wp:term":[{"taxonomy":"product_brand","embeddable":true,"href":"https:\/\/tibaba-lareunion.com\/index.php?rest_route=%2Fwp%2Fv2%2Fproduct_brand&post=13759"},{"taxonomy":"product_cat","embeddable":true,"href":"https:\/\/tibaba-lareunion.com\/index.php?rest_route=%2Fwp%2Fv2%2Fproduct_cat&post=13759"},{"taxonomy":"product_tag","embeddable":true,"href":"https:\/\/tibaba-lareunion.com\/index.php?rest_route=%2Fwp%2Fv2%2Fproduct_tag&post=13759"}],"curies":[{"name":"wp","href":"https:\/\/api.w.org\/{rel}","templated":true}]}}