{"id":10669,"date":"2023-01-30T13:50:28","date_gmt":"2023-01-30T09:50:28","guid":{"rendered":"https:\/\/tibaba-lareunion.com\/?post_type=product&#038;p=10669"},"modified":"2023-01-30T20:30:59","modified_gmt":"2023-01-30T16:30:59","slug":"tablier-pour-les-maternelles","status":"publish","type":"product","link":"https:\/\/tibaba-lareunion.com\/?product=tablier-pour-les-maternelles","title":{"rendered":"Tablier pour les maternelles"},"content":{"rendered":"<p>Mati\u00e8re : Imperm\u00e9able<br \/>\nCouleur : Bleu marine<\/p>\n<p>\u2022 Type chasuble<br \/>\n\u2022 Deux poches avant<br \/>\n\u2022 Scratch arri\u00e8re<br \/>\n\u2022 Unisexe<\/p>\n<p>Laver \u00e0 la main<\/p>\n","protected":false},"excerpt":{"rendered":"<p>&nbsp;<\/p>\n<p>Mati\u00e8re : Imperm\u00e9able<br \/>\nCouleur : Bleu marine<\/p>\n<p>\u2022 Type chasuble<br \/>\n\u2022 Deux poches avant<br \/>\n\u2022 Scratch arri\u00e8re<br \/>\n\u2022 Unisexe<\/p>\n<p><strong>(Les v\u00eatements seront \u00e9changeable, lors de la r\u00e9cup\u00e9ration de l&rsquo;uniforme si la taille ne convient pas)<\/strong><\/p>\n","protected":false},"featured_media":10676,"template":"","meta":{"_et_pb_use_builder":"off","_et_pb_old_content":"<strong>Livraison :<\/strong> Votre commande pourra \u00eatre livr\u00e9e directement chez vous via La Poste en 2-3 jours ouvr\u00e9s. Vous pouvez \u00e9galement retirer votre commande \u00e0 la Boutique Ti Baba au 50 rue Jules Auber \u00e0 St Denis (un e-mail vous sera envoy\u00e9 lorsqu\u2019elle sera disponible en boutique).\r\n\r\n<strong>Retours :<\/strong> Vous pourrez retourner votre article (non port\u00e9, non lav\u00e9) s\u2019il ne vous conviennent pas (trop grand, trop petit, d\u00e9faut), \u00e0 partir du 15 Juillet jusqu\u2019\u00e0 la rentr\u00e9e. Nous pourrons \u00e0 ce moment l\u2019\u00e9changer, ou l\u2019ajuster (gr\u00e2ce \u00e0 notre f\u00e9e couturi\u00e8re Ti Baba).\r\n\r\n\u00a0","_et_gb_content_width":"","_monsterinsights_skip_tracking":false,"_monsterinsights_sitenote_active":false,"_monsterinsights_sitenote_note":"","_monsterinsights_sitenote_category":0,"jetpack_post_was_ever_published":false,"jetpack_publicize_message":"","jetpack_publicize_feature_enabled":true,"jetpack_social_post_already_shared":false,"jetpack_social_options":{"image_generator_settings":{"template":"highway","default_image_id":0,"font":"","enabled":false},"version":2}},"product_brand":[],"product_cat":[108],"product_tag":[],"class_list":{"0":"post-10669","1":"product","2":"type-product","3":"status-publish","4":"has-post-thumbnail","6":"product_cat-ecole-sg","8":"first","9":"instock","10":"taxable","11":"shipping-taxable","12":"purchasable","13":"product-type-variable"},"yoast_head":"<!-- This site is optimized with the Yoast SEO plugin v27.1.1 - https:\/\/yoast.com\/product\/yoast-seo-wordpress\/ -->\n<title>Tablier pour les maternelles - Ti Baba La R\u00e9union<\/title>\n<meta name=\"robots\" content=\"index, follow, max-snippet:-1, max-image-preview:large, max-video-preview:-1\" \/>\n<link rel=\"canonical\" href=\"https:\/\/tibaba-lareunion.com\/?product=tablier-pour-les-maternelles\" \/>\n<meta property=\"og:locale\" content=\"fr_FR\" \/>\n<meta property=\"og:type\" content=\"article\" \/>\n<meta property=\"og:title\" content=\"Tablier pour les maternelles - Ti Baba La R\u00e9union\" \/>\n<meta property=\"og:description\" content=\"&nbsp;  Mati\u00e8re : Imperm\u00e9able Couleur : Bleu marine  \u2022 Type chasuble \u2022 Deux poches avant \u2022 Scratch arri\u00e8re \u2022 Unisexe  (Les v\u00eatements seront \u00e9changeable, lors de la r\u00e9cup\u00e9ration de l&#039;uniforme si la taille ne convient pas)\" \/>\n<meta property=\"og:url\" content=\"https:\/\/tibaba-lareunion.com\/?product=tablier-pour-les-maternelles\" \/>\n<meta property=\"og:site_name\" content=\"Ti Baba La R\u00e9union\" \/>\n<meta property=\"article:publisher\" content=\"https:\/\/www.facebook.com\/tibabalareunion\/?modal=admin_todo_tour\" \/>\n<meta property=\"article:modified_time\" content=\"2023-01-30T16:30:59+00:00\" \/>\n<meta property=\"og:image\" content=\"https:\/\/i0.wp.com\/tibaba-lareunion.com\/wp-content\/uploads\/2023\/01\/IMG_5385-scaled.jpg?fit=1920%2C2560&ssl=1\" \/>\n\t<meta property=\"og:image:width\" content=\"1920\" \/>\n\t<meta property=\"og:image:height\" content=\"2560\" \/>\n\t<meta property=\"og:image:type\" content=\"image\/jpeg\" \/>\n<meta name=\"twitter:card\" content=\"summary_large_image\" \/>\n<meta name=\"twitter:label1\" content=\"Dur\u00e9e de lecture estim\u00e9e\" \/>\n\t<meta name=\"twitter:data1\" content=\"1 minute\" \/>\n<script type=\"application\/ld+json\" class=\"yoast-schema-graph\">{\"@context\":\"https:\/\/schema.org\",\"@graph\":[{\"@type\":\"WebPage\",\"@id\":\"https:\/\/tibaba-lareunion.com\/?product=tablier-pour-les-maternelles\",\"url\":\"https:\/\/tibaba-lareunion.com\/?product=tablier-pour-les-maternelles\",\"name\":\"Tablier pour les maternelles - Ti Baba La R\u00e9union\",\"isPartOf\":{\"@id\":\"https:\/\/tibaba-lareunion.com\/#website\"},\"primaryImageOfPage\":{\"@id\":\"https:\/\/tibaba-lareunion.com\/?product=tablier-pour-les-maternelles#primaryimage\"},\"image\":{\"@id\":\"https:\/\/tibaba-lareunion.com\/?product=tablier-pour-les-maternelles#primaryimage\"},\"thumbnailUrl\":\"https:\/\/i0.wp.com\/tibaba-lareunion.com\/wp-content\/uploads\/2023\/01\/IMG_5385-scaled.jpg?fit=1920%2C2560&ssl=1\",\"datePublished\":\"2023-01-30T09:50:28+00:00\",\"dateModified\":\"2023-01-30T16:30:59+00:00\",\"breadcrumb\":{\"@id\":\"https:\/\/tibaba-lareunion.com\/?product=tablier-pour-les-maternelles#breadcrumb\"},\"inLanguage\":\"fr-FR\",\"potentialAction\":[{\"@type\":\"ReadAction\",\"target\":[\"https:\/\/tibaba-lareunion.com\/?product=tablier-pour-les-maternelles\"]}]},{\"@type\":\"ImageObject\",\"inLanguage\":\"fr-FR\",\"@id\":\"https:\/\/tibaba-lareunion.com\/?product=tablier-pour-les-maternelles#primaryimage\",\"url\":\"https:\/\/i0.wp.com\/tibaba-lareunion.com\/wp-content\/uploads\/2023\/01\/IMG_5385-scaled.jpg?fit=1920%2C2560&ssl=1\",\"contentUrl\":\"https:\/\/i0.wp.com\/tibaba-lareunion.com\/wp-content\/uploads\/2023\/01\/IMG_5385-scaled.jpg?fit=1920%2C2560&ssl=1\",\"width\":1920,\"height\":2560},{\"@type\":\"BreadcrumbList\",\"@id\":\"https:\/\/tibaba-lareunion.com\/?product=tablier-pour-les-maternelles#breadcrumb\",\"itemListElement\":[{\"@type\":\"ListItem\",\"position\":1,\"name\":\"Accueil\",\"item\":\"https:\/\/tibaba-lareunion.com\/\"},{\"@type\":\"ListItem\",\"position\":2,\"name\":\"Boutique\",\"item\":\"https:\/\/tibaba-lareunion.com\/?page_id=943\"},{\"@type\":\"ListItem\",\"position\":3,\"name\":\"Tablier pour les maternelles\"}]},{\"@type\":\"WebSite\",\"@id\":\"https:\/\/tibaba-lareunion.com\/#website\",\"url\":\"https:\/\/tibaba-lareunion.com\/\",\"name\":\"Ti Baba La R\u00e9union\",\"description\":\"Allons bouger !\",\"potentialAction\":[{\"@type\":\"SearchAction\",\"target\":{\"@type\":\"EntryPoint\",\"urlTemplate\":\"https:\/\/tibaba-lareunion.com\/?s={search_term_string}\"},\"query-input\":{\"@type\":\"PropertyValueSpecification\",\"valueRequired\":true,\"valueName\":\"search_term_string\"}}],\"inLanguage\":\"fr-FR\"}]}<\/script>\n<!-- \/ Yoast SEO plugin. -->","yoast_head_json":{"title":"Tablier pour les maternelles - Ti Baba La R\u00e9union","robots":{"index":"index","follow":"follow","max-snippet":"max-snippet:-1","max-image-preview":"max-image-preview:large","max-video-preview":"max-video-preview:-1"},"canonical":"https:\/\/tibaba-lareunion.com\/?product=tablier-pour-les-maternelles","og_locale":"fr_FR","og_type":"article","og_title":"Tablier pour les maternelles - Ti Baba La R\u00e9union","og_description":"&nbsp;  Mati\u00e8re : Imperm\u00e9able Couleur : Bleu marine  \u2022 Type chasuble \u2022 Deux poches avant \u2022 Scratch arri\u00e8re \u2022 Unisexe  (Les v\u00eatements seront \u00e9changeable, lors de la r\u00e9cup\u00e9ration de l'uniforme si la taille ne convient pas)","og_url":"https:\/\/tibaba-lareunion.com\/?product=tablier-pour-les-maternelles","og_site_name":"Ti Baba La R\u00e9union","article_publisher":"https:\/\/www.facebook.com\/tibabalareunion\/?modal=admin_todo_tour","article_modified_time":"2023-01-30T16:30:59+00:00","og_image":[{"width":1920,"height":2560,"url":"https:\/\/i0.wp.com\/tibaba-lareunion.com\/wp-content\/uploads\/2023\/01\/IMG_5385-scaled.jpg?fit=1920%2C2560&ssl=1","type":"image\/jpeg"}],"twitter_card":"summary_large_image","twitter_misc":{"Dur\u00e9e de lecture estim\u00e9e":"1 minute"},"schema":{"@context":"https:\/\/schema.org","@graph":[{"@type":"WebPage","@id":"https:\/\/tibaba-lareunion.com\/?product=tablier-pour-les-maternelles","url":"https:\/\/tibaba-lareunion.com\/?product=tablier-pour-les-maternelles","name":"Tablier pour les maternelles - Ti Baba La R\u00e9union","isPartOf":{"@id":"https:\/\/tibaba-lareunion.com\/#website"},"primaryImageOfPage":{"@id":"https:\/\/tibaba-lareunion.com\/?product=tablier-pour-les-maternelles#primaryimage"},"image":{"@id":"https:\/\/tibaba-lareunion.com\/?product=tablier-pour-les-maternelles#primaryimage"},"thumbnailUrl":"https:\/\/i0.wp.com\/tibaba-lareunion.com\/wp-content\/uploads\/2023\/01\/IMG_5385-scaled.jpg?fit=1920%2C2560&ssl=1","datePublished":"2023-01-30T09:50:28+00:00","dateModified":"2023-01-30T16:30:59+00:00","breadcrumb":{"@id":"https:\/\/tibaba-lareunion.com\/?product=tablier-pour-les-maternelles#breadcrumb"},"inLanguage":"fr-FR","potentialAction":[{"@type":"ReadAction","target":["https:\/\/tibaba-lareunion.com\/?product=tablier-pour-les-maternelles"]}]},{"@type":"ImageObject","inLanguage":"fr-FR","@id":"https:\/\/tibaba-lareunion.com\/?product=tablier-pour-les-maternelles#primaryimage","url":"https:\/\/i0.wp.com\/tibaba-lareunion.com\/wp-content\/uploads\/2023\/01\/IMG_5385-scaled.jpg?fit=1920%2C2560&ssl=1","contentUrl":"https:\/\/i0.wp.com\/tibaba-lareunion.com\/wp-content\/uploads\/2023\/01\/IMG_5385-scaled.jpg?fit=1920%2C2560&ssl=1","width":1920,"height":2560},{"@type":"BreadcrumbList","@id":"https:\/\/tibaba-lareunion.com\/?product=tablier-pour-les-maternelles#breadcrumb","itemListElement":[{"@type":"ListItem","position":1,"name":"Accueil","item":"https:\/\/tibaba-lareunion.com\/"},{"@type":"ListItem","position":2,"name":"Boutique","item":"https:\/\/tibaba-lareunion.com\/?page_id=943"},{"@type":"ListItem","position":3,"name":"Tablier pour les maternelles"}]},{"@type":"WebSite","@id":"https:\/\/tibaba-lareunion.com\/#website","url":"https:\/\/tibaba-lareunion.com\/","name":"Ti Baba La R\u00e9union","description":"Allons bouger !","potentialAction":[{"@type":"SearchAction","target":{"@type":"EntryPoint","urlTemplate":"https:\/\/tibaba-lareunion.com\/?s={search_term_string}"},"query-input":{"@type":"PropertyValueSpecification","valueRequired":true,"valueName":"search_term_string"}}],"inLanguage":"fr-FR"}]}},"jetpack_publicize_connections":[],"jetpack_sharing_enabled":true,"_links":{"self":[{"href":"https:\/\/tibaba-lareunion.com\/index.php?rest_route=\/wp\/v2\/product\/10669","targetHints":{"allow":["GET"]}}],"collection":[{"href":"https:\/\/tibaba-lareunion.com\/index.php?rest_route=\/wp\/v2\/product"}],"about":[{"href":"https:\/\/tibaba-lareunion.com\/index.php?rest_route=\/wp\/v2\/types\/product"}],"wp:featuredmedia":[{"embeddable":true,"href":"https:\/\/tibaba-lareunion.com\/index.php?rest_route=\/wp\/v2\/media\/10676"}],"wp:attachment":[{"href":"https:\/\/tibaba-lareunion.com\/index.php?rest_route=%2Fwp%2Fv2%2Fmedia&parent=10669"}],"wp:term":[{"taxonomy":"product_brand","embeddable":true,"href":"https:\/\/tibaba-lareunion.com\/index.php?rest_route=%2Fwp%2Fv2%2Fproduct_brand&post=10669"},{"taxonomy":"product_cat","embeddable":true,"href":"https:\/\/tibaba-lareunion.com\/index.php?rest_route=%2Fwp%2Fv2%2Fproduct_cat&post=10669"},{"taxonomy":"product_tag","embeddable":true,"href":"https:\/\/tibaba-lareunion.com\/index.php?rest_route=%2Fwp%2Fv2%2Fproduct_tag&post=10669"}],"curies":[{"name":"wp","href":"https:\/\/api.w.org\/{rel}","templated":true}]}}