{"id":10577,"date":"2023-01-03T11:21:24","date_gmt":"2023-01-03T07:21:24","guid":{"rendered":"https:\/\/tibaba-lareunion.com\/?post_type=product&#038;p=10577"},"modified":"2023-01-30T14:05:14","modified_gmt":"2023-01-30T10:05:14","slug":"debardeur-fille-2","status":"publish","type":"product","link":"https:\/\/tibaba-lareunion.com\/?product=debardeur-fille-2","title":{"rendered":"D\u00e9bardeur Fille"},"content":{"rendered":"<p>Mati\u00e8re : 100 % Coton Jersey<br \/>\nCouleur : Blanc<\/p>\n<p>\u2022 Broderie anglaise col et manches<br \/>\n\u2022 Bouton arri\u00e8re<\/p>\n<p>Laver une premi\u00e8re fois avant utilisation, en s\u00e9parant les autres couleurs (bleu clair, blanc) du bleu marine.<br \/>\nLavage en machine \u00e0 40\u00b0<\/p>\n","protected":false},"excerpt":{"rendered":"<p>&nbsp;<\/p>\n<p>Mati\u00e8re : 100 % Coton Jersey<br \/>\nCouleur : Blanc<\/p>\n<p>\u2022 Broderie anglaise col et manches<br \/>\n\u2022 Bouton arri\u00e8re<\/p>\n<p><strong>(Les v\u00eatements seront \u00e9changeable, lors de la r\u00e9cup\u00e9ration de l&rsquo;uniforme si la taille ne convient pas)<\/strong><\/p>\n","protected":false},"featured_media":10672,"template":"","meta":{"_et_pb_use_builder":"","_et_pb_old_content":"","_et_gb_content_width":"","_monsterinsights_skip_tracking":false,"_monsterinsights_sitenote_active":false,"_monsterinsights_sitenote_note":"","_monsterinsights_sitenote_category":0,"jetpack_post_was_ever_published":false,"jetpack_publicize_message":"","jetpack_publicize_feature_enabled":true,"jetpack_social_post_already_shared":false,"jetpack_social_options":{"image_generator_settings":{"template":"highway","default_image_id":0,"font":"","enabled":false},"version":2}},"product_brand":[],"product_cat":[108],"product_tag":[],"class_list":{"0":"post-10577","1":"product","2":"type-product","3":"status-publish","4":"has-post-thumbnail","6":"product_cat-ecole-sg","8":"first","9":"instock","10":"taxable","11":"shipping-taxable","12":"purchasable","13":"product-type-variable"},"yoast_head":"<!-- This site is optimized with the Yoast SEO plugin v27.1.1 - https:\/\/yoast.com\/product\/yoast-seo-wordpress\/ -->\n<title>D\u00e9bardeur Fille - Ti Baba La R\u00e9union<\/title>\n<meta name=\"robots\" content=\"index, follow, max-snippet:-1, max-image-preview:large, max-video-preview:-1\" \/>\n<link rel=\"canonical\" href=\"https:\/\/tibaba-lareunion.com\/?product=debardeur-fille-2\" \/>\n<meta property=\"og:locale\" content=\"fr_FR\" \/>\n<meta property=\"og:type\" content=\"article\" \/>\n<meta property=\"og:title\" content=\"D\u00e9bardeur Fille - Ti Baba La R\u00e9union\" \/>\n<meta property=\"og:description\" content=\"&nbsp;  Mati\u00e8re : 100 % Coton Jersey Couleur : Blanc  \u2022 Broderie anglaise col et manches \u2022 Bouton arri\u00e8re  (Les v\u00eatements seront \u00e9changeable, lors de la r\u00e9cup\u00e9ration de l&#039;uniforme si la taille ne convient pas)\" \/>\n<meta property=\"og:url\" content=\"https:\/\/tibaba-lareunion.com\/?product=debardeur-fille-2\" \/>\n<meta property=\"og:site_name\" content=\"Ti Baba La R\u00e9union\" \/>\n<meta property=\"article:publisher\" content=\"https:\/\/www.facebook.com\/tibabalareunion\/?modal=admin_todo_tour\" \/>\n<meta property=\"article:modified_time\" content=\"2023-01-30T10:05:14+00:00\" \/>\n<meta property=\"og:image\" content=\"https:\/\/i0.wp.com\/tibaba-lareunion.com\/wp-content\/uploads\/2023\/01\/DEBARDEUR1.jpg?fit=793%2C1189&ssl=1\" \/>\n\t<meta property=\"og:image:width\" content=\"793\" \/>\n\t<meta property=\"og:image:height\" content=\"1189\" \/>\n\t<meta property=\"og:image:type\" content=\"image\/jpeg\" \/>\n<meta name=\"twitter:card\" content=\"summary_large_image\" \/>\n<meta name=\"twitter:label1\" content=\"Dur\u00e9e de lecture estim\u00e9e\" \/>\n\t<meta name=\"twitter:data1\" content=\"1 minute\" \/>\n<script type=\"application\/ld+json\" class=\"yoast-schema-graph\">{\"@context\":\"https:\/\/schema.org\",\"@graph\":[{\"@type\":\"WebPage\",\"@id\":\"https:\/\/tibaba-lareunion.com\/?product=debardeur-fille-2\",\"url\":\"https:\/\/tibaba-lareunion.com\/?product=debardeur-fille-2\",\"name\":\"D\u00e9bardeur Fille - Ti Baba La R\u00e9union\",\"isPartOf\":{\"@id\":\"https:\/\/tibaba-lareunion.com\/#website\"},\"primaryImageOfPage\":{\"@id\":\"https:\/\/tibaba-lareunion.com\/?product=debardeur-fille-2#primaryimage\"},\"image\":{\"@id\":\"https:\/\/tibaba-lareunion.com\/?product=debardeur-fille-2#primaryimage\"},\"thumbnailUrl\":\"https:\/\/i0.wp.com\/tibaba-lareunion.com\/wp-content\/uploads\/2023\/01\/DEBARDEUR1.jpg?fit=793%2C1189&ssl=1\",\"datePublished\":\"2023-01-03T07:21:24+00:00\",\"dateModified\":\"2023-01-30T10:05:14+00:00\",\"breadcrumb\":{\"@id\":\"https:\/\/tibaba-lareunion.com\/?product=debardeur-fille-2#breadcrumb\"},\"inLanguage\":\"fr-FR\",\"potentialAction\":[{\"@type\":\"ReadAction\",\"target\":[\"https:\/\/tibaba-lareunion.com\/?product=debardeur-fille-2\"]}]},{\"@type\":\"ImageObject\",\"inLanguage\":\"fr-FR\",\"@id\":\"https:\/\/tibaba-lareunion.com\/?product=debardeur-fille-2#primaryimage\",\"url\":\"https:\/\/i0.wp.com\/tibaba-lareunion.com\/wp-content\/uploads\/2023\/01\/DEBARDEUR1.jpg?fit=793%2C1189&ssl=1\",\"contentUrl\":\"https:\/\/i0.wp.com\/tibaba-lareunion.com\/wp-content\/uploads\/2023\/01\/DEBARDEUR1.jpg?fit=793%2C1189&ssl=1\",\"width\":793,\"height\":1189},{\"@type\":\"BreadcrumbList\",\"@id\":\"https:\/\/tibaba-lareunion.com\/?product=debardeur-fille-2#breadcrumb\",\"itemListElement\":[{\"@type\":\"ListItem\",\"position\":1,\"name\":\"Accueil\",\"item\":\"https:\/\/tibaba-lareunion.com\/\"},{\"@type\":\"ListItem\",\"position\":2,\"name\":\"Boutique\",\"item\":\"https:\/\/tibaba-lareunion.com\/?page_id=943\"},{\"@type\":\"ListItem\",\"position\":3,\"name\":\"D\u00e9bardeur Fille\"}]},{\"@type\":\"WebSite\",\"@id\":\"https:\/\/tibaba-lareunion.com\/#website\",\"url\":\"https:\/\/tibaba-lareunion.com\/\",\"name\":\"Ti Baba La R\u00e9union\",\"description\":\"Allons bouger !\",\"potentialAction\":[{\"@type\":\"SearchAction\",\"target\":{\"@type\":\"EntryPoint\",\"urlTemplate\":\"https:\/\/tibaba-lareunion.com\/?s={search_term_string}\"},\"query-input\":{\"@type\":\"PropertyValueSpecification\",\"valueRequired\":true,\"valueName\":\"search_term_string\"}}],\"inLanguage\":\"fr-FR\"}]}<\/script>\n<!-- \/ Yoast SEO plugin. -->","yoast_head_json":{"title":"D\u00e9bardeur Fille - Ti Baba La R\u00e9union","robots":{"index":"index","follow":"follow","max-snippet":"max-snippet:-1","max-image-preview":"max-image-preview:large","max-video-preview":"max-video-preview:-1"},"canonical":"https:\/\/tibaba-lareunion.com\/?product=debardeur-fille-2","og_locale":"fr_FR","og_type":"article","og_title":"D\u00e9bardeur Fille - Ti Baba La R\u00e9union","og_description":"&nbsp;  Mati\u00e8re : 100 % Coton Jersey Couleur : Blanc  \u2022 Broderie anglaise col et manches \u2022 Bouton arri\u00e8re  (Les v\u00eatements seront \u00e9changeable, lors de la r\u00e9cup\u00e9ration de l'uniforme si la taille ne convient pas)","og_url":"https:\/\/tibaba-lareunion.com\/?product=debardeur-fille-2","og_site_name":"Ti Baba La R\u00e9union","article_publisher":"https:\/\/www.facebook.com\/tibabalareunion\/?modal=admin_todo_tour","article_modified_time":"2023-01-30T10:05:14+00:00","og_image":[{"width":793,"height":1189,"url":"https:\/\/i0.wp.com\/tibaba-lareunion.com\/wp-content\/uploads\/2023\/01\/DEBARDEUR1.jpg?fit=793%2C1189&ssl=1","type":"image\/jpeg"}],"twitter_card":"summary_large_image","twitter_misc":{"Dur\u00e9e de lecture estim\u00e9e":"1 minute"},"schema":{"@context":"https:\/\/schema.org","@graph":[{"@type":"WebPage","@id":"https:\/\/tibaba-lareunion.com\/?product=debardeur-fille-2","url":"https:\/\/tibaba-lareunion.com\/?product=debardeur-fille-2","name":"D\u00e9bardeur Fille - Ti Baba La R\u00e9union","isPartOf":{"@id":"https:\/\/tibaba-lareunion.com\/#website"},"primaryImageOfPage":{"@id":"https:\/\/tibaba-lareunion.com\/?product=debardeur-fille-2#primaryimage"},"image":{"@id":"https:\/\/tibaba-lareunion.com\/?product=debardeur-fille-2#primaryimage"},"thumbnailUrl":"https:\/\/i0.wp.com\/tibaba-lareunion.com\/wp-content\/uploads\/2023\/01\/DEBARDEUR1.jpg?fit=793%2C1189&ssl=1","datePublished":"2023-01-03T07:21:24+00:00","dateModified":"2023-01-30T10:05:14+00:00","breadcrumb":{"@id":"https:\/\/tibaba-lareunion.com\/?product=debardeur-fille-2#breadcrumb"},"inLanguage":"fr-FR","potentialAction":[{"@type":"ReadAction","target":["https:\/\/tibaba-lareunion.com\/?product=debardeur-fille-2"]}]},{"@type":"ImageObject","inLanguage":"fr-FR","@id":"https:\/\/tibaba-lareunion.com\/?product=debardeur-fille-2#primaryimage","url":"https:\/\/i0.wp.com\/tibaba-lareunion.com\/wp-content\/uploads\/2023\/01\/DEBARDEUR1.jpg?fit=793%2C1189&ssl=1","contentUrl":"https:\/\/i0.wp.com\/tibaba-lareunion.com\/wp-content\/uploads\/2023\/01\/DEBARDEUR1.jpg?fit=793%2C1189&ssl=1","width":793,"height":1189},{"@type":"BreadcrumbList","@id":"https:\/\/tibaba-lareunion.com\/?product=debardeur-fille-2#breadcrumb","itemListElement":[{"@type":"ListItem","position":1,"name":"Accueil","item":"https:\/\/tibaba-lareunion.com\/"},{"@type":"ListItem","position":2,"name":"Boutique","item":"https:\/\/tibaba-lareunion.com\/?page_id=943"},{"@type":"ListItem","position":3,"name":"D\u00e9bardeur Fille"}]},{"@type":"WebSite","@id":"https:\/\/tibaba-lareunion.com\/#website","url":"https:\/\/tibaba-lareunion.com\/","name":"Ti Baba La R\u00e9union","description":"Allons bouger !","potentialAction":[{"@type":"SearchAction","target":{"@type":"EntryPoint","urlTemplate":"https:\/\/tibaba-lareunion.com\/?s={search_term_string}"},"query-input":{"@type":"PropertyValueSpecification","valueRequired":true,"valueName":"search_term_string"}}],"inLanguage":"fr-FR"}]}},"jetpack_publicize_connections":[],"jetpack_sharing_enabled":true,"_links":{"self":[{"href":"https:\/\/tibaba-lareunion.com\/index.php?rest_route=\/wp\/v2\/product\/10577","targetHints":{"allow":["GET"]}}],"collection":[{"href":"https:\/\/tibaba-lareunion.com\/index.php?rest_route=\/wp\/v2\/product"}],"about":[{"href":"https:\/\/tibaba-lareunion.com\/index.php?rest_route=\/wp\/v2\/types\/product"}],"wp:featuredmedia":[{"embeddable":true,"href":"https:\/\/tibaba-lareunion.com\/index.php?rest_route=\/wp\/v2\/media\/10672"}],"wp:attachment":[{"href":"https:\/\/tibaba-lareunion.com\/index.php?rest_route=%2Fwp%2Fv2%2Fmedia&parent=10577"}],"wp:term":[{"taxonomy":"product_brand","embeddable":true,"href":"https:\/\/tibaba-lareunion.com\/index.php?rest_route=%2Fwp%2Fv2%2Fproduct_brand&post=10577"},{"taxonomy":"product_cat","embeddable":true,"href":"https:\/\/tibaba-lareunion.com\/index.php?rest_route=%2Fwp%2Fv2%2Fproduct_cat&post=10577"},{"taxonomy":"product_tag","embeddable":true,"href":"https:\/\/tibaba-lareunion.com\/index.php?rest_route=%2Fwp%2Fv2%2Fproduct_tag&post=10577"}],"curies":[{"name":"wp","href":"https:\/\/api.w.org\/{rel}","templated":true}]}}