{"id":5688,"date":"2019-10-31T18:10:50","date_gmt":"2019-10-31T14:10:50","guid":{"rendered":"https:\/\/tibaba-lareunion.com\/?page_id=5688"},"modified":"2023-03-27T12:04:11","modified_gmt":"2023-03-27T08:04:11","slug":"le-bain","status":"publish","type":"page","link":"https:\/\/tibaba-lareunion.com\/?page_id=5688","title":{"rendered":"Le bain"},"content":{"rendered":"<p>[et_pb_section fb_built=\u00a0\u00bb1&Prime; _builder_version=\u00a0\u00bb3.22&Prime; min_height=\u00a0\u00bb362px\u00a0\u00bb custom_padding=\u00a0\u00bb0px|0px|0px|0px|false|false\u00a0\u00bb global_colors_info=\u00a0\u00bb{}\u00a0\u00bb custom_margin=\u00a0\u00bb-158px|||||\u00a0\u00bb][et_pb_row _builder_version=\u00a0\u00bb3.25&Prime; custom_margin=\u00a0\u00bb-6px|auto|-95px|auto||\u00a0\u00bb custom_padding=\u00a0\u00bb0px|0px|0px|0px|false|false\u00a0\u00bb global_colors_info=\u00a0\u00bb{}\u00a0\u00bb][et_pb_column type=\u00a0\u00bb4_4&Prime; _builder_version=\u00a0\u00bb3.25&Prime; custom_padding=\u00a0\u00bb|||\u00a0\u00bb global_colors_info=\u00a0\u00bb{}\u00a0\u00bb custom_padding__hover=\u00a0\u00bb|||\u00a0\u00bb][et_pb_text _builder_version=\u00a0\u00bb3.27.4&Prime; text_font=\u00a0\u00bbAdamina||||||||\u00a0\u00bb text_text_color=\u00a0\u00bb#040647&Prime; text_font_size=\u00a0\u00bb22px\u00a0\u00bb text_letter_spacing=\u00a0\u00bb1px\u00a0\u00bb text_line_height=\u00a0\u00bb1.6em\u00a0\u00bb header_font=\u00a0\u00bbAdamina||||||||\u00a0\u00bb header_letter_spacing=\u00a0\u00bb1px\u00a0\u00bb header_line_height=\u00a0\u00bb1.6em\u00a0\u00bb text_font_size_tablet=\u00a0\u00bb\u00a0\u00bb text_font_size_phone=\u00a0\u00bb11px\u00a0\u00bb text_font_size_last_edited=\u00a0\u00bbon|phone\u00a0\u00bb global_colors_info=\u00a0\u00bb{}\u00a0\u00bb]<\/p>\n<p style=\"text-align: left;\"><strong><\/strong><\/p>\n<p style=\"text-align: left;\"><strong>Le Bain<\/strong><\/p>\n<p>[\/et_pb_text][et_pb_text _builder_version=\u00a0\u00bb4.4.5&Prime; text_font=\u00a0\u00bbAdamina||||||||\u00a0\u00bb text_letter_spacing=\u00a0\u00bb1px\u00a0\u00bb text_line_height=\u00a0\u00bb1.6em\u00a0\u00bb text_font_size_tablet=\u00a0\u00bb\u00a0\u00bb text_font_size_phone=\u00a0\u00bb11px\u00a0\u00bb text_font_size_last_edited=\u00a0\u00bbon|phone\u00a0\u00bb global_colors_info=\u00a0\u00bb{}\u00a0\u00bb]<\/p>\n<p style=\"text-align: left;\">D\u00e9couvrez nos capes de bain et nos ponchos 100% Fait-Main dans notre Atelier \u00e0 Saint-Louis. Nos mati\u00e8re utilis\u00e9es sont le Coton Double Gaze Oeko-Tex et l&rsquo;Eponge de Bambou<\/p>\n<p>[\/et_pb_text][et_pb_shop type=\u00a0\u00bbproduct_category\u00a0\u00bb include_categories=\u00a0\u00bb99&Prime; _builder_version=\u00a0\u00bb4.4.5&Prime; title_font=\u00a0\u00bbAdamina||||||||\u00a0\u00bb price_font=\u00a0\u00bbAdamina|700||on|||||\u00a0\u00bb price_text_align=\u00a0\u00bbcenter\u00a0\u00bb price_text_color=\u00a0\u00bb#0c71c3&Prime; price_font_size=\u00a0\u00bb15px\u00a0\u00bb text_orientation=\u00a0\u00bbcenter\u00a0\u00bb min_height=\u00a0\u00bb315px\u00a0\u00bb custom_margin=\u00a0\u00bb||580px|||\u00a0\u00bb custom_padding=\u00a0\u00bb||1px|||\u00a0\u00bb global_colors_info=\u00a0\u00bb{}\u00a0\u00bb][\/et_pb_shop][\/et_pb_column][\/et_pb_row][\/et_pb_section][et_pb_section fb_built=\u00a0\u00bb1&Prime; custom_padding_last_edited=\u00a0\u00bbon|phone\u00a0\u00bb _builder_version=\u00a0\u00bb3.21.4&Prime; background_color=\u00a0\u00bb#000033&Prime; min_height=\u00a0\u00bb186px\u00a0\u00bb custom_margin=\u00a0\u00bb-1px||0px|||\u00a0\u00bb custom_padding=\u00a0\u00bb0|0px|0px|0px|false|false\u00a0\u00bb custom_padding_tablet=\u00a0\u00bb\u00a0\u00bb custom_padding_phone=\u00a0\u00bb0||0px||false|false\u00a0\u00bb global_module=\u00a0\u00bb827&Prime; global_colors_info=\u00a0\u00bb{}\u00a0\u00bb][et_pb_row column_structure=\u00a0\u00bb1_3,1_3,1_3&Prime; module_class=\u00a0\u00bb et_pb_row_fullwidth\u00a0\u00bb _builder_version=\u00a0\u00bb3.25&Prime; background_size=\u00a0\u00bbinitial\u00a0\u00bb background_position=\u00a0\u00bbtop_left\u00a0\u00bb background_repeat=\u00a0\u00bbrepeat\u00a0\u00bb width=\u00a0\u00bb89%\u00a0\u00bb width_tablet=\u00a0\u00bb80%\u00a0\u00bb width_phone=\u00a0\u00bb\u00a0\u00bb width_last_edited=\u00a0\u00bbon|desktop\u00a0\u00bb max_width=\u00a0\u00bb89%\u00a0\u00bb max_width_tablet=\u00a0\u00bb80%\u00a0\u00bb max_width_phone=\u00a0\u00bb\u00a0\u00bb max_width_last_edited=\u00a0\u00bbon|desktop\u00a0\u00bb module_alignment=\u00a0\u00bbcenter\u00a0\u00bb custom_margin=\u00a0\u00bb|auto|-86px|auto||\u00a0\u00bb custom_padding=\u00a0\u00bb29px|0px|46px|0px|false|false\u00a0\u00bb make_fullwidth=\u00a0\u00bbon\u00a0\u00bb custom_width_px=\u00a0\u00bb1062px\u00a0\u00bb global_colors_info=\u00a0\u00bb{}\u00a0\u00bb][et_pb_column type=\u00a0\u00bb1_3&Prime; _builder_version=\u00a0\u00bb3.25&Prime; custom_padding=\u00a0\u00bb|||\u00a0\u00bb global_colors_info=\u00a0\u00bb{}\u00a0\u00bb custom_padding__hover=\u00a0\u00bb|||\u00a0\u00bb][et_pb_text _builder_version=\u00a0\u00bb3.27.4&Prime; global_colors_info=\u00a0\u00bb{}\u00a0\u00bb]<\/p>\n<p style=\"text-align: left;\"><span style=\"color: #ffffff;\"><a style=\"color: #ffffff;\" href=\"https:\/\/tibaba-lareunion.com\/faq\/\">FAQ<\/a><\/span><br \/><span style=\"color: #ffffff;\"> <a style=\"color: #ffffff;\" href=\"https:\/\/tibaba-lareunion.com\/contact\/\">Contactez-nous<\/a><\/span><br \/><span style=\"color: #ffffff;\"> <a style=\"color: #ffffff;\" href=\"https:\/\/tibaba-lareunion.com\/livraison-et-retour\/\"> Livraison &amp; Retour<\/a><\/span><br \/><span style=\"color: #ffffff;\"> <a style=\"color: #ffffff;\" href=\"https:\/\/tibaba-lareunion.com\/conditions-de-vente\/\"> Conditions g\u00e9n\u00e9rales de vente<\/a><\/span><\/p>\n<p>[\/et_pb_text][\/et_pb_column][et_pb_column type=\u00a0\u00bb1_3&Prime; _builder_version=\u00a0\u00bb3.25&Prime; custom_padding=\u00a0\u00bb|||\u00a0\u00bb global_colors_info=\u00a0\u00bb{}\u00a0\u00bb custom_padding__hover=\u00a0\u00bb|||\u00a0\u00bb][et_pb_text _builder_version=\u00a0\u00bb4.4.5&Prime; text_font=\u00a0\u00bb||||||||\u00a0\u00bb text_line_height=\u00a0\u00bb1.3em\u00a0\u00bb header_font=\u00a0\u00bbPompiere||||||||\u00a0\u00bb background_layout=\u00a0\u00bbdark\u00a0\u00bb max_width_tablet=\u00a0\u00bb\u00a0\u00bb max_width_phone=\u00a0\u00bb100%\u00a0\u00bb max_width_last_edited=\u00a0\u00bbon|phone\u00a0\u00bb module_alignment=\u00a0\u00bbleft\u00a0\u00bb custom_padding_tablet=\u00a0\u00bb\u00a0\u00bb custom_padding_phone=\u00a0\u00bb0px||\u00a0\u00bb custom_padding_last_edited=\u00a0\u00bbon|desktop\u00a0\u00bb global_colors_info=\u00a0\u00bb{}\u00a0\u00bb]<\/p>\n<p style=\"text-align: left;\"><span style=\"color: #ffffff;\"><a style=\"color: #ffffff;\" href=\"https:\/\/tibaba-lareunion.com\/la-marque\/\">La marque<\/a><\/span><br \/> <span style=\"color: #ffffff;\"> <a style=\"color: #ffffff;\" href=\"https:\/\/tibaba-lareunion.com\/8090-2\/\">Blog<\/a><\/span><br \/> <span style=\"color: #ffffff;\"> <a style=\"color: #ffffff;\" href=\"https:\/\/tibaba-lareunion.com\/guide-des-tailles\/\"> Guide des tailles<\/a><\/span><br \/> <span style=\"color: #ffffff;\"> <a style=\"color: #ffffff;\" href=\" https:\/\/tibaba-lareunion.com\/mentions-legales\/\"> Mentions l\u00e9gales<\/a><\/span><\/p>\n<p>[\/et_pb_text][\/et_pb_column][et_pb_column type=\u00a0\u00bb1_3&Prime; _builder_version=\u00a0\u00bb3.25&Prime; custom_padding=\u00a0\u00bb|||\u00a0\u00bb global_colors_info=\u00a0\u00bb{}\u00a0\u00bb custom_padding__hover=\u00a0\u00bb|||\u00a0\u00bb][et_pb_text _builder_version=\u00a0\u00bb3.27.4&Prime; text_font=\u00a0\u00bbPompiere|||||on|||\u00a0\u00bb text_font_size=\u00a0\u00bb27px\u00a0\u00bb text_letter_spacing=\u00a0\u00bb2px\u00a0\u00bb text_line_height=\u00a0\u00bb1.3em\u00a0\u00bb background_layout=\u00a0\u00bbdark\u00a0\u00bb custom_margin=\u00a0\u00bb||10px|\u00a0\u00bb global_colors_info=\u00a0\u00bb{}\u00a0\u00bb]<\/p>\n<p style=\"text-align: justify;\">Suivez- nous<\/p>\n<p>[\/et_pb_text][et_pb_social_media_follow _builder_version=\u00a0\u00bb3.21.4&Prime; global_colors_info=\u00a0\u00bb{}\u00a0\u00bb][et_pb_social_media_follow_network social_network=\u00a0\u00bbfacebook\u00a0\u00bb url=\u00a0\u00bbhttps:\/\/www.facebook.com\/tibabalareunion\/\u00a0\u00bb _builder_version=\u00a0\u00bb3.21.4&Prime; background_color=\u00a0\u00bb#dddddd\u00a0\u00bb global_colors_info=\u00a0\u00bb{}\u00a0\u00bb follow_button=\u00a0\u00bboff\u00a0\u00bb url_new_window=\u00a0\u00bbon\u00a0\u00bb]facebook[\/et_pb_social_media_follow_network][et_pb_social_media_follow_network social_network=\u00a0\u00bbinstagram\u00a0\u00bb url=\u00a0\u00bbhttps:\/\/www.instagram.com\/tibabalareunion\/\u00a0\u00bb _builder_version=\u00a0\u00bb3.17.2&Prime; background_color=\u00a0\u00bb#dddddd\u00a0\u00bb global_colors_info=\u00a0\u00bb{}\u00a0\u00bb follow_button=\u00a0\u00bboff\u00a0\u00bb url_new_window=\u00a0\u00bbon\u00a0\u00bb]instagram[\/et_pb_social_media_follow_network][et_pb_social_media_follow_network social_network=\u00a0\u00bbpinterest\u00a0\u00bb _builder_version=\u00a0\u00bb3.0.101&Prime; background_color=\u00a0\u00bb#dddddd\u00a0\u00bb global_colors_info=\u00a0\u00bb{}\u00a0\u00bb follow_button=\u00a0\u00bboff\u00a0\u00bb url_new_window=\u00a0\u00bbon\u00a0\u00bb]pinterest[\/et_pb_social_media_follow_network][et_pb_social_media_follow_network social_network=\u00a0\u00bblinkedin\u00a0\u00bb url=\u00a0\u00bbhttps:\/\/www.linkedin.com\/company\/tibabalareunion\/\u00a0\u00bb _builder_version=\u00a0\u00bb3.17.2&Prime; background_color=\u00a0\u00bb#dddddd\u00a0\u00bb global_colors_info=\u00a0\u00bb{}\u00a0\u00bb follow_button=\u00a0\u00bboff\u00a0\u00bb url_new_window=\u00a0\u00bbon\u00a0\u00bb]linkedin[\/et_pb_social_media_follow_network][\/et_pb_social_media_follow][\/et_pb_column][\/et_pb_row][\/et_pb_section]<\/p>\n","protected":false},"excerpt":{"rendered":"<p>Le BainD\u00e9couvrez nos capes de bain et nos ponchos 100% Fait-Main dans notre Atelier \u00e0 Saint-Louis. Nos mati\u00e8re utilis\u00e9es sont le Coton Double Gaze Oeko-Tex et l&rsquo;Eponge de BambouFAQ Contactez-nous Livraison &amp; Retour Conditions g\u00e9n\u00e9rales de venteLa marque Blog Guide des tailles Mentions l\u00e9galesSuivez- nous<\/p>\n","protected":false},"author":3,"featured_media":0,"parent":0,"menu_order":0,"comment_status":"closed","ping_status":"closed","template":"","meta":{"_et_pb_use_builder":"on","_et_pb_old_content":"","_et_gb_content_width":"","_monsterinsights_skip_tracking":false,"_monsterinsights_sitenote_active":false,"_monsterinsights_sitenote_note":"","_monsterinsights_sitenote_category":0,"jetpack_post_was_ever_published":false,"footnotes":""},"class_list":["post-5688","page","type-page","status-publish","hentry"],"yoast_head":"<!-- This site is optimized with the Yoast SEO plugin v27.1.1 - https:\/\/yoast.com\/product\/yoast-seo-wordpress\/ -->\n<title>Le bain<\/title>\n<meta name=\"robots\" content=\"index, follow, max-snippet:-1, max-image-preview:large, max-video-preview:-1\" \/>\n<link rel=\"canonical\" href=\"https:\/\/tibaba-lareunion.com\/?page_id=5688\" \/>\n<meta property=\"og:locale\" content=\"fr_FR\" \/>\n<meta property=\"og:type\" content=\"article\" \/>\n<meta property=\"og:title\" content=\"Le bain\" \/>\n<meta property=\"og:url\" content=\"https:\/\/tibaba-lareunion.com\/?page_id=5688\" \/>\n<meta property=\"og:site_name\" content=\"Ti Baba La R\u00e9union\" \/>\n<meta property=\"article:publisher\" content=\"https:\/\/www.facebook.com\/tibabalareunion\/?modal=admin_todo_tour\" \/>\n<meta property=\"article:modified_time\" content=\"2023-03-27T08:04:11+00:00\" \/>\n<meta name=\"twitter:card\" content=\"summary_large_image\" \/>\n<meta name=\"twitter:label1\" content=\"Dur\u00e9e de lecture estim\u00e9e\" \/>\n\t<meta name=\"twitter:data1\" content=\"3 minutes\" \/>\n<script type=\"application\/ld+json\" class=\"yoast-schema-graph\">{\"@context\":\"https:\/\/schema.org\",\"@graph\":[{\"@type\":\"WebPage\",\"@id\":\"https:\/\/tibaba-lareunion.com\/?page_id=5688\",\"url\":\"https:\/\/tibaba-lareunion.com\/?page_id=5688\",\"name\":\"Le bain\",\"isPartOf\":{\"@id\":\"https:\/\/tibaba-lareunion.com\/#website\"},\"datePublished\":\"2019-10-31T14:10:50+00:00\",\"dateModified\":\"2023-03-27T08:04:11+00:00\",\"breadcrumb\":{\"@id\":\"https:\/\/tibaba-lareunion.com\/?page_id=5688#breadcrumb\"},\"inLanguage\":\"fr-FR\",\"potentialAction\":[{\"@type\":\"ReadAction\",\"target\":[\"https:\/\/tibaba-lareunion.com\/?page_id=5688\"]}]},{\"@type\":\"BreadcrumbList\",\"@id\":\"https:\/\/tibaba-lareunion.com\/?page_id=5688#breadcrumb\",\"itemListElement\":[{\"@type\":\"ListItem\",\"position\":1,\"name\":\"Accueil\",\"item\":\"https:\/\/tibaba-lareunion.com\/\"},{\"@type\":\"ListItem\",\"position\":2,\"name\":\"Le bain\"}]},{\"@type\":\"WebSite\",\"@id\":\"https:\/\/tibaba-lareunion.com\/#website\",\"url\":\"https:\/\/tibaba-lareunion.com\/\",\"name\":\"Ti Baba La R\u00e9union\",\"description\":\"Allons bouger !\",\"potentialAction\":[{\"@type\":\"SearchAction\",\"target\":{\"@type\":\"EntryPoint\",\"urlTemplate\":\"https:\/\/tibaba-lareunion.com\/?s={search_term_string}\"},\"query-input\":{\"@type\":\"PropertyValueSpecification\",\"valueRequired\":true,\"valueName\":\"search_term_string\"}}],\"inLanguage\":\"fr-FR\"}]}<\/script>\n<!-- \/ Yoast SEO plugin. -->","yoast_head_json":{"title":"Le bain","robots":{"index":"index","follow":"follow","max-snippet":"max-snippet:-1","max-image-preview":"max-image-preview:large","max-video-preview":"max-video-preview:-1"},"canonical":"https:\/\/tibaba-lareunion.com\/?page_id=5688","og_locale":"fr_FR","og_type":"article","og_title":"Le bain","og_url":"https:\/\/tibaba-lareunion.com\/?page_id=5688","og_site_name":"Ti Baba La R\u00e9union","article_publisher":"https:\/\/www.facebook.com\/tibabalareunion\/?modal=admin_todo_tour","article_modified_time":"2023-03-27T08:04:11+00:00","twitter_card":"summary_large_image","twitter_misc":{"Dur\u00e9e de lecture estim\u00e9e":"3 minutes"},"schema":{"@context":"https:\/\/schema.org","@graph":[{"@type":"WebPage","@id":"https:\/\/tibaba-lareunion.com\/?page_id=5688","url":"https:\/\/tibaba-lareunion.com\/?page_id=5688","name":"Le bain","isPartOf":{"@id":"https:\/\/tibaba-lareunion.com\/#website"},"datePublished":"2019-10-31T14:10:50+00:00","dateModified":"2023-03-27T08:04:11+00:00","breadcrumb":{"@id":"https:\/\/tibaba-lareunion.com\/?page_id=5688#breadcrumb"},"inLanguage":"fr-FR","potentialAction":[{"@type":"ReadAction","target":["https:\/\/tibaba-lareunion.com\/?page_id=5688"]}]},{"@type":"BreadcrumbList","@id":"https:\/\/tibaba-lareunion.com\/?page_id=5688#breadcrumb","itemListElement":[{"@type":"ListItem","position":1,"name":"Accueil","item":"https:\/\/tibaba-lareunion.com\/"},{"@type":"ListItem","position":2,"name":"Le bain"}]},{"@type":"WebSite","@id":"https:\/\/tibaba-lareunion.com\/#website","url":"https:\/\/tibaba-lareunion.com\/","name":"Ti Baba La R\u00e9union","description":"Allons bouger !","potentialAction":[{"@type":"SearchAction","target":{"@type":"EntryPoint","urlTemplate":"https:\/\/tibaba-lareunion.com\/?s={search_term_string}"},"query-input":{"@type":"PropertyValueSpecification","valueRequired":true,"valueName":"search_term_string"}}],"inLanguage":"fr-FR"}]}},"jetpack_sharing_enabled":true,"jetpack_shortlink":"https:\/\/wp.me\/PadRu5-1tK","_links":{"self":[{"href":"https:\/\/tibaba-lareunion.com\/index.php?rest_route=\/wp\/v2\/pages\/5688","targetHints":{"allow":["GET"]}}],"collection":[{"href":"https:\/\/tibaba-lareunion.com\/index.php?rest_route=\/wp\/v2\/pages"}],"about":[{"href":"https:\/\/tibaba-lareunion.com\/index.php?rest_route=\/wp\/v2\/types\/page"}],"author":[{"embeddable":true,"href":"https:\/\/tibaba-lareunion.com\/index.php?rest_route=\/wp\/v2\/users\/3"}],"replies":[{"embeddable":true,"href":"https:\/\/tibaba-lareunion.com\/index.php?rest_route=%2Fwp%2Fv2%2Fcomments&post=5688"}],"version-history":[{"count":18,"href":"https:\/\/tibaba-lareunion.com\/index.php?rest_route=\/wp\/v2\/pages\/5688\/revisions"}],"predecessor-version":[{"id":11043,"href":"https:\/\/tibaba-lareunion.com\/index.php?rest_route=\/wp\/v2\/pages\/5688\/revisions\/11043"}],"wp:attachment":[{"href":"https:\/\/tibaba-lareunion.com\/index.php?rest_route=%2Fwp%2Fv2%2Fmedia&parent=5688"}],"curies":[{"name":"wp","href":"https:\/\/api.w.org\/{rel}","templated":true}]}}