{"id":453,"date":"2018-08-26T16:46:01","date_gmt":"2018-08-26T14:46:01","guid":{"rendered":"http:\/\/tibaba-lareunion.com\/?page_id=453"},"modified":"2019-07-29T23:38:23","modified_gmt":"2019-07-29T19:38:23","slug":"conditions-de-vente","status":"publish","type":"page","link":"https:\/\/tibaba-lareunion.com\/?page_id=453","title":{"rendered":"Conditions g\u00e9n\u00e9rales de vente"},"content":{"rendered":"<p>[et_pb_section fb_built=\u00a0\u00bb1&Prime; fullwidth=\u00a0\u00bbon\u00a0\u00bb _builder_version=\u00a0\u00bb3.0.101&Prime; custom_padding=\u00a0\u00bb0px|0px|0px|0px\u00a0\u00bb][et_pb_fullwidth_header title=\u00a0\u00bbConditions g\u00e9n\u00e9rales de vente\u00a0\u00bb button_one_text=\u00a0\u00bbAccueil\u00a0\u00bb _builder_version=\u00a0\u00bb3.16&Prime; title_font=\u00a0\u00bbPompiere|||||on|||\u00a0\u00bb title_text_align=\u00a0\u00bbcenter\u00a0\u00bb title_text_color=\u00a0\u00bb#7ba3e0&Prime; title_font_size=\u00a0\u00bb69px\u00a0\u00bb title_letter_spacing=\u00a0\u00bb4px\u00a0\u00bb title_line_height=\u00a0\u00bb1.3em\u00a0\u00bb title_text_shadow_style=\u00a0\u00bbpreset1&Prime; content_font=\u00a0\u00bbPompiere||||||||\u00a0\u00bb content_text_color=\u00a0\u00bb#000000&Prime; content_font_size=\u00a0\u00bb30px\u00a0\u00bb content_line_height=\u00a0\u00bb1.5em\u00a0\u00bb background_color=\u00a0\u00bbrgba(255, 255, 255, 0)\u00a0\u00bb custom_button_one=\u00a0\u00bbon\u00a0\u00bb button_one_text_size=\u00a0\u00bb15px\u00a0\u00bb button_one_text_color=\u00a0\u00bb#7ba3e0&Prime; button_one_bg_color_gradient_start=\u00a0\u00bb#88caf7&Prime; button_one_bg_color_gradient_end=\u00a0\u00bb#ffffff\u00a0\u00bb button_one_bg_color_gradient_type=\u00a0\u00bbradial\u00a0\u00bb button_one_bg_color_gradient_direction_radial=\u00a0\u00bbtop right\u00a0\u00bb button_one_border_width=\u00a0\u00bb1px\u00a0\u00bb button_one_font=\u00a0\u00bbPompiere|||||on|||\u00a0\u00bb button_one_icon=\u00a0\u00bb%%20%%\u00a0\u00bb button_one_text_shadow_style=\u00a0\u00bbpreset1&Prime; background_layout=\u00a0\u00bblight\u00a0\u00bb button_one_letter_spacing_hover=\u00a0\u00bb-1&Prime; button_one_text_size__hover_enabled=\u00a0\u00bboff\u00a0\u00bb button_one_text_size__hover=\u00a0\u00bbnull\u00a0\u00bb button_two_text_size__hover_enabled=\u00a0\u00bboff\u00a0\u00bb button_two_text_size__hover=\u00a0\u00bbnull\u00a0\u00bb button_one_text_color__hover_enabled=\u00a0\u00bboff\u00a0\u00bb button_one_text_color__hover=\u00a0\u00bbnull\u00a0\u00bb button_two_text_color__hover_enabled=\u00a0\u00bboff\u00a0\u00bb button_two_text_color__hover=\u00a0\u00bbnull\u00a0\u00bb button_one_border_width__hover_enabled=\u00a0\u00bboff\u00a0\u00bb button_one_border_width__hover=\u00a0\u00bbnull\u00a0\u00bb button_two_border_width__hover_enabled=\u00a0\u00bboff\u00a0\u00bb button_two_border_width__hover=\u00a0\u00bbnull\u00a0\u00bb button_one_border_color__hover_enabled=\u00a0\u00bboff\u00a0\u00bb button_one_border_color__hover=\u00a0\u00bbnull\u00a0\u00bb button_two_border_color__hover_enabled=\u00a0\u00bboff\u00a0\u00bb button_two_border_color__hover=\u00a0\u00bbnull\u00a0\u00bb button_one_border_radius__hover_enabled=\u00a0\u00bboff\u00a0\u00bb button_one_border_radius__hover=\u00a0\u00bbnull\u00a0\u00bb button_two_border_radius__hover_enabled=\u00a0\u00bboff\u00a0\u00bb button_two_border_radius__hover=\u00a0\u00bbnull\u00a0\u00bb button_one_letter_spacing__hover_enabled=\u00a0\u00bbon\u00a0\u00bb button_one_letter_spacing__hover=\u00a0\u00bb-1&Prime; button_two_letter_spacing__hover_enabled=\u00a0\u00bboff\u00a0\u00bb button_two_letter_spacing__hover=\u00a0\u00bbnull\u00a0\u00bb button_one_bg_color__hover_enabled=\u00a0\u00bboff\u00a0\u00bb button_one_bg_color__hover=\u00a0\u00bbnull\u00a0\u00bb button_two_bg_color__hover_enabled=\u00a0\u00bboff\u00a0\u00bb button_two_bg_color__hover=\u00a0\u00bbnull\u00a0\u00bb]&nbsp;<br \/>\n[\/et_pb_fullwidth_header][\/et_pb_section][et_pb_section fb_built=\u00a0\u00bb1&Prime; _builder_version=\u00a0\u00bb3.0.101&Prime;][et_pb_row _builder_version=\u00a0\u00bb3.0.101&Prime; custom_padding=\u00a0\u00bb0px|0px|308px|0px|false|false\u00a0\u00bb][et_pb_column type=\u00a0\u00bb4_4&Prime; _builder_version=\u00a0\u00bb3.0.47&Prime;][et_pb_text _builder_version=\u00a0\u00bb3.0.101&Prime; text_font=\u00a0\u00bbABeeZee||||||||\u00a0\u00bb text_line_height=\u00a0\u00bb1.5em\u00a0\u00bb]<\/p>\n<p style=\"text-align: justify;\">Article 1 &#8211; Objet Les conditions g\u00e9n\u00e9rales de ventes d\u00e9crites ci-apr\u00e8s d\u00e9taillent les droits et obligations de l&rsquo;entreprise Ti Baba la R\u00e9union et de ses clients dans le cadre de la vente de v\u00eatements. Toute prestation accomplie par la soci\u00e9t\u00e9 Ti Baba La R\u00e9union implique l&rsquo;adh\u00e9sion sans r\u00e9serve de l&rsquo;acheteur aux pr\u00e9sentes conditions g\u00e9n\u00e9rales de vente.<\/p>\n<p style=\"text-align: justify;\">Article 2 &#8211; Pr\u00e9sentation des produits Les caract\u00e9ristiques des produits propos\u00e9s \u00e0 la vente sont pr\u00e9sent\u00e9es sur chaque fiche produit de notre site. Les photographies n&rsquo;entrent pas dans le champ contractuel. La responsabilit\u00e9 de la soci\u00e9t\u00e9 Ti Baba La R\u00e9union ne peut \u00eatre engag\u00e9e si des erreurs s&rsquo;y sont introduites. Tous les textes et images pr\u00e9sent\u00e9s sur le site de la soci\u00e9t\u00e9 Ti Baba La R\u00e9union sont r\u00e9serv\u00e9s, pour le monde entier, au titre des droits d&rsquo;auteur et de propri\u00e9t\u00e9 intellectuelle; leur reproduction, m\u00eame partielle, est strictement interdite.<\/p>\n<p style=\"text-align: justify;\">Article 3 &#8211; Dur\u00e9e de validit\u00e9 des offres de vente Les produits sont propos\u00e9s \u00e0 la vente jusqu&rsquo;\u00e0 \u00e9puisement du stock. Les offres de Produits sont limit\u00e9es \u00e0 la R\u00e9union et \u00e0 la France M\u00e9tropolitaine. En cas de commande d&rsquo;un produit devenu indisponible, le client sera inform\u00e9 de cette indisponibilit\u00e9, dans les meilleurs d\u00e9lais, par courrier \u00e9lectronique ou par courrier postal.<\/p>\n<p style=\"text-align: justify;\">Article 4 &#8211; Prix des produits Les prix de tous les produits de notre site internet sont affich\u00e9s en euros toutes taxes comprises, hors frais de port. Les frais de port apparaissent sur l&rsquo;\u00e9cran \u00e0 la page \u00ab\u00a0Panier\u00a0\u00bb. La Taxe sur la Valeur Ajout\u00e9e est celle en vigueur sur le territoire r\u00e9unionnais au moment de la passation de la commande. La soci\u00e9t\u00e9 Ti Baba La R\u00e9union se r\u00e9serve le droit de modifier ses prix \u00e0 tout moment mais les produits command\u00e9s sont factur\u00e9s au prix en vigueur lors de l&rsquo;enregistrement de la commande. Les tarifs propos\u00e9s comprennent les promotions que l&rsquo;entreprise Ti Baba La R\u00e9union serait amen\u00e9e \u00e0 octroyer compte tenu de ses r\u00e9sultats ou de la prise en charge par l&rsquo;acheteur de certaines prestations. Aucun escompte ne sera accord\u00e9 en cas de paiement anticip\u00e9.<\/p>\n<p style=\"text-align: justify;\">Article 5 &#8211; Commande Le client valide sa commande lorsqu&rsquo;il active le lien \u00a0\u00bb Confirmez votre commande \u00a0\u00bb en bas de la page \u00a0\u00bb Panier \u00a0\u00bb apr\u00e8s avoir accept\u00e9 les pr\u00e9sentes conditions de vente. Avant cette validation, il est syst\u00e9matiquement propos\u00e9 au client de v\u00e9rifier chacun des \u00e9l\u00e9ments de sa commande; il peut ainsi corriger ses erreurs \u00e9ventuelles. La soci\u00e9t\u00e9 Ti Baba La R\u00e9union confirme la commande par courrier \u00e9lectronique; cette information reprend notamment tous les \u00e9l\u00e9ments de la commande et le droit de r\u00e9tractation du client. Les donn\u00e9es enregistr\u00e9es par la soci\u00e9t\u00e9 Ti Baba La R\u00e9union constituent la preuve de la nature, du contenu et de la date de la commande. Celle-ci est archiv\u00e9e par la soci\u00e9t\u00e9 Ti Baba La R\u00e9union dans les conditions et les d\u00e9lais l\u00e9gaux; le client peut acc\u00e9der \u00e0 cet archivage en contactant le service Clients.<\/p>\n<p style=\"text-align: justify;\">Article 6 &#8211; Modalit\u00e9s de paiement Le r\u00e8glement des commandes s&rsquo;effectue de mani\u00e8re s\u00e9curis\u00e9 par carte bancaire ou compte paypal. Lors de l&rsquo;enregistrement de la commande, l&rsquo;acheteur devra verser l&rsquo;int\u00e9gralit\u00e9 du prix de la commande.<\/p>\n<p style=\"text-align: justify;\">Article 7 &#8211; D\u00e9lai de r\u00e9tractation Le droit de r\u00e9tractation dont dispose l\u2019Acheteur porte sur l\u2019int\u00e9gralit\u00e9 de sa commande et non sur un retour partiel de Produits. Conform\u00e9ment \u00e0 l\u2019article L.221-28,3\u00b0 du Code de la Consommation, le droit de r\u00e9tractation ne peut \u00eatre exerc\u00e9 concernant les Produits confectionn\u00e9s selon les sp\u00e9cifications du consommateur ou Produits personnalis\u00e9s. L\u2019Acheteur n\u2019aura donc pas la possibilit\u00e9 d\u2019exercer son droit de r\u00e9tractation pour les Produits personnalis\u00e9s. Exercice du droit de r\u00e9tractation Le droit de r\u00e9tractation dont dispose l\u2019Acheteur porte sur l\u2019int\u00e9gralit\u00e9 de sa commande et non sur un retour partiel de Produits. Conform\u00e9ment \u00e0 l\u2019article L.221-28,3\u00b0 du Code de la Consommation, le droit de r\u00e9tractation ne peut \u00eatre exerc\u00e9 concernant les Produits confectionn\u00e9s selon les sp\u00e9cifications du consommateur ou Produits personnalis\u00e9s. L\u2019Acheteur n\u2019aura donc pas la possibilit\u00e9 d\u2019exercer son droit de r\u00e9tractation pour les Produits personnalis\u00e9s. L\u2019Acheteur dispose d\u2019un d\u00e9lai de quatorze (14) jours pour exercer son droit de r\u00e9tractation et retourner \u00e0 ses frais et sans motif, les(s) Produit(s) qu\u2019il a command\u00e9(s) (hors Produits personnalis\u00e9s). Ce d\u00e9lai court \u00e0 compte de la date de livraison des Produits \u00e0 l\u2019adresse de livraison indiqu\u00e9e par l\u2019Acheteur (et en cas d\u2019absence de ce dernier, \u00e0 compter de la date de premi\u00e8re pr\u00e9sentation du colis contenant les Produits). Retour du\/des Produit(s) dans le cadre de l\u2019exercice du droit de r\u00e9tractation (hors Produits personnalis\u00e9s) Le(s) Produit(s) devra (devront) \u00eatre retourn\u00e9(s) par l\u2019Acheteur \u00e0 Ti Baba La R\u00e9union au plus tard dans le d\u00e9lai de quatorze (14) jours suivant la communication par l\u2019Acheteur de sa d\u00e9cision de se r\u00e9tracter, dans son (leur) conditionnement et son (leur) emballage d\u2019origine (qui peut avoir \u00e9t\u00e9 ouvert), non port\u00e9(s), non lav\u00e9(s) \u00e0 l\u2019adresse suivante : 53 RUE LEONUS BENARD 97450 SAINT LOUIS. Le(s) Produit(s) ainsi retourn\u00e9(s) devra(ont) \u00eatre accompagn\u00e9(s) du bon de livraison re\u00e7u dans le colis ou de la facture re\u00e7ue par e-mail lors de l\u2019exp\u00e9dition du colis. Remboursement du\/des Produit(s) retourn\u00e9(s) dans le cadre de l\u2019exercice du droit de r\u00e9tractation Si les conditions susmentionn\u00e9es sont remplies, Ti Baba La R\u00e9union remboursera \u00e0 l\u2019Acheteur le montant total de sa commande (hors Produits personnalis\u00e9s), \u00e9tant entendu par les frais de retour des Produits qui restent \u00e0 la charge de l\u2019Acheteur. Ce remboursement interviendra au plus tard dans les quatorze (14) jours \u00e0 compter de la date \u00e0 laquelle Ti Baba La R\u00e9union a \u00e9t\u00e9 inform\u00e9e de la d\u00e9cision de l\u2019Acheteur de se r\u00e9tracter. N\u00e9anmoins, \u00e0 d\u00e9faut de r\u00e9ception par Ti Baba La R\u00e9union, dans ce d\u00e9lai, des Produits retourn\u00e9s ou de la preuve de leur exp\u00e9dition par l\u2019Acheteur, le remboursement des Produits sera alors diff\u00e9r\u00e9 \u00e0 la premi\u00e8re de ces deux dates : la r\u00e9ception par Ti Baba La R\u00e9union des Produits ou la r\u00e9ception par Ti Baba La R\u00e9union de la preuve d\u2019exp\u00e9dition des Produits par l\u2019Acheteur.<\/p>\n<p style=\"text-align: justify;\">Article 8 &#8211; Livraison Tout produit est livr\u00e9 sans garantie quant aux d\u00e9lais. La date limite de livraison varie suivant leur adresse. Elle est fix\u00e9e, pour une adresse \u00e0 l\u2019\u00cele de la R\u00e9union, au jour du paiement + 05 jours ouvr\u00e9s et \u00e0 07 jours ouvr\u00e9s pour une adresse en France M\u00e9tropolitaine. Il est pr\u00e9cis\u00e9 que les commandes enregistr\u00e9es sur le Site le vendredi apr\u00e8s-midi, le samedi ou le dimanche sont trait\u00e9es le lundi suivant. Les commandes enregistr\u00e9es sur le Site ou sur l&rsquo;Application un jour f\u00e9ri\u00e9 sont \u00e9galement trait\u00e9es le jour ouvr\u00e9 suivant. Ti Baba La R\u00e9union ne saurait \u00eatre tenue pour responsable des cons\u00e9quences en termes de retard ou d\u2019erreur de livraison. Dans ce contexte, tous les frais engag\u00e9s pour la r\u00e9exp\u00e9dition de la commande seront enti\u00e8rement \u00e0 la charge du client.<\/p>\n<p style=\"text-align: justify;\">Article 9 &#8211; Colis perdu ou retard Si votre colis venait \u00e0 \u00eatre perdu par La Poste, Ti Baba La R\u00e9union ne fera aucun remboursement ni renvoi de commande, hormis si lors de la passation de la commande le client demande une assurance. De m\u00eame tout retard de livraison ne peut donner lieu \u00e0 un d\u00e9dommagement du client.<\/p>\n<p style=\"text-align: justify;\">Article 10 &#8211; Relations clients &#8211; Service apr\u00e8s-vente Pour toute information, question ou r\u00e9clamation, le client peut s&rsquo;adresser du lundi au dimanche, de 6 h \u00e0 22 h au service clients de la soci\u00e9t\u00e9 via notre page contact ou par email \u00e0 l&rsquo;adresse Adresse de contact du site Le service client de Ti Baba La R\u00e9union s&rsquo;engage \u00e0 r\u00e9pondre \u00e0 toute demande dans un d\u00e9lai de 24H.<\/p>\n<p>[\/et_pb_text][et_pb_image src=\u00a0\u00bbhttps:\/\/tibaba-lareunion.com\/wp-content\/uploads\/2018\/02\/Ti-Baba-site-internet.jpg\u00a0\u00bb align=\u00a0\u00bbcenter\u00a0\u00bb _builder_version=\u00a0\u00bb3.0.101&Prime; max_width=\u00a0\u00bb23%\u00a0\u00bb module_alignment=\u00a0\u00bbcenter\u00a0\u00bb]&nbsp;<br \/>\n[\/et_pb_image][et_pb_text _builder_version=\u00a0\u00bb3.0.101&Prime;]&nbsp;<br \/>\n[\/et_pb_text][\/et_pb_column][\/et_pb_row][\/et_pb_section][et_pb_section fb_built=\u00a0\u00bb1&Prime; custom_padding_last_edited=\u00a0\u00bbon|phone\u00a0\u00bb _builder_version=\u00a0\u00bb3.21.4&Prime; background_color=\u00a0\u00bb#000033&Prime; custom_margin=\u00a0\u00bb-5px||0px\u00a0\u00bb custom_padding=\u00a0\u00bb0|0px|0px|0px|false|false\u00a0\u00bb custom_padding_phone=\u00a0\u00bb0||0px||false|false\u00a0\u00bb global_module=\u00a0\u00bb827&Prime;][et_pb_row make_fullwidth=\u00a0\u00bbon\u00a0\u00bb custom_width_px=\u00a0\u00bb1062px\u00a0\u00bb custom_padding=\u00a0\u00bb0|0px|46px|0px|false|false\u00a0\u00bb _builder_version=\u00a0\u00bb3.0.101&Prime; background_size=\u00a0\u00bbinitial\u00a0\u00bb background_position=\u00a0\u00bbtop_left\u00a0\u00bb background_repeat=\u00a0\u00bbrepeat\u00a0\u00bb module_alignment=\u00a0\u00bbcenter\u00a0\u00bb][et_pb_column type=\u00a0\u00bb1_3&Prime; _builder_version=\u00a0\u00bb3.0.47&Prime;][et_pb_text _builder_version=\u00a0\u00bb3.0.101&Prime;]<\/p>\n<p style=\"text-align: left;\"><span style=\"color: #ffffff;\"><a style=\"color: #ffffff;\" href=\"https:\/\/tibaba-lareunion.com\/faq\/\">FAQ<\/a><\/span><br \/><span style=\"color: #ffffff;\"> <a style=\"color: #ffffff;\" href=\"https:\/\/tibaba-lareunion.com\/contact\/\">Contactez-nous<\/a><\/span><br \/><span style=\"color: #ffffff;\"> <a style=\"color: #ffffff;\" href=\"https:\/\/tibaba-lareunion.com\/livraison-et-retour\/\"> Livraison &amp; Retour<\/a><\/span><br \/><span style=\"color: #ffffff;\"> <a style=\"color: #ffffff;\" href=\"https:\/\/tibaba-lareunion.com\/conditions-de-vente\/\"> Conditions g\u00e9n\u00e9rales de vente<\/a><\/span><\/p>\n<p>[\/et_pb_text][\/et_pb_column][et_pb_column type=\u00a0\u00bb1_3&Prime; _builder_version=\u00a0\u00bb3.0.47&Prime;][et_pb_text _builder_version=\u00a0\u00bb3.21.4&Prime; text_font=\u00a0\u00bbPompiere||||||||\u00a0\u00bb text_line_height=\u00a0\u00bb1.3em\u00a0\u00bb header_font=\u00a0\u00bbPompiere||||||||\u00a0\u00bb background_layout=\u00a0\u00bbdark\u00a0\u00bb max_width_phone=\u00a0\u00bb100%\u00a0\u00bb max_width_last_edited=\u00a0\u00bbon|phone\u00a0\u00bb module_alignment=\u00a0\u00bbleft\u00a0\u00bb custom_padding_phone=\u00a0\u00bb0px||\u00a0\u00bb custom_padding_last_edited=\u00a0\u00bbon|desktop\u00a0\u00bb]<\/p>\n<p style=\"text-align: left;\"><span style=\"color: #ffffff;\"><a style=\"color: #ffffff;\" href=\"https:\/\/tibaba-lareunion.com\/la-marque\/\">La marque<\/a><\/span><br \/><span style=\"color: #ffffff;\"> <a style=\"color: #ffffff;\" href=\"https:\/\/tibaba-lareunion.com\/blog\/\">Blog<\/a><\/span><br \/><span style=\"color: #ffffff;\"> <a style=\"color: #ffffff;\" href=\"https:\/\/tibaba-lareunion.com\/guide-des-tailles\/\"> Guide des tailles<\/a><\/span><br \/><span style=\"color: #ffffff;\"> <a style=\"color: #ffffff;\" href=\" https:\/\/tibaba-lareunion.com\/mentions-legales\/\"> Mentions l\u00e9gales<\/a><\/span><\/p>\n<p>[\/et_pb_text][\/et_pb_column][et_pb_column type=\u00a0\u00bb1_3&Prime; _builder_version=\u00a0\u00bb3.0.47&Prime;][et_pb_text _builder_version=\u00a0\u00bb3.0.101&Prime; text_font=\u00a0\u00bbPompiere|||||on|||\u00a0\u00bb text_font_size=\u00a0\u00bb27px\u00a0\u00bb text_letter_spacing=\u00a0\u00bb2px\u00a0\u00bb text_line_height=\u00a0\u00bb1.3em\u00a0\u00bb background_layout=\u00a0\u00bbdark\u00a0\u00bb custom_margin=\u00a0\u00bb||10px|\u00a0\u00bb]<\/p>\n<p style=\"text-align: justify;\">Suivez- nous<\/p>\n<p>[\/et_pb_text][et_pb_social_media_follow _builder_version=\u00a0\u00bb3.21.4&Prime;][et_pb_social_media_follow_network social_network=\u00a0\u00bbfacebook\u00a0\u00bb url=\u00a0\u00bbhttps:\/\/www.facebook.com\/tibabalareunion\/\u00a0\u00bb _builder_version=\u00a0\u00bb3.21.4&Prime; background_color=\u00a0\u00bb#dddddd\u00a0\u00bb follow_button=\u00a0\u00bboff\u00a0\u00bb url_new_window=\u00a0\u00bbon\u00a0\u00bb]facebook[\/et_pb_social_media_follow_network][et_pb_social_media_follow_network social_network=\u00a0\u00bbinstagram\u00a0\u00bb url=\u00a0\u00bbhttps:\/\/www.instagram.com\/tibabalareunion\/\u00a0\u00bb _builder_version=\u00a0\u00bb3.17.2&Prime; background_color=\u00a0\u00bb#dddddd\u00a0\u00bb follow_button=\u00a0\u00bboff\u00a0\u00bb url_new_window=\u00a0\u00bbon\u00a0\u00bb]instagram[\/et_pb_social_media_follow_network][et_pb_social_media_follow_network social_network=\u00a0\u00bbpinterest\u00a0\u00bb _builder_version=\u00a0\u00bb3.0.101&Prime; background_color=\u00a0\u00bb#dddddd\u00a0\u00bb follow_button=\u00a0\u00bboff\u00a0\u00bb url_new_window=\u00a0\u00bbon\u00a0\u00bb]pinterest[\/et_pb_social_media_follow_network][et_pb_social_media_follow_network social_network=\u00a0\u00bblinkedin\u00a0\u00bb url=\u00a0\u00bbhttps:\/\/www.linkedin.com\/company\/tibabalareunion\/\u00a0\u00bb _builder_version=\u00a0\u00bb3.17.2&Prime; background_color=\u00a0\u00bb#dddddd\u00a0\u00bb follow_button=\u00a0\u00bboff\u00a0\u00bb url_new_window=\u00a0\u00bbon\u00a0\u00bb]linkedin[\/et_pb_social_media_follow_network][\/et_pb_social_media_follow][\/et_pb_column][\/et_pb_row][et_pb_row _builder_version=\u00a0\u00bb3.21.4&Prime;][et_pb_column type=\u00a0\u00bb4_4&Prime; _builder_version=\u00a0\u00bb3.21.4&Prime;][et_pb_shop type=\u00a0\u00bbfeatured\u00a0\u00bb posts_number=\u00a0\u00bb3&Prime; columns_number=\u00a0\u00bb3&Prime; _builder_version=\u00a0\u00bb3.21.4&Prime;][\/et_pb_shop][\/et_pb_column][\/et_pb_row][\/et_pb_section]<\/p>\n","protected":false},"excerpt":{"rendered":"<p>&nbsp; Article 1 &#8211; Objet Les conditions g\u00e9n\u00e9rales de ventes d\u00e9crites ci-apr\u00e8s d\u00e9taillent les droits et obligations de l&rsquo;entreprise Ti Baba la R\u00e9union et de ses clients dans le cadre de la vente de v\u00eatements. Toute prestation accomplie par la soci\u00e9t\u00e9 Ti Baba La R\u00e9union implique l&rsquo;adh\u00e9sion sans r\u00e9serve de l&rsquo;acheteur aux pr\u00e9sentes conditions g\u00e9n\u00e9rales [&hellip;]<\/p>\n","protected":false},"author":3,"featured_media":0,"parent":0,"menu_order":0,"comment_status":"closed","ping_status":"closed","template":"","meta":{"_et_pb_use_builder":"on","_et_pb_old_content":"","_et_gb_content_width":"","_monsterinsights_skip_tracking":false,"_monsterinsights_sitenote_active":false,"_monsterinsights_sitenote_note":"","_monsterinsights_sitenote_category":0,"jetpack_post_was_ever_published":false,"footnotes":""},"class_list":["post-453","page","type-page","status-publish","hentry"],"yoast_head":"<!-- This site is optimized with the Yoast SEO plugin v27.1.1 - https:\/\/yoast.com\/product\/yoast-seo-wordpress\/ -->\n<title>Conditions g\u00e9n\u00e9rales de vente<\/title>\n<meta name=\"robots\" content=\"index, follow, max-snippet:-1, max-image-preview:large, max-video-preview:-1\" \/>\n<link rel=\"canonical\" href=\"https:\/\/tibaba-lareunion.com\/?page_id=453\" \/>\n<meta property=\"og:locale\" content=\"fr_FR\" \/>\n<meta property=\"og:type\" content=\"article\" \/>\n<meta property=\"og:title\" content=\"Conditions g\u00e9n\u00e9rales de vente\" \/>\n<meta property=\"og:url\" content=\"https:\/\/tibaba-lareunion.com\/?page_id=453\" \/>\n<meta property=\"og:site_name\" content=\"Ti Baba La R\u00e9union\" \/>\n<meta property=\"article:publisher\" content=\"https:\/\/www.facebook.com\/tibabalareunion\/?modal=admin_todo_tour\" \/>\n<meta property=\"article:modified_time\" content=\"2019-07-29T19:38:23+00:00\" \/>\n<meta name=\"twitter:card\" content=\"summary_large_image\" \/>\n<meta name=\"twitter:label1\" content=\"Dur\u00e9e de lecture estim\u00e9e\" \/>\n\t<meta name=\"twitter:data1\" content=\"11 minutes\" \/>\n<script type=\"application\/ld+json\" class=\"yoast-schema-graph\">{\"@context\":\"https:\/\/schema.org\",\"@graph\":[{\"@type\":\"WebPage\",\"@id\":\"https:\/\/tibaba-lareunion.com\/?page_id=453\",\"url\":\"https:\/\/tibaba-lareunion.com\/?page_id=453\",\"name\":\"Conditions g\u00e9n\u00e9rales de vente\",\"isPartOf\":{\"@id\":\"https:\/\/tibaba-lareunion.com\/#website\"},\"datePublished\":\"2018-08-26T14:46:01+00:00\",\"dateModified\":\"2019-07-29T19:38:23+00:00\",\"breadcrumb\":{\"@id\":\"https:\/\/tibaba-lareunion.com\/?page_id=453#breadcrumb\"},\"inLanguage\":\"fr-FR\",\"potentialAction\":[{\"@type\":\"ReadAction\",\"target\":[\"https:\/\/tibaba-lareunion.com\/?page_id=453\"]}]},{\"@type\":\"BreadcrumbList\",\"@id\":\"https:\/\/tibaba-lareunion.com\/?page_id=453#breadcrumb\",\"itemListElement\":[{\"@type\":\"ListItem\",\"position\":1,\"name\":\"Accueil\",\"item\":\"https:\/\/tibaba-lareunion.com\/\"},{\"@type\":\"ListItem\",\"position\":2,\"name\":\"Conditions g\u00e9n\u00e9rales de vente\"}]},{\"@type\":\"WebSite\",\"@id\":\"https:\/\/tibaba-lareunion.com\/#website\",\"url\":\"https:\/\/tibaba-lareunion.com\/\",\"name\":\"Ti Baba La R\u00e9union\",\"description\":\"Allons bouger !\",\"potentialAction\":[{\"@type\":\"SearchAction\",\"target\":{\"@type\":\"EntryPoint\",\"urlTemplate\":\"https:\/\/tibaba-lareunion.com\/?s={search_term_string}\"},\"query-input\":{\"@type\":\"PropertyValueSpecification\",\"valueRequired\":true,\"valueName\":\"search_term_string\"}}],\"inLanguage\":\"fr-FR\"}]}<\/script>\n<!-- \/ Yoast SEO plugin. -->","yoast_head_json":{"title":"Conditions g\u00e9n\u00e9rales de vente","robots":{"index":"index","follow":"follow","max-snippet":"max-snippet:-1","max-image-preview":"max-image-preview:large","max-video-preview":"max-video-preview:-1"},"canonical":"https:\/\/tibaba-lareunion.com\/?page_id=453","og_locale":"fr_FR","og_type":"article","og_title":"Conditions g\u00e9n\u00e9rales de vente","og_url":"https:\/\/tibaba-lareunion.com\/?page_id=453","og_site_name":"Ti Baba La R\u00e9union","article_publisher":"https:\/\/www.facebook.com\/tibabalareunion\/?modal=admin_todo_tour","article_modified_time":"2019-07-29T19:38:23+00:00","twitter_card":"summary_large_image","twitter_misc":{"Dur\u00e9e de lecture estim\u00e9e":"11 minutes"},"schema":{"@context":"https:\/\/schema.org","@graph":[{"@type":"WebPage","@id":"https:\/\/tibaba-lareunion.com\/?page_id=453","url":"https:\/\/tibaba-lareunion.com\/?page_id=453","name":"Conditions g\u00e9n\u00e9rales de vente","isPartOf":{"@id":"https:\/\/tibaba-lareunion.com\/#website"},"datePublished":"2018-08-26T14:46:01+00:00","dateModified":"2019-07-29T19:38:23+00:00","breadcrumb":{"@id":"https:\/\/tibaba-lareunion.com\/?page_id=453#breadcrumb"},"inLanguage":"fr-FR","potentialAction":[{"@type":"ReadAction","target":["https:\/\/tibaba-lareunion.com\/?page_id=453"]}]},{"@type":"BreadcrumbList","@id":"https:\/\/tibaba-lareunion.com\/?page_id=453#breadcrumb","itemListElement":[{"@type":"ListItem","position":1,"name":"Accueil","item":"https:\/\/tibaba-lareunion.com\/"},{"@type":"ListItem","position":2,"name":"Conditions g\u00e9n\u00e9rales de vente"}]},{"@type":"WebSite","@id":"https:\/\/tibaba-lareunion.com\/#website","url":"https:\/\/tibaba-lareunion.com\/","name":"Ti Baba La R\u00e9union","description":"Allons bouger !","potentialAction":[{"@type":"SearchAction","target":{"@type":"EntryPoint","urlTemplate":"https:\/\/tibaba-lareunion.com\/?s={search_term_string}"},"query-input":{"@type":"PropertyValueSpecification","valueRequired":true,"valueName":"search_term_string"}}],"inLanguage":"fr-FR"}]}},"jetpack_sharing_enabled":true,"jetpack_shortlink":"https:\/\/wp.me\/PadRu5-7j","_links":{"self":[{"href":"https:\/\/tibaba-lareunion.com\/index.php?rest_route=\/wp\/v2\/pages\/453","targetHints":{"allow":["GET"]}}],"collection":[{"href":"https:\/\/tibaba-lareunion.com\/index.php?rest_route=\/wp\/v2\/pages"}],"about":[{"href":"https:\/\/tibaba-lareunion.com\/index.php?rest_route=\/wp\/v2\/types\/page"}],"author":[{"embeddable":true,"href":"https:\/\/tibaba-lareunion.com\/index.php?rest_route=\/wp\/v2\/users\/3"}],"replies":[{"embeddable":true,"href":"https:\/\/tibaba-lareunion.com\/index.php?rest_route=%2Fwp%2Fv2%2Fcomments&post=453"}],"version-history":[{"count":18,"href":"https:\/\/tibaba-lareunion.com\/index.php?rest_route=\/wp\/v2\/pages\/453\/revisions"}],"predecessor-version":[{"id":5381,"href":"https:\/\/tibaba-lareunion.com\/index.php?rest_route=\/wp\/v2\/pages\/453\/revisions\/5381"}],"wp:attachment":[{"href":"https:\/\/tibaba-lareunion.com\/index.php?rest_route=%2Fwp%2Fv2%2Fmedia&parent=453"}],"curies":[{"name":"wp","href":"https:\/\/api.w.org\/{rel}","templated":true}]}}