{"id":449,"date":"2018-08-26T16:40:55","date_gmt":"2018-08-26T14:40:55","guid":{"rendered":"http:\/\/tibaba-lareunion.com\/?page_id=449"},"modified":"2019-07-29T23:35:44","modified_gmt":"2019-07-29T19:35:44","slug":"faq","status":"publish","type":"page","link":"https:\/\/tibaba-lareunion.com\/?page_id=449","title":{"rendered":"FAQ"},"content":{"rendered":"<p>[et_pb_section fb_built=\u00a0\u00bb1&Prime; fullwidth=\u00a0\u00bbon\u00a0\u00bb _builder_version=\u00a0\u00bb3.0.101&Prime; custom_padding=\u00a0\u00bb0px|0px|0px|0px\u00a0\u00bb][et_pb_fullwidth_header title=\u00a0\u00bbFoire Aux Questions \u00a0\u00bb subhead=\u00a0\u00bbTi Baba r\u00e9pond \u00e0 toutes les questions que vous vous posez concernant votre commande\u00a0\u00bb button_one_text=\u00a0\u00bbAccueil\u00a0\u00bb button_one_url=\u00a0\u00bbhttps:\/\/tibaba-lareunion.com\/\u00a0\u00bb _builder_version=\u00a0\u00bb3.16&Prime; title_font=\u00a0\u00bbPompiere|||||on|||\u00a0\u00bb title_text_align=\u00a0\u00bbcenter\u00a0\u00bb title_text_color=\u00a0\u00bb#7ba3e0&Prime; title_font_size=\u00a0\u00bb60px\u00a0\u00bb title_letter_spacing=\u00a0\u00bb4px\u00a0\u00bb title_line_height=\u00a0\u00bb1.2em\u00a0\u00bb title_text_shadow_style=\u00a0\u00bbpreset1&Prime; content_font=\u00a0\u00bbPompiere||||||||\u00a0\u00bb content_text_color=\u00a0\u00bb#000000&Prime; content_font_size=\u00a0\u00bb30px\u00a0\u00bb content_line_height=\u00a0\u00bb1.5em\u00a0\u00bb subhead_font=\u00a0\u00bbABeeZee|||||on|||\u00a0\u00bb subhead_text_align=\u00a0\u00bbcenter\u00a0\u00bb subhead_text_color=\u00a0\u00bb#000000&Prime; subhead_font_size=\u00a0\u00bb15px\u00a0\u00bb subhead_line_height=\u00a0\u00bb1.2em\u00a0\u00bb subhead_text_shadow_style=\u00a0\u00bbpreset1&Prime; background_color=\u00a0\u00bb#ffffff\u00a0\u00bb border_color_all=\u00a0\u00bb#88caf7&Prime; custom_button_one=\u00a0\u00bbon\u00a0\u00bb button_one_text_size=\u00a0\u00bb16px\u00a0\u00bb button_one_text_color=\u00a0\u00bb#7ba3e0&Prime; button_one_bg_color_gradient_start=\u00a0\u00bb#88caf7&Prime; button_one_bg_color_gradient_end=\u00a0\u00bb#ffffff\u00a0\u00bb button_one_bg_color_gradient_type=\u00a0\u00bbradial\u00a0\u00bb button_one_bg_color_gradient_direction_radial=\u00a0\u00bbtop right\u00a0\u00bb button_one_border_width=\u00a0\u00bb1px\u00a0\u00bb button_one_font=\u00a0\u00bbPompiere|||||on|||\u00a0\u00bb button_one_icon=\u00a0\u00bb%%20%%\u00a0\u00bb button_one_text_shadow_style=\u00a0\u00bbpreset1&Prime; background_layout=\u00a0\u00bblight\u00a0\u00bb button_one_letter_spacing_hover=\u00a0\u00bb-1&Prime; button_one_text_size__hover_enabled=\u00a0\u00bboff\u00a0\u00bb button_one_text_size__hover=\u00a0\u00bbnull\u00a0\u00bb button_two_text_size__hover_enabled=\u00a0\u00bboff\u00a0\u00bb button_two_text_size__hover=\u00a0\u00bbnull\u00a0\u00bb button_one_text_color__hover_enabled=\u00a0\u00bboff\u00a0\u00bb button_one_text_color__hover=\u00a0\u00bbnull\u00a0\u00bb button_two_text_color__hover_enabled=\u00a0\u00bboff\u00a0\u00bb button_two_text_color__hover=\u00a0\u00bbnull\u00a0\u00bb button_one_border_width__hover_enabled=\u00a0\u00bboff\u00a0\u00bb button_one_border_width__hover=\u00a0\u00bbnull\u00a0\u00bb button_two_border_width__hover_enabled=\u00a0\u00bboff\u00a0\u00bb button_two_border_width__hover=\u00a0\u00bbnull\u00a0\u00bb button_one_border_color__hover_enabled=\u00a0\u00bboff\u00a0\u00bb button_one_border_color__hover=\u00a0\u00bbnull\u00a0\u00bb button_two_border_color__hover_enabled=\u00a0\u00bboff\u00a0\u00bb button_two_border_color__hover=\u00a0\u00bbnull\u00a0\u00bb button_one_border_radius__hover_enabled=\u00a0\u00bboff\u00a0\u00bb button_one_border_radius__hover=\u00a0\u00bbnull\u00a0\u00bb button_two_border_radius__hover_enabled=\u00a0\u00bboff\u00a0\u00bb button_two_border_radius__hover=\u00a0\u00bbnull\u00a0\u00bb button_one_letter_spacing__hover_enabled=\u00a0\u00bbon\u00a0\u00bb button_one_letter_spacing__hover=\u00a0\u00bb-1&Prime; button_two_letter_spacing__hover_enabled=\u00a0\u00bboff\u00a0\u00bb button_two_letter_spacing__hover=\u00a0\u00bbnull\u00a0\u00bb button_one_bg_color__hover_enabled=\u00a0\u00bboff\u00a0\u00bb button_one_bg_color__hover=\u00a0\u00bbnull\u00a0\u00bb button_two_bg_color__hover_enabled=\u00a0\u00bboff\u00a0\u00bb button_two_bg_color__hover=\u00a0\u00bbnull\u00a0\u00bb]&nbsp;<br \/>\n[\/et_pb_fullwidth_header][\/et_pb_section][et_pb_section fb_built=\u00a0\u00bb1&Prime; _builder_version=\u00a0\u00bb3.0.101&Prime; custom_padding=\u00a0\u00bb0px|0px|0px|0px\u00a0\u00bb][et_pb_row custom_padding=\u00a0\u00bb0px|0px|309px|0px|false|false\u00a0\u00bb _builder_version=\u00a0\u00bb3.0.101&Prime;][et_pb_column type=\u00a0\u00bb4_4&Prime; _builder_version=\u00a0\u00bb3.0.47&Prime;][et_pb_text _builder_version=\u00a0\u00bb3.0.101&Prime; text_font=\u00a0\u00bbPompiere||||||||\u00a0\u00bb text_text_color=\u00a0\u00bb#000000&Prime; text_font_size=\u00a0\u00bb32px\u00a0\u00bb text_line_height=\u00a0\u00bb1.1em\u00a0\u00bb text_text_shadow_style=\u00a0\u00bbpreset1&Prime;]<\/p>\n<p style=\"text-align: center;\">LA COMMANDE :<\/p>\n<p>[\/et_pb_text][et_pb_text _builder_version=\u00a0\u00bb3.21.4&Prime; text_font=\u00a0\u00bbPompiere||||||||\u00a0\u00bb text_text_color=\u00a0\u00bb#000000&Prime; text_font_size=\u00a0\u00bb24px\u00a0\u00bb text_line_height_phone=\u00a0\u00bb1em\u00a0\u00bb text_line_height_last_edited=\u00a0\u00bbon|phone\u00a0\u00bb]<\/p>\n<p style=\"text-align: center;\">\u00a0<span style=\"text-decoration: underline;\">Quel est le montant des frais de livraison<\/span> ?<\/p>\n<p>[\/et_pb_text][et_pb_text _builder_version=\u00a0\u00bb3.21.4&Prime; text_font=\u00a0\u00bbABeeZee||||||||\u00a0\u00bb text_text_color=\u00a0\u00bb#05033f\u00a0\u00bb text_font_size=\u00a0\u00bb15px\u00a0\u00bb text_line_height=\u00a0\u00bb1.5em\u00a0\u00bb]<\/p>\n<p style=\"text-align: justify;\"><span style=\"color: #808080;\">Les frais de livraison de votre commande sont de 4,95 \u20ac, quel que soit le nombre d\u2019articles que vous commandez. Les livraisons sont propos\u00e9es uniquement pour la R\u00e9union et France M\u00e9tropolitaine.<\/span><\/p>\n<p>[\/et_pb_text][et_pb_text _builder_version=\u00a0\u00bb3.21.4&Prime; text_font=\u00a0\u00bbPompiere||||||||\u00a0\u00bb text_text_color=\u00a0\u00bb#000000&Prime; text_font_size=\u00a0\u00bb24px\u00a0\u00bb text_line_height_phone=\u00a0\u00bb1.1em\u00a0\u00bb text_line_height_last_edited=\u00a0\u00bbon|tablet\u00a0\u00bb]<\/p>\n<p style=\"text-align: center;\">\u00a0<u>En combien de temps ma commande sera t-elle livr\u00e9e<\/u>\u00a0?<\/p>\n<p>[\/et_pb_text][et_pb_text _builder_version=\u00a0\u00bb3.21.4&Prime; text_font=\u00a0\u00bbABeeZee||||||||\u00a0\u00bb text_text_color=\u00a0\u00bb#05033f\u00a0\u00bb text_font_size=\u00a0\u00bb15px\u00a0\u00bb text_line_height=\u00a0\u00bb1.5em\u00a0\u00bb]<\/p>\n<p style=\"text-align: justify;\"><span style=\"color: #808080;\">Votre commande sera livr\u00e9e en lettre suivie sous 5 jours ouvr\u00e9s \u00e0 compter du paiement de votre commande. Vous avez bien s\u00fbr la possibilit\u00e9 de faire livrer votre colis \u00e0 une autre adresse que votre adresse habituelle, pour un cadeau, par exemple.<\/span><\/p>\n<p>[\/et_pb_text][et_pb_text _builder_version=\u00a0\u00bb3.0.101&Prime; text_font=\u00a0\u00bbPompiere||||||||\u00a0\u00bb text_text_color=\u00a0\u00bb#000000&Prime; text_font_size=\u00a0\u00bb32px\u00a0\u00bb text_text_shadow_style=\u00a0\u00bbpreset1&Prime;]<\/p>\n<p style=\"text-align: center;\">LE PAIEMENT :<\/p>\n<p>[\/et_pb_text][et_pb_text _builder_version=\u00a0\u00bb3.0.101&Prime; text_font=\u00a0\u00bbPompiere||||||||\u00a0\u00bb text_text_color=\u00a0\u00bb#000000&Prime; text_font_size=\u00a0\u00bb24px\u00a0\u00bb text_line_height=\u00a0\u00bb1.1em\u00a0\u00bb]<\/p>\n<p style=\"text-align: center;\">\u00a0<u>Comment puis-je payer ma commande<\/u>\u00a0?<\/p>\n<p>[\/et_pb_text][et_pb_text _builder_version=\u00a0\u00bb3.21.4&Prime; text_font=\u00a0\u00bbABeeZee||||||||\u00a0\u00bb text_text_color=\u00a0\u00bb#05033f\u00a0\u00bb text_font_size=\u00a0\u00bb15px\u00a0\u00bb text_line_height=\u00a0\u00bb1.5em\u00a0\u00bb]<\/p>\n<p style=\"text-align: justify;\"><span style=\"color: #808080;\"> Nous vous demanderons de r\u00e9gler votre commande par carte bancaire (carte bleue, Visa, Eurocard\/Mastercard). Il vous suffira d\u2019indiquer le nom du titulaire de la carte, le num\u00e9ro de votre carte bancaire, et, suivant le type de cette derni\u00e8re, sa date d\u2019expiration, ainsi que son num\u00e9ro cryptogramme (num\u00e9ro \u00e0 3 chiffres figurant au dos de votre carte bancaire) ou via votre compte Paypal. Les paiements sur Tibaba-lareunion.com sont bien s\u00fbr enti\u00e8rement s\u00e9curis\u00e9s.\u00a0<\/span><\/p>\n<p>[\/et_pb_text][et_pb_text _builder_version=\u00a0\u00bb3.0.101&Prime; text_font=\u00a0\u00bbPompiere||||||||\u00a0\u00bb text_text_color=\u00a0\u00bb#000000&Prime; text_font_size=\u00a0\u00bb32px\u00a0\u00bb text_line_height_phone=\u00a0\u00bb1.1em\u00a0\u00bb text_line_height_last_edited=\u00a0\u00bbon|phone\u00a0\u00bb text_text_shadow_style=\u00a0\u00bbpreset1&Prime;]<\/p>\n<p style=\"text-align: center;\">LE RETOUR &amp; REMBOURSEMENT\u00a0 :<\/p>\n<p>[\/et_pb_text][et_pb_text _builder_version=\u00a0\u00bb3.0.101&Prime; text_font=\u00a0\u00bbPompiere||||||||\u00a0\u00bb text_text_color=\u00a0\u00bb#000000&Prime; text_font_size=\u00a0\u00bb24px\u00a0\u00bb text_line_height_phone=\u00a0\u00bb1.1em\u00a0\u00bb text_line_height_last_edited=\u00a0\u00bbon|phone\u00a0\u00bb]<\/p>\n<p style=\"text-align: center;\">\u00a0<u>Comment me faire rembourser un article achet\u00e9 en ligne<\/u>\u00a0?<\/p>\n<p>[\/et_pb_text][et_pb_text _builder_version=\u00a0\u00bb3.0.101&Prime; text_font=\u00a0\u00bbABeeZee||||||||\u00a0\u00bb text_text_color=\u00a0\u00bb#05033f\u00a0\u00bb text_font_size=\u00a0\u00bb15px\u00a0\u00bb text_line_height=\u00a0\u00bb1.5em\u00a0\u00bb]<\/p>\n<p style=\"text-align: justify;\"><span style=\"color: #808080;\"> D\u00e8s r\u00e9ception de votre colis, vous avez 14 jours pour nous retourner tout article qui ne vous conviendrait pas. Pour cela, il vous suffit de nous retourner vos achats. Durant ce d\u00e9lai, vous pouvez nous retourner la totalit\u00e9 ou une partie de votre commande dans son \u00e9tat d&rsquo;origine avec le bon de livraison re\u00e7u dans le colis ou la facture re\u00e7ue par e-mail lors de l\u2019exp\u00e9dition du colis. Vous aurez alors le choix entre:<\/span><\/p>\n<p style=\"text-align: justify;\"><span style=\"color: #808080;\">&#8211; \u00e9changer votre article pour une autre taille ou un mod\u00e8le \u00e9quivalent.<\/span><\/p>\n<p style=\"text-align: justify;\"><span style=\"color: #808080;\">&#8211; demander un avoir du montant de l&rsquo;article \u00e0 valoir sur notre boutique en ligne. <\/span><\/p>\n<p style=\"text-align: justify;\"><span style=\"color: #808080;\">&#8211; demander le remboursement total du ou des produits non conformes (hors produits personnalis\u00e9s). <\/span><\/p>\n<p style=\"text-align: justify;\"><span style=\"color: #808080;\">En cas de d\u00e9gradation de la marchandise, nous nous r\u00e9servons le droit d&rsquo;exiger la valeur de remplacement. Les frais de retour sont \u00e0 la charge du client, sauf si nous vous avons livr\u00e9 un produit qui s\u2019av\u00e8re \u00eatre diff\u00e9rent de l\u2019article command\u00e9. Les \u00e9changes de produits sont \u00e0 retourner \u00e0 l&rsquo;adresse suivante accompagn\u00e9s de votre nom, pr\u00e9nom, num\u00e9ro de commande ainsi que d&rsquo;un courrier nous indiquant ce que vous souhaitez en retour (remboursement, \u00e9change ou avoir): <\/span><\/p>\n<p style=\"text-align: center;\"><strong><span style=\"color: #808080;\">Ti Baba La R\u00e9union <\/span><\/strong><\/p>\n<p style=\"text-align: center;\"><strong><span style=\"color: #808080;\">53 rue L\u00e9onus B\u00e9nard <\/span><\/strong><\/p>\n<p style=\"text-align: center;\"><strong><span style=\"color: #808080;\">97450 Saint-Louis <\/span><\/strong><\/p>\n<p style=\"text-align: center;\"><strong><span style=\"color: #808080;\"><span style=\"text-decoration: underline;\">Rappel les produits personnalis\u00e9s ne seront ni repris, ni \u00e9chang\u00e9s<\/span>.<\/span><\/strong><\/p>\n<p>[\/et_pb_text][et_pb_accordion _builder_version=\u00a0\u00bb3.0.101&Prime;][\/et_pb_accordion][et_pb_text _builder_version=\u00a0\u00bb3.0.101&Prime; text_font=\u00a0\u00bbPompiere||||||||\u00a0\u00bb text_text_color=\u00a0\u00bb#000000&Prime; text_font_size=\u00a0\u00bb28px\u00a0\u00bb text_line_height=\u00a0\u00bb1.2em\u00a0\u00bb text_line_height_phone=\u00a0\u00bb1.1em\u00a0\u00bb text_line_height_last_edited=\u00a0\u00bbon|phone\u00a0\u00bb text_text_shadow_style=\u00a0\u00bbpreset1&Prime;]<\/p>\n<p style=\"text-align: center;\">N&rsquo;h\u00e9sitez pas \u00e0 nous poser vos questions dans la rubrique <span style=\"color: #99ccff;\"><a style=\"color: #99ccff;\" href=\"https:\/\/tibaba-lareunion.com\/contact\/\">contact<\/a><\/span>, nous serons toujours l\u00e0 pour vous r\u00e9pondre !<\/p>\n<p>[\/et_pb_text][et_pb_image src=\u00a0\u00bbhttps:\/\/tibaba-lareunion.com\/wp-content\/uploads\/2018\/02\/Ti-Baba-site-internet.jpg\u00a0\u00bb align=\u00a0\u00bbcenter\u00a0\u00bb _builder_version=\u00a0\u00bb3.0.101&Prime; max_width=\u00a0\u00bb23%\u00a0\u00bb module_alignment=\u00a0\u00bbcenter\u00a0\u00bb]&nbsp;<br \/>\n[\/et_pb_image][\/et_pb_column][\/et_pb_row][\/et_pb_section][et_pb_section fb_built=\u00a0\u00bb1&Prime; fullwidth=\u00a0\u00bbon\u00a0\u00bb _builder_version=\u00a0\u00bb3.0.101&Prime;][et_pb_fullwidth_image _builder_version=\u00a0\u00bb3.0.101&Prime;]&nbsp;<br \/>\n[\/et_pb_fullwidth_image][\/et_pb_section][et_pb_section fb_built=\u00a0\u00bb1&Prime; custom_padding_last_edited=\u00a0\u00bbon|phone\u00a0\u00bb _builder_version=\u00a0\u00bb3.21.4&Prime; background_color=\u00a0\u00bb#000033&Prime; custom_margin=\u00a0\u00bb-5px||0px\u00a0\u00bb custom_padding=\u00a0\u00bb0|0px|0px|0px|false|false\u00a0\u00bb custom_padding_phone=\u00a0\u00bb0||0px||false|false\u00a0\u00bb global_module=\u00a0\u00bb827&Prime;][et_pb_row make_fullwidth=\u00a0\u00bbon\u00a0\u00bb custom_width_px=\u00a0\u00bb1062px\u00a0\u00bb custom_padding=\u00a0\u00bb0|0px|46px|0px|false|false\u00a0\u00bb _builder_version=\u00a0\u00bb3.0.101&Prime; background_size=\u00a0\u00bbinitial\u00a0\u00bb background_position=\u00a0\u00bbtop_left\u00a0\u00bb background_repeat=\u00a0\u00bbrepeat\u00a0\u00bb module_alignment=\u00a0\u00bbcenter\u00a0\u00bb][et_pb_column type=\u00a0\u00bb1_3&Prime; _builder_version=\u00a0\u00bb3.0.47&Prime;][et_pb_text _builder_version=\u00a0\u00bb3.0.101&Prime;]<\/p>\n<p style=\"text-align: left;\"><span style=\"color: #ffffff;\"><a style=\"color: #ffffff;\" href=\"https:\/\/tibaba-lareunion.com\/faq\/\">FAQ<\/a><\/span><br \/><span style=\"color: #ffffff;\"> <a style=\"color: #ffffff;\" href=\"https:\/\/tibaba-lareunion.com\/contact\/\">Contactez-nous<\/a><\/span><br \/><span style=\"color: #ffffff;\"> <a style=\"color: #ffffff;\" href=\"https:\/\/tibaba-lareunion.com\/livraison-et-retour\/\"> Livraison &amp; Retour<\/a><\/span><br \/><span style=\"color: #ffffff;\"> <a style=\"color: #ffffff;\" href=\"https:\/\/tibaba-lareunion.com\/conditions-de-vente\/\"> Conditions g\u00e9n\u00e9rales de vente<\/a><\/span><\/p>\n<p>[\/et_pb_text][\/et_pb_column][et_pb_column type=\u00a0\u00bb1_3&Prime; _builder_version=\u00a0\u00bb3.0.47&Prime;][et_pb_text _builder_version=\u00a0\u00bb3.21.4&Prime; text_font=\u00a0\u00bbPompiere||||||||\u00a0\u00bb text_line_height=\u00a0\u00bb1.3em\u00a0\u00bb header_font=\u00a0\u00bbPompiere||||||||\u00a0\u00bb background_layout=\u00a0\u00bbdark\u00a0\u00bb max_width_phone=\u00a0\u00bb100%\u00a0\u00bb max_width_last_edited=\u00a0\u00bbon|phone\u00a0\u00bb module_alignment=\u00a0\u00bbleft\u00a0\u00bb custom_padding_phone=\u00a0\u00bb0px||\u00a0\u00bb custom_padding_last_edited=\u00a0\u00bbon|desktop\u00a0\u00bb]<\/p>\n<p style=\"text-align: left;\"><span style=\"color: #ffffff;\"><a style=\"color: #ffffff;\" href=\"https:\/\/tibaba-lareunion.com\/la-marque\/\">La marque<\/a><\/span><br \/><span style=\"color: #ffffff;\"> <a style=\"color: #ffffff;\" href=\"https:\/\/tibaba-lareunion.com\/blog\/\">Blog<\/a><\/span><br \/><span style=\"color: #ffffff;\"> <a style=\"color: #ffffff;\" href=\"https:\/\/tibaba-lareunion.com\/guide-des-tailles\/\"> Guide des tailles<\/a><\/span><br \/><span style=\"color: #ffffff;\"> <a style=\"color: #ffffff;\" href=\" https:\/\/tibaba-lareunion.com\/mentions-legales\/\"> Mentions l\u00e9gales<\/a><\/span><\/p>\n<p>[\/et_pb_text][\/et_pb_column][et_pb_column type=\u00a0\u00bb1_3&Prime; _builder_version=\u00a0\u00bb3.0.47&Prime;][et_pb_text _builder_version=\u00a0\u00bb3.0.101&Prime; text_font=\u00a0\u00bbPompiere|||||on|||\u00a0\u00bb text_font_size=\u00a0\u00bb27px\u00a0\u00bb text_letter_spacing=\u00a0\u00bb2px\u00a0\u00bb text_line_height=\u00a0\u00bb1.3em\u00a0\u00bb background_layout=\u00a0\u00bbdark\u00a0\u00bb custom_margin=\u00a0\u00bb||10px|\u00a0\u00bb]<\/p>\n<p style=\"text-align: justify;\">Suivez- nous<\/p>\n<p>[\/et_pb_text][et_pb_social_media_follow _builder_version=\u00a0\u00bb3.21.4&Prime;][et_pb_social_media_follow_network social_network=\u00a0\u00bbfacebook\u00a0\u00bb url=\u00a0\u00bbhttps:\/\/www.facebook.com\/tibabalareunion\/\u00a0\u00bb _builder_version=\u00a0\u00bb3.21.4&Prime; background_color=\u00a0\u00bb#dddddd\u00a0\u00bb follow_button=\u00a0\u00bboff\u00a0\u00bb url_new_window=\u00a0\u00bbon\u00a0\u00bb]facebook[\/et_pb_social_media_follow_network][et_pb_social_media_follow_network social_network=\u00a0\u00bbinstagram\u00a0\u00bb url=\u00a0\u00bbhttps:\/\/www.instagram.com\/tibabalareunion\/\u00a0\u00bb _builder_version=\u00a0\u00bb3.17.2&Prime; background_color=\u00a0\u00bb#dddddd\u00a0\u00bb follow_button=\u00a0\u00bboff\u00a0\u00bb url_new_window=\u00a0\u00bbon\u00a0\u00bb]instagram[\/et_pb_social_media_follow_network][et_pb_social_media_follow_network social_network=\u00a0\u00bbpinterest\u00a0\u00bb _builder_version=\u00a0\u00bb3.0.101&Prime; background_color=\u00a0\u00bb#dddddd\u00a0\u00bb follow_button=\u00a0\u00bboff\u00a0\u00bb url_new_window=\u00a0\u00bbon\u00a0\u00bb]pinterest[\/et_pb_social_media_follow_network][et_pb_social_media_follow_network social_network=\u00a0\u00bblinkedin\u00a0\u00bb url=\u00a0\u00bbhttps:\/\/www.linkedin.com\/company\/tibabalareunion\/\u00a0\u00bb _builder_version=\u00a0\u00bb3.17.2&Prime; background_color=\u00a0\u00bb#dddddd\u00a0\u00bb follow_button=\u00a0\u00bboff\u00a0\u00bb url_new_window=\u00a0\u00bbon\u00a0\u00bb]linkedin[\/et_pb_social_media_follow_network][\/et_pb_social_media_follow][\/et_pb_column][\/et_pb_row][et_pb_row _builder_version=\u00a0\u00bb3.21.4&Prime;][et_pb_column type=\u00a0\u00bb4_4&Prime; _builder_version=\u00a0\u00bb3.21.4&Prime;][et_pb_shop type=\u00a0\u00bbfeatured\u00a0\u00bb posts_number=\u00a0\u00bb3&Prime; columns_number=\u00a0\u00bb3&Prime; _builder_version=\u00a0\u00bb3.21.4&Prime;][\/et_pb_shop][\/et_pb_column][\/et_pb_row][\/et_pb_section]<\/p>\n","protected":false},"excerpt":{"rendered":"<p>&nbsp; LA COMMANDE : \u00a0Quel est le montant des frais de livraison ? Les frais de livraison de votre commande sont de 4,95 \u20ac, quel que soit le nombre d\u2019articles que vous commandez. Les livraisons sont propos\u00e9es uniquement pour la R\u00e9union et France M\u00e9tropolitaine.\u00a0En combien de temps ma commande sera t-elle livr\u00e9e\u00a0? Votre commande sera [&hellip;]<\/p>\n","protected":false},"author":3,"featured_media":0,"parent":0,"menu_order":0,"comment_status":"closed","ping_status":"closed","template":"","meta":{"_et_pb_use_builder":"on","_et_pb_old_content":"","_et_gb_content_width":"","_monsterinsights_skip_tracking":false,"_monsterinsights_sitenote_active":false,"_monsterinsights_sitenote_note":"","_monsterinsights_sitenote_category":0,"jetpack_post_was_ever_published":false,"footnotes":""},"class_list":["post-449","page","type-page","status-publish","hentry"],"yoast_head":"<!-- This site is optimized with the Yoast SEO plugin v27.1.1 - https:\/\/yoast.com\/product\/yoast-seo-wordpress\/ -->\n<title>FAQ<\/title>\n<meta name=\"robots\" content=\"index, follow, max-snippet:-1, max-image-preview:large, max-video-preview:-1\" \/>\n<link rel=\"canonical\" href=\"https:\/\/tibaba-lareunion.com\/?page_id=449\" \/>\n<meta property=\"og:locale\" content=\"fr_FR\" \/>\n<meta property=\"og:type\" content=\"article\" \/>\n<meta property=\"og:title\" content=\"FAQ\" \/>\n<meta property=\"og:url\" content=\"https:\/\/tibaba-lareunion.com\/?page_id=449\" \/>\n<meta property=\"og:site_name\" content=\"Ti Baba La R\u00e9union\" \/>\n<meta property=\"article:publisher\" content=\"https:\/\/www.facebook.com\/tibabalareunion\/?modal=admin_todo_tour\" \/>\n<meta property=\"article:modified_time\" content=\"2019-07-29T19:35:44+00:00\" \/>\n<meta name=\"twitter:card\" content=\"summary_large_image\" \/>\n<meta name=\"twitter:label1\" content=\"Dur\u00e9e de lecture estim\u00e9e\" \/>\n\t<meta name=\"twitter:data1\" content=\"8 minutes\" \/>\n<script type=\"application\/ld+json\" class=\"yoast-schema-graph\">{\"@context\":\"https:\/\/schema.org\",\"@graph\":[{\"@type\":\"WebPage\",\"@id\":\"https:\/\/tibaba-lareunion.com\/?page_id=449\",\"url\":\"https:\/\/tibaba-lareunion.com\/?page_id=449\",\"name\":\"FAQ\",\"isPartOf\":{\"@id\":\"https:\/\/tibaba-lareunion.com\/#website\"},\"datePublished\":\"2018-08-26T14:40:55+00:00\",\"dateModified\":\"2019-07-29T19:35:44+00:00\",\"breadcrumb\":{\"@id\":\"https:\/\/tibaba-lareunion.com\/?page_id=449#breadcrumb\"},\"inLanguage\":\"fr-FR\",\"potentialAction\":[{\"@type\":\"ReadAction\",\"target\":[\"https:\/\/tibaba-lareunion.com\/?page_id=449\"]}]},{\"@type\":\"BreadcrumbList\",\"@id\":\"https:\/\/tibaba-lareunion.com\/?page_id=449#breadcrumb\",\"itemListElement\":[{\"@type\":\"ListItem\",\"position\":1,\"name\":\"Accueil\",\"item\":\"https:\/\/tibaba-lareunion.com\/\"},{\"@type\":\"ListItem\",\"position\":2,\"name\":\"FAQ\"}]},{\"@type\":\"WebSite\",\"@id\":\"https:\/\/tibaba-lareunion.com\/#website\",\"url\":\"https:\/\/tibaba-lareunion.com\/\",\"name\":\"Ti Baba La R\u00e9union\",\"description\":\"Allons bouger !\",\"potentialAction\":[{\"@type\":\"SearchAction\",\"target\":{\"@type\":\"EntryPoint\",\"urlTemplate\":\"https:\/\/tibaba-lareunion.com\/?s={search_term_string}\"},\"query-input\":{\"@type\":\"PropertyValueSpecification\",\"valueRequired\":true,\"valueName\":\"search_term_string\"}}],\"inLanguage\":\"fr-FR\"}]}<\/script>\n<!-- \/ Yoast SEO plugin. -->","yoast_head_json":{"title":"FAQ","robots":{"index":"index","follow":"follow","max-snippet":"max-snippet:-1","max-image-preview":"max-image-preview:large","max-video-preview":"max-video-preview:-1"},"canonical":"https:\/\/tibaba-lareunion.com\/?page_id=449","og_locale":"fr_FR","og_type":"article","og_title":"FAQ","og_url":"https:\/\/tibaba-lareunion.com\/?page_id=449","og_site_name":"Ti Baba La R\u00e9union","article_publisher":"https:\/\/www.facebook.com\/tibabalareunion\/?modal=admin_todo_tour","article_modified_time":"2019-07-29T19:35:44+00:00","twitter_card":"summary_large_image","twitter_misc":{"Dur\u00e9e de lecture estim\u00e9e":"8 minutes"},"schema":{"@context":"https:\/\/schema.org","@graph":[{"@type":"WebPage","@id":"https:\/\/tibaba-lareunion.com\/?page_id=449","url":"https:\/\/tibaba-lareunion.com\/?page_id=449","name":"FAQ","isPartOf":{"@id":"https:\/\/tibaba-lareunion.com\/#website"},"datePublished":"2018-08-26T14:40:55+00:00","dateModified":"2019-07-29T19:35:44+00:00","breadcrumb":{"@id":"https:\/\/tibaba-lareunion.com\/?page_id=449#breadcrumb"},"inLanguage":"fr-FR","potentialAction":[{"@type":"ReadAction","target":["https:\/\/tibaba-lareunion.com\/?page_id=449"]}]},{"@type":"BreadcrumbList","@id":"https:\/\/tibaba-lareunion.com\/?page_id=449#breadcrumb","itemListElement":[{"@type":"ListItem","position":1,"name":"Accueil","item":"https:\/\/tibaba-lareunion.com\/"},{"@type":"ListItem","position":2,"name":"FAQ"}]},{"@type":"WebSite","@id":"https:\/\/tibaba-lareunion.com\/#website","url":"https:\/\/tibaba-lareunion.com\/","name":"Ti Baba La R\u00e9union","description":"Allons bouger !","potentialAction":[{"@type":"SearchAction","target":{"@type":"EntryPoint","urlTemplate":"https:\/\/tibaba-lareunion.com\/?s={search_term_string}"},"query-input":{"@type":"PropertyValueSpecification","valueRequired":true,"valueName":"search_term_string"}}],"inLanguage":"fr-FR"}]}},"jetpack_sharing_enabled":true,"jetpack_shortlink":"https:\/\/wp.me\/PadRu5-7f","_links":{"self":[{"href":"https:\/\/tibaba-lareunion.com\/index.php?rest_route=\/wp\/v2\/pages\/449","targetHints":{"allow":["GET"]}}],"collection":[{"href":"https:\/\/tibaba-lareunion.com\/index.php?rest_route=\/wp\/v2\/pages"}],"about":[{"href":"https:\/\/tibaba-lareunion.com\/index.php?rest_route=\/wp\/v2\/types\/page"}],"author":[{"embeddable":true,"href":"https:\/\/tibaba-lareunion.com\/index.php?rest_route=\/wp\/v2\/users\/3"}],"replies":[{"embeddable":true,"href":"https:\/\/tibaba-lareunion.com\/index.php?rest_route=%2Fwp%2Fv2%2Fcomments&post=449"}],"version-history":[{"count":29,"href":"https:\/\/tibaba-lareunion.com\/index.php?rest_route=\/wp\/v2\/pages\/449\/revisions"}],"predecessor-version":[{"id":5378,"href":"https:\/\/tibaba-lareunion.com\/index.php?rest_route=\/wp\/v2\/pages\/449\/revisions\/5378"}],"wp:attachment":[{"href":"https:\/\/tibaba-lareunion.com\/index.php?rest_route=%2Fwp%2Fv2%2Fmedia&parent=449"}],"curies":[{"name":"wp","href":"https:\/\/api.w.org\/{rel}","templated":true}]}}