{"id":348,"date":"2018-07-04T22:47:42","date_gmt":"2018-07-04T20:47:42","guid":{"rendered":"http:\/\/tibaba-lareunion.com\/?page_id=348"},"modified":"2018-11-20T15:11:54","modified_gmt":"2018-11-20T11:11:54","slug":"mentions-legales","status":"publish","type":"page","link":"https:\/\/tibaba-lareunion.com\/?page_id=348","title":{"rendered":"Mentions l\u00e9gales"},"content":{"rendered":"<p>[et_pb_section bb_built=\u00a0\u00bb1&Prime; fullwidth=\u00a0\u00bbon\u00a0\u00bb _builder_version=\u00a0\u00bb3.0.101&Prime; custom_padding=\u00a0\u00bb0px|0px|0px|0px\u00a0\u00bb next_background_color=\u00a0\u00bb#000000&Prime;][et_pb_fullwidth_header title=\u00a0\u00bbMentions l\u00e9gales \u00a0\u00bb button_one_text=\u00a0\u00bbAccueil\u00a0\u00bb button_one_url=\u00a0\u00bbhttp:\/\/tibaba-lareunion.com\/\u00a0\u00bb _builder_version=\u00a0\u00bb3.0.101&Prime; title_font=\u00a0\u00bbPompiere|||||on|||\u00a0\u00bb title_text_align=\u00a0\u00bbcenter\u00a0\u00bb title_font_size=\u00a0\u00bb60px\u00a0\u00bb title_text_color=\u00a0\u00bb#7ba3e0&Prime; title_letter_spacing=\u00a0\u00bb4px\u00a0\u00bb title_line_height=\u00a0\u00bb1.2em\u00a0\u00bb title_text_shadow_style=\u00a0\u00bbpreset1&Prime; custom_button_one=\u00a0\u00bbon\u00a0\u00bb button_one_text_size=\u00a0\u00bb15px\u00a0\u00bb button_one_text_color=\u00a0\u00bb#7ba3e0&Prime; button_one_bg_color_gradient_start=\u00a0\u00bb#88caf7&Prime; button_one_bg_color_gradient_end=\u00a0\u00bb#ffffff\u00a0\u00bb button_one_bg_color_gradient_type=\u00a0\u00bbradial\u00a0\u00bb button_one_bg_color_gradient_direction_radial=\u00a0\u00bbtop right\u00a0\u00bb button_one_border_width=\u00a0\u00bb1px\u00a0\u00bb button_one_font=\u00a0\u00bbPompiere|||||on|||\u00a0\u00bb button_one_icon=\u00a0\u00bb%%20%%\u00a0\u00bb button_one_letter_spacing_hover=\u00a0\u00bb-1&Prime; button_one_text_shadow_style=\u00a0\u00bbpreset1&Prime; background_layout=\u00a0\u00bblight\u00a0\u00bb background_color=\u00a0\u00bbrgba(255, 255, 255, 0)\u00a0\u00bb button_one_text_size__hover_enabled=\u00a0\u00bboff\u00a0\u00bb button_one_text_size__hover=\u00a0\u00bbnull\u00a0\u00bb button_two_text_size__hover_enabled=\u00a0\u00bboff\u00a0\u00bb button_two_text_size__hover=\u00a0\u00bbnull\u00a0\u00bb button_one_text_color__hover_enabled=\u00a0\u00bboff\u00a0\u00bb button_one_text_color__hover=\u00a0\u00bbnull\u00a0\u00bb button_two_text_color__hover_enabled=\u00a0\u00bboff\u00a0\u00bb button_two_text_color__hover=\u00a0\u00bbnull\u00a0\u00bb button_one_border_width__hover_enabled=\u00a0\u00bboff\u00a0\u00bb button_one_border_width__hover=\u00a0\u00bbnull\u00a0\u00bb button_two_border_width__hover_enabled=\u00a0\u00bboff\u00a0\u00bb button_two_border_width__hover=\u00a0\u00bbnull\u00a0\u00bb button_one_border_color__hover_enabled=\u00a0\u00bboff\u00a0\u00bb button_one_border_color__hover=\u00a0\u00bbnull\u00a0\u00bb button_two_border_color__hover_enabled=\u00a0\u00bboff\u00a0\u00bb button_two_border_color__hover=\u00a0\u00bbnull\u00a0\u00bb button_one_border_radius__hover_enabled=\u00a0\u00bboff\u00a0\u00bb button_one_border_radius__hover=\u00a0\u00bbnull\u00a0\u00bb button_two_border_radius__hover_enabled=\u00a0\u00bboff\u00a0\u00bb button_two_border_radius__hover=\u00a0\u00bbnull\u00a0\u00bb button_one_letter_spacing__hover_enabled=\u00a0\u00bbon\u00a0\u00bb button_one_letter_spacing__hover=\u00a0\u00bb-1&Prime; button_two_letter_spacing__hover_enabled=\u00a0\u00bboff\u00a0\u00bb button_two_letter_spacing__hover=\u00a0\u00bbnull\u00a0\u00bb button_one_bg_color__hover_enabled=\u00a0\u00bboff\u00a0\u00bb button_one_bg_color__hover=\u00a0\u00bbnull\u00a0\u00bb button_two_bg_color__hover_enabled=\u00a0\u00bboff\u00a0\u00bb button_two_bg_color__hover=\u00a0\u00bbnull\u00a0\u00bb]<\/p>\n<p>&nbsp;<\/p>\n<p>[\/et_pb_fullwidth_header][\/et_pb_section][et_pb_section bb_built=\u00a0\u00bb1&Prime; _builder_version=\u00a0\u00bb3.0.101&Prime; custom_padding=\u00a0\u00bb0px|0px|56px|0px\u00a0\u00bb prev_background_color=\u00a0\u00bb#000000&Prime; next_background_color=\u00a0\u00bb#000033&Prime;][et_pb_row _builder_version=\u00a0\u00bb3.0.101&Prime;][et_pb_column type=\u00a0\u00bb4_4&Prime;][et_pb_text _builder_version=\u00a0\u00bb3.0.101&Prime; text_font=\u00a0\u00bbABeeZee||||||||\u00a0\u00bb]<\/p>\n<p style=\"text-align: justify;\">Merci de lire attentivement les pr\u00e9sentes modalit\u00e9s d&rsquo;utilisation du pr\u00e9sent site avant de le parcourir. En vous connectant sur ce site, vous acceptez sans r\u00e9serve les pr\u00e9sentes modalit\u00e9s.<\/p>\n<p style=\"text-align: justify;\"><strong>Raison sociale :<\/strong>\u00a0SAS RENPATT<br \/>\n<strong>Nom commercial:<\/strong>\u00a0Ti Baba La R\u00e9union<\/p>\n<p style=\"text-align: justify;\"><strong>Forme juridique :<\/strong>\u00a0SAS<br \/>\n<strong>Si\u00e8ge social :<\/strong>\u00a053 rue L\u00e9onus Benard\/ 97450 Saint-Louis<br \/>\n<strong>Email:<\/strong>\u00a0tibabalareunion<br \/>\n<strong>N\u00b0 de SIRET :<\/strong>\u00a0841 899 966 00011<\/p>\n<p style=\"text-align: justify;\"><strong>Le site Internet : <\/strong><br \/>\nwww.tibaba-lareunion.com est le site internet de la soci\u00e9t\u00e9 SAS RENPATT<br \/>\nDirecteur de publication : C\u00e9cile Pattiama<br \/>\nResponsable de la r\u00e9daction: C\u00e9cile Pattiama<br \/>\nH\u00e9bergement Web :\u00a0OVH<\/p>\n<p style=\"text-align: left;\"><strong>OVH<\/strong><br \/>\n<strong> 2 RUE KELLERMANN\u00a0<\/strong><br \/>\n<strong> 59100 ROUBAIX<\/strong><\/p>\n<p style=\"text-align: justify;\"><strong>Limitation de responsabilit\u00e9<\/strong><\/p>\n<p style=\"text-align: justify;\">Les informations contenues sur ce site sont aussi pr\u00e9cises que possibles et le site est p\u00e9riodiquement remis \u00e0 jour, mais peut toutefois contenir des inexactitudes, des omissions ou des lacunes. Si vous constatez une lacune, erreur ou ce qui parait \u00eatre un dysfonctionnement, merci de bien vouloir le signaler par\u00a0<a href=\"http:\/\/tibaba-lareunion.com\/contact\/\">email<\/a> en d\u00e9crivant le probl\u00e8me de la mani\u00e8re la plus pr\u00e9cise possible (page posant probl\u00e8me, action d\u00e9clenchant, type d\u2019ordinateur et de navigateur utilis\u00e9, etc.)<\/p>\n<p>Tout contenu t\u00e9l\u00e9charg\u00e9 se fait aux risques et p\u00e9rils de l&rsquo;utilisateur et sous sa seule responsabilit\u00e9. En cons\u00e9quence, Ti Baba La R\u00e9union ne saurait \u00eatre tenu responsable d&rsquo;un quelconque dommage subi par l&rsquo;ordinateur de l&rsquo;utilisateur ou d&rsquo;une quelconque perte de donn\u00e9es cons\u00e9cutives au t\u00e9l\u00e9chargement.<a href=\"https:\/\/www.site-internet-qualite.fr\/\">\u00a0<\/a>\u00a0<a href=\"http:\/\/www.natural-net.fr\/\">\u00a0<\/a><\/p>\n<p><strong>Les photos sont non contractuelles<\/strong><\/p>\n<p>Les liens hypertextes mis en place dans le cadre du pr\u00e9sent site Internet en direction d&rsquo;autres ressources pr\u00e9sentes sur le r\u00e9seau Internet ne sauraient engager la responsabilit\u00e9 de Ti Baba La R\u00e9union.<\/p>\n<p style=\"text-align: justify;\"><strong>Litiges<\/strong><\/p>\n<p style=\"text-align: justify;\">Les pr\u00e9sentes conditions sont r\u00e9gies par les lois fran\u00e7aises et toute contestation ou litiges qui pourraient na\u00eetre de l&rsquo;interpr\u00e9tation ou de l&rsquo;ex\u00e9cution de celles-ci seront de la comp\u00e9tence exclusive des tribunaux dont d\u00e9pend le si\u00e8ge social de la soci\u00e9t\u00e9 Ti Baba La R\u00e9union. La langue de r\u00e9f\u00e9rence, pour le r\u00e8glement de contentieux \u00e9ventuels, est le fran\u00e7ais.<\/p>\n<p style=\"text-align: justify;\"><strong>Confidentialit\u00e9<\/strong><\/p>\n<p>Toutes informations recueillies sur le site web www.tibaba-lareunion.com se font dans le cadre des besoins li\u00e9s \u00e0 l&rsquo;utilisation de notre plateforme, tels que le formulaire de commande.<\/p>\n<p>Ti Baba La R\u00e9union s&rsquo;engage \u00e0 ne c\u00e9der en aucun cas les informations concernant les utilisateurs du site Internet, de quelque fa\u00e7on qu&rsquo;il soit (vente, \u00e9change, pr\u00eat, location, don).<\/p>\n<p>Conform\u00e9ment \u00e0 la loi \u00ab informatique et libert\u00e9s \u00bb du 6 janvier 1978 modifi\u00e9e en 2004, l\u2019utilisateur b\u00e9n\u00e9ficie d\u2019un droit d\u2019acc\u00e8s et de rectification aux informations le concernant, droit qu\u2019il peut exercer \u00e0 tout moment en adressant un mail \u00e0 l\u2019adresse contact@tibaba-lareunion.com, ou en effectuant sa demande par courrier, \u00e0 l\u2019adresse suivante : 53 rue L\u00e9onus Benard 97450 Saint-Louis<\/p>\n<p style=\"text-align: justify;\"><strong>Propri\u00e9t\u00e9 intellectuelle<\/strong><\/p>\n<p style=\"text-align: justify;\">Tout le contenu du pr\u00e9sent site, incluant, de fa\u00e7on non limitative, les graphismes, images, textes, vid\u00e9os, animations, sons, logos, gifs et ic\u00f4nes ainsi que leur mise en forme sont la propri\u00e9t\u00e9 exclusive de la soci\u00e9t\u00e9 Ti Baba La R\u00e9union \u00e0 l&rsquo;exception des marques, logos ou contenus appartenant \u00e0 d&rsquo;autres soci\u00e9t\u00e9s partenaires ou auteurs.<br \/>\nToute reproduction, distribution, modification, adaptation, retransmission ou publication, m\u00eame partielle, de ces diff\u00e9rents \u00e9l\u00e9ments est strictement interdite sans l&rsquo;accord expr\u00e8s par \u00e9crit de Ti Baba La R\u00e9union. Cette repr\u00e9sentation ou reproduction, par quelque proc\u00e9d\u00e9 que ce soit, constitue une contrefa\u00e7on sanctionn\u00e9e par les articles L.3335-2 et suivants du Code de la propri\u00e9t\u00e9 intellectuelle. Le non-respect de cette interdiction constitue une contrefa\u00e7on pouvant engager la responsabilit\u00e9 civile et p\u00e9nale du contrefacteur. En outre, les propri\u00e9taires des Contenus copi\u00e9s pourraient intenter une action en justice \u00e0 votre encontre.<\/p>\n<p>Ti Baba La R\u00e9union est identiquement propri\u00e9taire des \u00ab\u00a0droits des producteurs de bases de donn\u00e9es\u00a0\u00bb vis\u00e9s au Livre III, Titre IV, du Code de la Propri\u00e9t\u00e9 Intellectuelle (loi n\u00b0 98-536 du 1er juillet 1998) relative aux droits d&rsquo;auteur et aux bases de donn\u00e9es.<\/p>\n<p style=\"text-align: justify;\">Les utilisateurs et visiteurs du site Internet peuvent mettre en place un hyperlien en direction de ce site, mais uniquement en direction de la page d\u2019accueil, accessible \u00e0 l\u2019URL suivante : www.tibaba-lareunion.com, \u00e0 condition que ce lien s\u2019ouvre dans une nouvelle fen\u00eatre. En particulier un lien vers une sous page (\u00ab lien profond \u00bb) est interdit, ainsi que l\u2019ouverture du pr\u00e9sent site au sein d\u2019un cadre (\u00ab framing \u00bb), sauf l&rsquo;autorisation expresse et pr\u00e9alable de Ti Baba La R\u00e9union.<\/p>\n<p><strong>Cookies<\/strong><\/p>\n<p style=\"text-align: justify;\">Pour des besoins de statistiques et d&rsquo;affichage, le pr\u00e9sent site utilise des cookies. Il s&rsquo;agit de petits fichiers textes stock\u00e9s sur votre disque dur afin d&rsquo;enregistrer des donn\u00e9es techniques sur votre navigation. Certaines parties de ce site ne peuvent \u00eatre fonctionnelle sans l\u2019acceptation de cookies.<\/p>\n<p>[\/et_pb_text][\/et_pb_column][\/et_pb_row][\/et_pb_section][et_pb_section bb_built=\u00a0\u00bb1&Prime; _builder_version=\u00a0\u00bb3.0.101&Prime; background_color=\u00a0\u00bb#000033&Prime; custom_padding=\u00a0\u00bb0px|0px|0px|0px\u00a0\u00bb prev_background_color=\u00a0\u00bb#ffffff\u00a0\u00bb global_module=\u00a0\u00bb827&Prime;][et_pb_row global_parent=\u00a0\u00bb827&Prime; make_fullwidth=\u00a0\u00bbon\u00a0\u00bb custom_width_px=\u00a0\u00bb1062px\u00a0\u00bb custom_padding=\u00a0\u00bb16px|0px|31px|0px\u00a0\u00bb _builder_version=\u00a0\u00bb3.0.101&Prime; background_size=\u00a0\u00bbinitial\u00a0\u00bb background_position=\u00a0\u00bbtop_left\u00a0\u00bb background_repeat=\u00a0\u00bbrepeat\u00a0\u00bb module_alignment=\u00a0\u00bbcenter\u00a0\u00bb][et_pb_column type=\u00a0\u00bb1_3&Prime;][et_pb_text global_parent=\u00a0\u00bb827&Prime; _builder_version=\u00a0\u00bb3.0.101&Prime; text_font=\u00a0\u00bbPompiere|||||on|||\u00a0\u00bb text_font_size=\u00a0\u00bb27px\u00a0\u00bb text_letter_spacing=\u00a0\u00bb2px\u00a0\u00bb text_line_height=\u00a0\u00bb1.3em\u00a0\u00bb link_font=\u00a0\u00bb||||||||\u00a0\u00bb text_orientation=\u00a0\u00bbcenter\u00a0\u00bb background_layout=\u00a0\u00bbdark\u00a0\u00bb custom_margin=\u00a0\u00bb||10px|\u00a0\u00bb]<\/p>\n<p style=\"text-align: left;\">Service client<\/p>\n<p>[\/et_pb_text][et_pb_text global_parent=\u00a0\u00bb827&Prime; _builder_version=\u00a0\u00bb3.0.101&Prime;]<\/p>\n<p style=\"text-align: left;\"><span style=\"color: #ffffff;\"><a style=\"color: #ffffff;\" href=\"http:\/\/tibaba-lareunion.com\/faq\/\">FAQ<\/a><\/span><br \/>\n<span style=\"color: #ffffff;\"> <a style=\"color: #ffffff;\" href=\"http:\/\/tibaba-lareunion.com\/contact\/\">Contactez-nous<\/a><\/span><br \/>\n<span style=\"color: #ffffff;\"> <a style=\"color: #ffffff;\" href=\"http:\/\/tibaba-lareunion.com\/livraison-et-retour\/\"> Livraison &amp; Retour<\/a><\/span><br \/>\n<span style=\"color: #ffffff;\"> <a style=\"color: #ffffff;\" href=\"http:\/\/tibaba-lareunion.com\/conditions-de-vente\/\"> Conditions g\u00e9n\u00e9rales de vente<\/a><\/span><\/p>\n<p>[\/et_pb_text][\/et_pb_column][et_pb_column type=\u00a0\u00bb1_3&Prime;][et_pb_text global_parent=\u00a0\u00bb827&Prime; _builder_version=\u00a0\u00bb3.0.101&Prime; text_font=\u00a0\u00bbPompiere|||||on|||\u00a0\u00bb text_font_size=\u00a0\u00bb27px\u00a0\u00bb text_letter_spacing=\u00a0\u00bb2px\u00a0\u00bb text_line_height=\u00a0\u00bb1.3em\u00a0\u00bb link_font=\u00a0\u00bb||||||||\u00a0\u00bb text_orientation=\u00a0\u00bbcenter\u00a0\u00bb background_layout=\u00a0\u00bbdark\u00a0\u00bb custom_margin=\u00a0\u00bb||5px|\u00a0\u00bb]<\/p>\n<p style=\"text-align: left;\">A Propos<\/p>\n<p>[\/et_pb_text][et_pb_text global_parent=\u00a0\u00bb827&Prime; _builder_version=\u00a0\u00bb3.0.101&Prime; text_font=\u00a0\u00bbPompiere||||||||\u00a0\u00bb header_font=\u00a0\u00bbPompiere||||||||\u00a0\u00bb background_layout=\u00a0\u00bbdark\u00a0\u00bb]<\/p>\n<p style=\"text-align: left;\"><span style=\"color: #ffffff;\"><a style=\"color: #ffffff;\" href=\"http:\/\/tibaba-lareunion.com\/la-marque\/\">La marque<\/a><\/span><br \/>\n<span style=\"color: #ffffff;\"> <a style=\"color: #ffffff;\" href=\"http:\/\/tibaba-lareunion.com\/blog\/\">Blog<\/a><\/span><br \/>\n<span style=\"color: #ffffff;\"> <a style=\"color: #ffffff;\" href=\"http:\/\/tibaba-lareunion.com\/guide-des-tailles\/\"> Guide des tailles<\/a><\/span><br \/>\n<span style=\"color: #ffffff;\"> <a style=\"color: #ffffff;\" href=\" http:\/\/tibaba-lareunion.com\/mentions-legales\/\"> Mentions l\u00e9gales<\/a><\/span><\/p>\n<p>[\/et_pb_text][\/et_pb_column][et_pb_column type=\u00a0\u00bb1_3&Prime;][et_pb_text global_parent=\u00a0\u00bb827&Prime; _builder_version=\u00a0\u00bb3.0.101&Prime; text_font=\u00a0\u00bbPompiere|||||on|||\u00a0\u00bb text_font_size=\u00a0\u00bb27px\u00a0\u00bb text_letter_spacing=\u00a0\u00bb2px\u00a0\u00bb text_line_height=\u00a0\u00bb1.3em\u00a0\u00bb background_layout=\u00a0\u00bbdark\u00a0\u00bb custom_margin=\u00a0\u00bb||10px|\u00a0\u00bb]<\/p>\n<p style=\"text-align: justify;\">Suivez- nous<\/p>\n<p>[\/et_pb_text][et_pb_social_media_follow global_parent=\u00a0\u00bb827&Prime; _builder_version=\u00a0\u00bb3.17.2&Prime;][et_pb_social_media_follow_network social_network=\u00a0\u00bbfacebook\u00a0\u00bb url=\u00a0\u00bbhttps:\/\/www.facebook.com\/TiBabaReunion\/\u00a0\u00bb _builder_version=\u00a0\u00bb3.17.2&Prime; background_color=\u00a0\u00bb#dddddd\u00a0\u00bb follow_button=\u00a0\u00bboff\u00a0\u00bb url_new_window=\u00a0\u00bbon\u00a0\u00bb]facebook[\/et_pb_social_media_follow_network][et_pb_social_media_follow_network social_network=\u00a0\u00bbinstagram\u00a0\u00bb url=\u00a0\u00bbhttps:\/\/www.instagram.com\/tibabalareunion\/\u00a0\u00bb _builder_version=\u00a0\u00bb3.17.2&Prime; background_color=\u00a0\u00bb#dddddd\u00a0\u00bb follow_button=\u00a0\u00bboff\u00a0\u00bb url_new_window=\u00a0\u00bbon\u00a0\u00bb]instagram[\/et_pb_social_media_follow_network][et_pb_social_media_follow_network social_network=\u00a0\u00bbpinterest\u00a0\u00bb _builder_version=\u00a0\u00bb3.0.101&Prime; background_color=\u00a0\u00bb#dddddd\u00a0\u00bb follow_button=\u00a0\u00bboff\u00a0\u00bb url_new_window=\u00a0\u00bbon\u00a0\u00bb]pinterest[\/et_pb_social_media_follow_network][et_pb_social_media_follow_network social_network=\u00a0\u00bblinkedin\u00a0\u00bb url=\u00a0\u00bbhttps:\/\/www.linkedin.com\/company\/tibabalareunion\/\u00a0\u00bb _builder_version=\u00a0\u00bb3.17.2&Prime; background_color=\u00a0\u00bb#dddddd\u00a0\u00bb follow_button=\u00a0\u00bboff\u00a0\u00bb url_new_window=\u00a0\u00bbon\u00a0\u00bb]linkedin[\/et_pb_social_media_follow_network][\/et_pb_social_media_follow][\/et_pb_column][\/et_pb_row][\/et_pb_section]<\/p>\n","protected":false},"excerpt":{"rendered":"<p>&nbsp; Merci de lire attentivement les pr\u00e9sentes modalit\u00e9s d&rsquo;utilisation du pr\u00e9sent site avant de le parcourir. En vous connectant sur ce site, vous acceptez sans r\u00e9serve les pr\u00e9sentes modalit\u00e9s. Raison sociale :\u00a0SAS RENPATT Nom commercial:\u00a0Ti Baba La R\u00e9union Forme juridique :\u00a0SAS Si\u00e8ge social :\u00a053 rue L\u00e9onus Benard\/ 97450 Saint-Louis Email:\u00a0tibabalareunion N\u00b0 de SIRET :\u00a0841 899 [&hellip;]<\/p>\n","protected":false},"author":3,"featured_media":0,"parent":0,"menu_order":0,"comment_status":"closed","ping_status":"closed","template":"","meta":{"_et_pb_use_builder":"on","_et_pb_old_content":"","_et_gb_content_width":"","_monsterinsights_skip_tracking":false,"_monsterinsights_sitenote_active":false,"_monsterinsights_sitenote_note":"","_monsterinsights_sitenote_category":0,"jetpack_post_was_ever_published":false,"footnotes":""},"class_list":["post-348","page","type-page","status-publish","hentry"],"yoast_head":"<!-- This site is optimized with the Yoast SEO plugin v27.1.1 - https:\/\/yoast.com\/product\/yoast-seo-wordpress\/ -->\n<title>Mentions l\u00e9gales<\/title>\n<meta name=\"robots\" content=\"index, follow, max-snippet:-1, max-image-preview:large, max-video-preview:-1\" \/>\n<link rel=\"canonical\" href=\"https:\/\/tibaba-lareunion.com\/?page_id=348\" \/>\n<meta property=\"og:locale\" content=\"fr_FR\" \/>\n<meta property=\"og:type\" content=\"article\" \/>\n<meta property=\"og:title\" content=\"Mentions l\u00e9gales\" \/>\n<meta property=\"og:url\" content=\"https:\/\/tibaba-lareunion.com\/?page_id=348\" \/>\n<meta property=\"og:site_name\" content=\"Ti Baba La R\u00e9union\" \/>\n<meta property=\"article:publisher\" content=\"https:\/\/www.facebook.com\/tibabalareunion\/?modal=admin_todo_tour\" \/>\n<meta property=\"article:modified_time\" content=\"2018-11-20T11:11:54+00:00\" \/>\n<meta name=\"twitter:card\" content=\"summary_large_image\" \/>\n<meta name=\"twitter:label1\" content=\"Dur\u00e9e de lecture estim\u00e9e\" \/>\n\t<meta name=\"twitter:data1\" content=\"8 minutes\" \/>\n<script type=\"application\/ld+json\" class=\"yoast-schema-graph\">{\"@context\":\"https:\/\/schema.org\",\"@graph\":[{\"@type\":\"WebPage\",\"@id\":\"https:\/\/tibaba-lareunion.com\/?page_id=348\",\"url\":\"https:\/\/tibaba-lareunion.com\/?page_id=348\",\"name\":\"Mentions l\u00e9gales\",\"isPartOf\":{\"@id\":\"https:\/\/tibaba-lareunion.com\/#website\"},\"datePublished\":\"2018-07-04T20:47:42+00:00\",\"dateModified\":\"2018-11-20T11:11:54+00:00\",\"breadcrumb\":{\"@id\":\"https:\/\/tibaba-lareunion.com\/?page_id=348#breadcrumb\"},\"inLanguage\":\"fr-FR\",\"potentialAction\":[{\"@type\":\"ReadAction\",\"target\":[\"https:\/\/tibaba-lareunion.com\/?page_id=348\"]}]},{\"@type\":\"BreadcrumbList\",\"@id\":\"https:\/\/tibaba-lareunion.com\/?page_id=348#breadcrumb\",\"itemListElement\":[{\"@type\":\"ListItem\",\"position\":1,\"name\":\"Accueil\",\"item\":\"https:\/\/tibaba-lareunion.com\/\"},{\"@type\":\"ListItem\",\"position\":2,\"name\":\"Mentions l\u00e9gales\"}]},{\"@type\":\"WebSite\",\"@id\":\"https:\/\/tibaba-lareunion.com\/#website\",\"url\":\"https:\/\/tibaba-lareunion.com\/\",\"name\":\"Ti Baba La R\u00e9union\",\"description\":\"Allons bouger !\",\"potentialAction\":[{\"@type\":\"SearchAction\",\"target\":{\"@type\":\"EntryPoint\",\"urlTemplate\":\"https:\/\/tibaba-lareunion.com\/?s={search_term_string}\"},\"query-input\":{\"@type\":\"PropertyValueSpecification\",\"valueRequired\":true,\"valueName\":\"search_term_string\"}}],\"inLanguage\":\"fr-FR\"}]}<\/script>\n<!-- \/ Yoast SEO plugin. -->","yoast_head_json":{"title":"Mentions l\u00e9gales","robots":{"index":"index","follow":"follow","max-snippet":"max-snippet:-1","max-image-preview":"max-image-preview:large","max-video-preview":"max-video-preview:-1"},"canonical":"https:\/\/tibaba-lareunion.com\/?page_id=348","og_locale":"fr_FR","og_type":"article","og_title":"Mentions l\u00e9gales","og_url":"https:\/\/tibaba-lareunion.com\/?page_id=348","og_site_name":"Ti Baba La R\u00e9union","article_publisher":"https:\/\/www.facebook.com\/tibabalareunion\/?modal=admin_todo_tour","article_modified_time":"2018-11-20T11:11:54+00:00","twitter_card":"summary_large_image","twitter_misc":{"Dur\u00e9e de lecture estim\u00e9e":"8 minutes"},"schema":{"@context":"https:\/\/schema.org","@graph":[{"@type":"WebPage","@id":"https:\/\/tibaba-lareunion.com\/?page_id=348","url":"https:\/\/tibaba-lareunion.com\/?page_id=348","name":"Mentions l\u00e9gales","isPartOf":{"@id":"https:\/\/tibaba-lareunion.com\/#website"},"datePublished":"2018-07-04T20:47:42+00:00","dateModified":"2018-11-20T11:11:54+00:00","breadcrumb":{"@id":"https:\/\/tibaba-lareunion.com\/?page_id=348#breadcrumb"},"inLanguage":"fr-FR","potentialAction":[{"@type":"ReadAction","target":["https:\/\/tibaba-lareunion.com\/?page_id=348"]}]},{"@type":"BreadcrumbList","@id":"https:\/\/tibaba-lareunion.com\/?page_id=348#breadcrumb","itemListElement":[{"@type":"ListItem","position":1,"name":"Accueil","item":"https:\/\/tibaba-lareunion.com\/"},{"@type":"ListItem","position":2,"name":"Mentions l\u00e9gales"}]},{"@type":"WebSite","@id":"https:\/\/tibaba-lareunion.com\/#website","url":"https:\/\/tibaba-lareunion.com\/","name":"Ti Baba La R\u00e9union","description":"Allons bouger !","potentialAction":[{"@type":"SearchAction","target":{"@type":"EntryPoint","urlTemplate":"https:\/\/tibaba-lareunion.com\/?s={search_term_string}"},"query-input":{"@type":"PropertyValueSpecification","valueRequired":true,"valueName":"search_term_string"}}],"inLanguage":"fr-FR"}]}},"jetpack_sharing_enabled":true,"jetpack_shortlink":"https:\/\/wp.me\/PadRu5-5C","_links":{"self":[{"href":"https:\/\/tibaba-lareunion.com\/index.php?rest_route=\/wp\/v2\/pages\/348","targetHints":{"allow":["GET"]}}],"collection":[{"href":"https:\/\/tibaba-lareunion.com\/index.php?rest_route=\/wp\/v2\/pages"}],"about":[{"href":"https:\/\/tibaba-lareunion.com\/index.php?rest_route=\/wp\/v2\/types\/page"}],"author":[{"embeddable":true,"href":"https:\/\/tibaba-lareunion.com\/index.php?rest_route=\/wp\/v2\/users\/3"}],"replies":[{"embeddable":true,"href":"https:\/\/tibaba-lareunion.com\/index.php?rest_route=%2Fwp%2Fv2%2Fcomments&post=348"}],"version-history":[{"count":14,"href":"https:\/\/tibaba-lareunion.com\/index.php?rest_route=\/wp\/v2\/pages\/348\/revisions"}],"predecessor-version":[{"id":2655,"href":"https:\/\/tibaba-lareunion.com\/index.php?rest_route=\/wp\/v2\/pages\/348\/revisions\/2655"}],"wp:attachment":[{"href":"https:\/\/tibaba-lareunion.com\/index.php?rest_route=%2Fwp%2Fv2%2Fmedia&parent=348"}],"curies":[{"name":"wp","href":"https:\/\/api.w.org\/{rel}","templated":true}]}}